{"id":9094,"date":"2022-12-21T18:53:48","date_gmt":"2022-12-21T18:53:48","guid":{"rendered":"https:\/\/www.fjeldskaar.com\/?page_id=9094"},"modified":"2023-01-22T21:34:09","modified_gmt":"2023-01-22T21:34:09","slug":"albert-lunde","status":"publish","type":"page","link":"https:\/\/www.fjeldskaar.com\/nb_no\/besteforeldre\/albert-lunde\/","title":{"rendered":"Albert Lunde"},"content":{"rendered":"<p style=\"text-align: center;\"><strong><span style=\"font-size: 24pt; font-family: 'Great Vibes';\">Albert Lunde<\/span><\/strong><\/p>\n<p><span style=\"font-size: 14pt;\"><strong><img loading=\"lazy\" decoding=\"async\" class=\"size-medium wp-image-9098 alignleft\" src=\"https:\/\/www.fjeldskaar.com\/wp-content\/uploads\/2022\/12\/standard_OB.F06200b-239x300.jpg\" alt=\"\" width=\"239\" height=\"300\" srcset=\"https:\/\/www.fjeldskaar.com\/wp-content\/uploads\/2022\/12\/standard_OB.F06200b-239x300.jpg 239w, https:\/\/www.fjeldskaar.com\/wp-content\/uploads\/2022\/12\/standard_OB.F06200b-814x1024.jpg 814w, https:\/\/www.fjeldskaar.com\/wp-content\/uploads\/2022\/12\/standard_OB.F06200b-768x966.jpg 768w, https:\/\/www.fjeldskaar.com\/wp-content\/uploads\/2022\/12\/standard_OB.F06200b-10x12.jpg 10w, https:\/\/www.fjeldskaar.com\/wp-content\/uploads\/2022\/12\/standard_OB.F06200b.jpg 954w\" sizes=\"auto, (max-width: 239px) 100vw, 239px\" \/><\/strong><\/span><\/p>\n<p>&nbsp;<\/p>\n<p><span style=\"font-size: 14pt;\"><strong>Albert Lunde<\/strong><\/span> (f\u00f8dt 26. november 1877 i Vanse, d\u00f8d 30. januar 1939 i Oslo) var en norsk lekpredikant, og en av Nordens fremste predikanter. Han var ogs\u00e5 forfatter som forkynte b\u00e5de i USA, Norge og i store deler av Skandinavia. Han var formann i Evangelisk Orientmisjon fra 1917 til 1937. I 1895 var han i Amerika og h\u00f8rte bl.a. D. L. Moody tale. Lunde ble sterkt grepet av budskapet. Under en gudstjeneste i Frelsesarmeens skandinaviske menighet i Chicago ble han omvendt. I 1901 kom han hjem til Norge og i 1905 hadde han m\u00f8ter i Hausmannsgatens bedehus og i Calmeyergatens misjonshus i Kristiania.<\/p>\n<p><b>Calmeyergatens Misjonshus<\/b> var et forsamlingslokale for evangeliske m\u00f8ter i\u00a0Hausmannskvartalene\u00a0i\u00a0Oslo\u00a0(dagens adresse er\u00a0Calmeyers gate\u00a05). Det ga plass til en rekke store m\u00f8ter, blant annet samlet vekkelsene i 1905 og 1906 fullt hus kveld etter kveld. Ogs\u00e5\u00a0Christian Michelsen\u00a0talte der i 1905. I regi av\u00a0Studentersamfundet\u00a0holdt\u00a0Rudolf Steiner foredraget \u00abDe h\u00f8yere verdeners virkelighet\u00bb her den 25. november 1919 for mer enn to tusen tilh\u00f8rere.\u00a0<sup id=\"cite_ref-Oslogruppen_2-0\" class=\"reference\"><\/sup>Lokalet var ogs\u00e5 m\u00f8teplass for det ber\u00f8mte\u00a0Calmeyergatem\u00f8tet\u00a0i 1920 under striden mellom\u00a0liberal\u00a0og\u00a0ortodoks\u00a0teologi.<\/p>\n<p>&nbsp;<\/p>\n<p><strong><span style=\"font-size: 24pt; font-family: 'Great Vibes';\"><img loading=\"lazy\" decoding=\"async\" class=\"alignnone size-medium wp-image-9239\" src=\"https:\/\/www.fjeldskaar.com\/wp-content\/uploads\/2023\/01\/calmeyer-300x249.png\" alt=\"\" width=\"300\" height=\"249\" srcset=\"https:\/\/www.fjeldskaar.com\/wp-content\/uploads\/2023\/01\/calmeyer-300x249.png 300w, https:\/\/www.fjeldskaar.com\/wp-content\/uploads\/2023\/01\/calmeyer-14x12.png 14w, https:\/\/www.fjeldskaar.com\/wp-content\/uploads\/2023\/01\/calmeyer.png 367w\" sizes=\"auto, (max-width: 300px) 100vw, 300px\" \/><\/span><\/strong><\/p>\n<p>&nbsp;<\/p>\n<p>&nbsp;<\/p>\n<div class=\"pdfprnt-buttons pdfprnt-buttons-page pdfprnt-bottom-right\"><a href=\"https:\/\/www.fjeldskaar.com\/nb_no\/wp-json\/wp\/v2\/pages\/9094?print=print\" class=\"pdfprnt-button pdfprnt-button-print\" target=\"_blank\"><img decoding=\"async\" src=\"https:\/\/www.fjeldskaar.com\/wp-content\/plugins\/pdf-print\/images\/print.png\" alt=\"image_print\" title=\"Print Content\" \/><span class=\"pdfprnt-button-title pdfprnt-button-print-title\">print<\/span><\/a><\/div>","protected":false},"excerpt":{"rendered":"<p>Albert Lunde &nbsp; Albert Lunde (f\u00f8dt 26. november 1877 i Vanse, d\u00f8d 30. januar 1939 i Oslo) var en norsk lekpredikant, og en av Nordens fremste predikanter. Han var ogs\u00e5 forfatter som forkynte b\u00e5de i USA, Norge og i store deler av Skandinavia. Han var formann i Evangelisk Orientmisjon fra 1917 til 1937. I 1895 [&hellip;]<\/p>\n","protected":false},"author":1,"featured_media":0,"parent":166,"menu_order":0,"comment_status":"closed","ping_status":"closed","template":"","meta":{"footnotes":""},"class_list":["post-9094","page","type-page","status-publish","hentry"],"_links":{"self":[{"href":"https:\/\/www.fjeldskaar.com\/nb_no\/wp-json\/wp\/v2\/pages\/9094","targetHints":{"allow":["GET"]}}],"collection":[{"href":"https:\/\/www.fjeldskaar.com\/nb_no\/wp-json\/wp\/v2\/pages"}],"about":[{"href":"https:\/\/www.fjeldskaar.com\/nb_no\/wp-json\/wp\/v2\/types\/page"}],"author":[{"embeddable":true,"href":"https:\/\/www.fjeldskaar.com\/nb_no\/wp-json\/wp\/v2\/users\/1"}],"replies":[{"embeddable":true,"href":"https:\/\/www.fjeldskaar.com\/nb_no\/wp-json\/wp\/v2\/comments?post=9094"}],"version-history":[{"count":10,"href":"https:\/\/www.fjeldskaar.com\/nb_no\/wp-json\/wp\/v2\/pages\/9094\/revisions"}],"predecessor-version":[{"id":9242,"href":"https:\/\/www.fjeldskaar.com\/nb_no\/wp-json\/wp\/v2\/pages\/9094\/revisions\/9242"}],"up":[{"embeddable":true,"href":"https:\/\/www.fjeldskaar.com\/nb_no\/wp-json\/wp\/v2\/pages\/166"}],"wp:attachment":[{"href":"https:\/\/www.fjeldskaar.com\/nb_no\/wp-json\/wp\/v2\/media?parent=9094"}],"curies":[{"name":"wp","href":"https:\/\/api.w.org\/{rel}","templated":true}]}}