{"id":8605,"date":"2021-05-17T09:47:03","date_gmt":"2021-05-17T09:47:03","guid":{"rendered":"https:\/\/www.fjeldskaar.com\/?page_id=8605"},"modified":"2021-05-17T10:42:41","modified_gmt":"2021-05-17T10:42:41","slug":"familysearch","status":"publish","type":"page","link":"https:\/\/www.fjeldskaar.com\/nb_no\/villumsen\/fra-kirkebokene\/kilder\/familysearch\/","title":{"rendered":"FamilySearch"},"content":{"rendered":"<p style=\"text-align: center;\"><span style=\"color: #806239;\"><strong><span style=\"font-size: 30pt; font-family: 'Great Vibes';\">FamilySearch<\/span><\/strong><\/span><\/p>\n<p><span style=\"color: #f7efd0;\">.<\/span><\/p>\n<p><a href=\"https:\/\/www.familysearch.org\/\"><img loading=\"lazy\" decoding=\"async\" class=\"alignleft wp-image-8607 size-medium\" src=\"https:\/\/www.fjeldskaar.com\/wp-content\/uploads\/2021\/05\/download-12-300x115.png\" alt=\"\" width=\"300\" height=\"115\" srcset=\"https:\/\/www.fjeldskaar.com\/wp-content\/uploads\/2021\/05\/download-12-300x115.png 300w, https:\/\/www.fjeldskaar.com\/wp-content\/uploads\/2021\/05\/download-12.png 500w\" sizes=\"auto, (max-width: 300px) 100vw, 300px\" \/><\/a>I arbeidet med Fjeldskaar-slekten, har FamilySearch v\u00e6rt et sv\u00e6rt nyttig verkt\u00f8y. Her kan man legge inn data om sin egen slekt, og nytte seg av relevant slektsforskning utf\u00f8rt av andre eller av registreringer gjort av FamilySearch (fra kirkeb\u00f8ker eller folketellinger). N\u00e5r det gjelder mer detaljer om Fjeldskaar-slekten, s\u00e5 kan det henvises til\u00a0 FamilySearch. Her ligger lagret mer detaljer om f\u00f8dsels\u00e5r, d\u00f8ds\u00e5r, gifterm\u00e5l, slektsrelasjoner, og ogs\u00e5 detaljer i slektshistorien lenger tilbake enn det som har v\u00e6rt v\u00e5rt hovedfokus i dette nettstedet.<\/p>\n<p>FamilySearch er en ideell genealogisk organisasjon som i vesentlig utstrekning drives gjennom frivillig arbeid. Organisasjonen sponses av Jesu Kristi Kirke av Siste Dagers Hellige (Mormonkirken). De har siden slutten av 1800-tallet brukt store \u00f8konomiske og menneskelige ressurser for \u00e5 bygge opp slektshistoriske bibliotek som gj\u00f8r genealogiske kilder tilgjengelig gratis for publikum. Hovedbiblioteket i Salt Lake City, \u00abFamily History Library\u00bb, er verdens st\u00f8rste slektshistoriske bibliotek.<\/p>\n<p style=\"text-align: left;\">Man trenger \u00e5 logge seg p\u00e5 for \u00e5 benytte seg av ressursene i FamilySearch (trykk p\u00e5 logoen ovenfor). For \u00e5 logge seg p\u00e5, trenger man bare minimalt med personopplysninger, en email adresse, et brukernavn og et selvvalgt passord. Kommersielle slektshistoriske akt\u00f8rer krever betaling for sine tjenester, mens FamilySearch sine ressurser er gratis. Det er gratis \u00e5 registrere seg og gratis \u00e5 v\u00e6re bruker p\u00e5 FamilySearch.<\/p>\n<p>Det finnes flere typer visning p\u00e5 slektstr\u00e6r, enten den tradisjonelle \u2013 sidelengs \u00a0(landscape) eller vertikal (portrait) \u2013 eller en vifteformet tavle (fan chart) som det blir pene utskrifter av. Eksempler p\u00e5 disse nedenfor:<\/p>\n<p>&nbsp;<\/p>\n<p><a href=\"https:\/\/www.fjeldskaar.com\/wp-content\/uploads\/2021\/05\/korneliusped-1.png\"><img loading=\"lazy\" decoding=\"async\" class=\"aligncenter wp-image-8616\" src=\"https:\/\/www.fjeldskaar.com\/wp-content\/uploads\/2021\/05\/korneliusped-1-300x226.png\" alt=\"\" width=\"600\" height=\"452\" srcset=\"https:\/\/www.fjeldskaar.com\/wp-content\/uploads\/2021\/05\/korneliusped-1-300x226.png 300w, https:\/\/www.fjeldskaar.com\/wp-content\/uploads\/2021\/05\/korneliusped-1.png 748w\" sizes=\"auto, (max-width: 600px) 100vw, 600px\" \/><\/a><\/p>\n<p style=\"text-align: center;\">Eksempel p\u00e5 &laquo;Portrait pedigree&raquo;<\/p>\n<p><a href=\"https:\/\/www.fjeldskaar.com\/wp-content\/uploads\/2021\/05\/amalie.png\"><img loading=\"lazy\" decoding=\"async\" class=\"aligncenter wp-image-8618\" src=\"https:\/\/www.fjeldskaar.com\/wp-content\/uploads\/2021\/05\/amalie-300x192.png\" alt=\"\" width=\"600\" height=\"385\" srcset=\"https:\/\/www.fjeldskaar.com\/wp-content\/uploads\/2021\/05\/amalie-300x192.png 300w, https:\/\/www.fjeldskaar.com\/wp-content\/uploads\/2021\/05\/amalie-1024x657.png 1024w, https:\/\/www.fjeldskaar.com\/wp-content\/uploads\/2021\/05\/amalie-768x492.png 768w, https:\/\/www.fjeldskaar.com\/wp-content\/uploads\/2021\/05\/amalie.png 1516w\" sizes=\"auto, (max-width: 600px) 100vw, 600px\" \/><\/a><\/p>\n<p style=\"text-align: center;\">Eksempel p\u00e5 &laquo;Fan Chart&raquo;<\/p>\n<p>&nbsp;<\/p>\n<div class=\"pdfprnt-buttons pdfprnt-buttons-page pdfprnt-bottom-right\"><a href=\"https:\/\/www.fjeldskaar.com\/nb_no\/wp-json\/wp\/v2\/pages\/8605?print=print\" class=\"pdfprnt-button pdfprnt-button-print\" target=\"_blank\"><img decoding=\"async\" src=\"https:\/\/www.fjeldskaar.com\/wp-content\/plugins\/pdf-print\/images\/print.png\" alt=\"image_print\" title=\"Print Content\" \/><span class=\"pdfprnt-button-title pdfprnt-button-print-title\">print<\/span><\/a><\/div>","protected":false},"excerpt":{"rendered":"<p>FamilySearch . I arbeidet med Fjeldskaar-slekten, har FamilySearch v\u00e6rt et sv\u00e6rt nyttig verkt\u00f8y. Her kan man legge inn data om sin egen slekt, og nytte seg av relevant slektsforskning utf\u00f8rt av andre eller av registreringer gjort av FamilySearch (fra kirkeb\u00f8ker eller folketellinger). N\u00e5r det gjelder mer detaljer om Fjeldskaar-slekten, s\u00e5 kan det henvises til\u00a0 FamilySearch. [&hellip;]<\/p>\n","protected":false},"author":1,"featured_media":0,"parent":196,"menu_order":60,"comment_status":"closed","ping_status":"closed","template":"","meta":{"footnotes":""},"class_list":["post-8605","page","type-page","status-publish","hentry"],"_links":{"self":[{"href":"https:\/\/www.fjeldskaar.com\/nb_no\/wp-json\/wp\/v2\/pages\/8605","targetHints":{"allow":["GET"]}}],"collection":[{"href":"https:\/\/www.fjeldskaar.com\/nb_no\/wp-json\/wp\/v2\/pages"}],"about":[{"href":"https:\/\/www.fjeldskaar.com\/nb_no\/wp-json\/wp\/v2\/types\/page"}],"author":[{"embeddable":true,"href":"https:\/\/www.fjeldskaar.com\/nb_no\/wp-json\/wp\/v2\/users\/1"}],"replies":[{"embeddable":true,"href":"https:\/\/www.fjeldskaar.com\/nb_no\/wp-json\/wp\/v2\/comments?post=8605"}],"version-history":[{"count":11,"href":"https:\/\/www.fjeldskaar.com\/nb_no\/wp-json\/wp\/v2\/pages\/8605\/revisions"}],"predecessor-version":[{"id":8623,"href":"https:\/\/www.fjeldskaar.com\/nb_no\/wp-json\/wp\/v2\/pages\/8605\/revisions\/8623"}],"up":[{"embeddable":true,"href":"https:\/\/www.fjeldskaar.com\/nb_no\/wp-json\/wp\/v2\/pages\/196"}],"wp:attachment":[{"href":"https:\/\/www.fjeldskaar.com\/nb_no\/wp-json\/wp\/v2\/media?parent=8605"}],"curies":[{"name":"wp","href":"https:\/\/api.w.org\/{rel}","templated":true}]}}