{"id":8168,"date":"2021-04-20T07:00:25","date_gmt":"2021-04-20T07:00:25","guid":{"rendered":"https:\/\/www.fjeldskaar.com\/?page_id=8168"},"modified":"2023-01-24T17:11:54","modified_gmt":"2023-01-24T17:11:54","slug":"forfedres-laerere-pa-lindesnes","status":"publish","type":"page","link":"https:\/\/www.fjeldskaar.com\/nb_no\/forfedres-laerere-pa-lindesnes\/","title":{"rendered":"Skolegang"},"content":{"rendered":"<p style=\"text-align: center;\"><span style=\"color: #806239;\"><strong><span style=\"font-family: 'Great Vibes'; font-size: 30pt;\">Skolegang i Aalefj\u00e6r<\/span><\/strong><\/span><\/p>\n<p><span style=\"color: #f7efd0;\">.<\/span><\/p>\n<p style=\"text-align: center;\">her kommer noen utklipp fra ei gammel bok om Tveit folkeskole <span style=\"color: #808080;\"><em>[1] og fra Tveit Historielags \u00e5rsskrift 2020, med fokus p\u00e5 tiden da Amalie og hennes s\u00f8sken var elever ved \u00c5lefj\u00e6r skole.\u00a0<\/em><\/span><\/p>\n<p><img loading=\"lazy\" decoding=\"async\" class=\"wp-image-8189 alignleft\" src=\"https:\/\/www.fjeldskaar.com\/wp-content\/uploads\/2021\/04\/skolehus-300x242.jpg\" alt=\"\" width=\"350\" height=\"282\" srcset=\"https:\/\/www.fjeldskaar.com\/wp-content\/uploads\/2021\/04\/skolehus-300x242.jpg 300w, https:\/\/www.fjeldskaar.com\/wp-content\/uploads\/2021\/04\/skolehus.jpg 694w\" sizes=\"auto, (max-width: 350px) 100vw, 350px\" \/><img loading=\"lazy\" decoding=\"async\" class=\"alignleft wp-image-8335\" src=\"https:\/\/www.fjeldskaar.com\/wp-content\/uploads\/2021\/04\/alefjaer-skolehus2-300x202.png\" alt=\"\" width=\"410\" height=\"276\" srcset=\"https:\/\/www.fjeldskaar.com\/wp-content\/uploads\/2021\/04\/alefjaer-skolehus2-300x202.png 300w, https:\/\/www.fjeldskaar.com\/wp-content\/uploads\/2021\/04\/alefjaer-skolehus2-768x517.png 768w, https:\/\/www.fjeldskaar.com\/wp-content\/uploads\/2021\/04\/alefjaer-skolehus2.png 973w\" sizes=\"auto, (max-width: 410px) 100vw, 410px\" \/><\/p>\n<p>&nbsp;<\/p>\n<p>&nbsp;<\/p>\n<p>&nbsp;<\/p>\n<p>&nbsp;<\/p>\n<p>&nbsp;<\/p>\n<p>&nbsp;<\/p>\n<p>&nbsp;<\/p>\n<p>&nbsp;<\/p>\n<p style=\"text-align: center;\"><img loading=\"lazy\" decoding=\"async\" class=\"wp-image-8188 aligncenter\" src=\"https:\/\/www.fjeldskaar.com\/wp-content\/uploads\/2021\/04\/laerer4-215x300.jpg\" alt=\"\" width=\"250\" height=\"350\" srcset=\"https:\/\/www.fjeldskaar.com\/wp-content\/uploads\/2021\/04\/laerer4-215x300.jpg 215w, https:\/\/www.fjeldskaar.com\/wp-content\/uploads\/2021\/04\/laerer4.jpg 422w\" sizes=\"auto, (max-width: 250px) 100vw, 250px\" \/><\/p>\n<p><img loading=\"lazy\" decoding=\"async\" class=\"wp-image-8203 aligncenter\" src=\"https:\/\/www.fjeldskaar.com\/wp-content\/uploads\/2021\/04\/jorgensen1-300x114.png\" alt=\"\" width=\"550\" height=\"209\" srcset=\"https:\/\/www.fjeldskaar.com\/wp-content\/uploads\/2021\/04\/jorgensen1-300x114.png 300w, https:\/\/www.fjeldskaar.com\/wp-content\/uploads\/2021\/04\/jorgensen1.png 646w\" sizes=\"auto, (max-width: 550px) 100vw, 550px\" \/><img loading=\"lazy\" decoding=\"async\" class=\"wp-image-8204 aligncenter\" src=\"https:\/\/www.fjeldskaar.com\/wp-content\/uploads\/2021\/04\/jorgensen2-300x85.png\" alt=\"\" width=\"550\" height=\"157\" srcset=\"https:\/\/www.fjeldskaar.com\/wp-content\/uploads\/2021\/04\/jorgensen2-300x85.png 300w, https:\/\/www.fjeldskaar.com\/wp-content\/uploads\/2021\/04\/jorgensen2-768x219.png 768w, https:\/\/www.fjeldskaar.com\/wp-content\/uploads\/2021\/04\/jorgensen2.png 861w\" sizes=\"auto, (max-width: 550px) 100vw, 550px\" \/><\/p>\n<p>Knud J\u00f8rgensen var en ualmindelig godt begavet gut, der i skolen udviste stor flid og fremgang. I skolen blev han no. 1, og \ufb01k derfra megen ros. l denne tid kr\u00e6vedes der ikke s\u00e5 store fordringer til l\u00e6reren som nu, neida, de flinkeste &laquo;l\u00e6sergutter&raquo; tagen dertil. 0g han blev antaget \u2014 efter hans \u00f8nske, men som noe betryggende blev han undervist en 14 dagers tid af stedets kirkesanger. Med lidt underlige f\u00f8lelser &#8211; begynte han h\u00f8sten 1861 som 18-19 \u00e5ring sin skolegjerning i Eiesland 0g Vatnehamn skolekrets i Iveland. 0g da det sommeren 1877 blev opslaget post ledig p\u00e5 \u00c5lefj\u00e6r i Tveit sogn, ans\u00f8gte han om posten med det samme og fik den.<\/p>\n<p>I skolen kom der adskillig forandringer. Et nyt skolehus ble nemlig opf\u00f8ret i 1880 og tagen i brug fra 1881. Skolehuset ble Opf\u00f8rt ovenfor Vigen, Ved skolehusets opf\u00f8relse, blev der indrettet beboelsesv\u00e6relse for l\u00e6reren, og dithen flyttede han alts\u00e5 med familie den Januardag i 1881. Fra hasten 1894 \ufb01k han en vikar med en I\u00f8n af kr. 18 pr. uge. Han hedte Mads \u00d8sterhus fra Birkenes sogn. Han vikarierede i 2 \u00e5r til h\u00f8sten 1896, da J\u00f8rgensen ans\u00f8gte om pension.<\/p>\n<p>&nbsp;<\/p>\n<p><img loading=\"lazy\" decoding=\"async\" class=\"aligncenter wp-image-8202\" src=\"https:\/\/www.fjeldskaar.com\/wp-content\/uploads\/2021\/04\/sethen-300x44.png\" alt=\"\" width=\"560\" height=\"82\" srcset=\"https:\/\/www.fjeldskaar.com\/wp-content\/uploads\/2021\/04\/sethen-300x44.png 300w, https:\/\/www.fjeldskaar.com\/wp-content\/uploads\/2021\/04\/sethen.png 748w\" sizes=\"auto, (max-width: 560px) 100vw, 560px\" \/><\/p>\n<p><img loading=\"lazy\" decoding=\"async\" class=\"alignnone size-medium wp-image-8986\" src=\"https:\/\/www.fjeldskaar.com\/wp-content\/uploads\/2022\/11\/klasserom-1918Voje-skole-300x228.png\" alt=\"\" width=\"300\" height=\"228\" srcset=\"https:\/\/www.fjeldskaar.com\/wp-content\/uploads\/2022\/11\/klasserom-1918Voje-skole-300x228.png 300w, https:\/\/www.fjeldskaar.com\/wp-content\/uploads\/2022\/11\/klasserom-1918Voje-skole-768x583.png 768w, https:\/\/www.fjeldskaar.com\/wp-content\/uploads\/2022\/11\/klasserom-1918Voje-skole-16x12.png 16w, https:\/\/www.fjeldskaar.com\/wp-content\/uploads\/2022\/11\/klasserom-1918Voje-skole.png 953w\" sizes=\"auto, (max-width: 300px) 100vw, 300px\" \/> Dette er et bilde fra 1918, og fra Voje skole, Drangedal.<\/p>\n<p>&nbsp;<\/p>\n<p>Mads Qsterhus (1871-1918) bodde i \u00c5lefj\u00e6r skolehus fra 1894 til 1913. Han kom fra \u00d8sterhus i Birkenes. Han tok l\u00e6rereksamen i Kristiansand og\u00a0 begynte som l\u00e6rervikar for Knud J\u00f8rgensen i 1894, men ble fast ansatt i 1896.<\/p>\n<p><img loading=\"lazy\" decoding=\"async\" class=\"wp-image-8200 size-full aligncenter\" src=\"https:\/\/www.fjeldskaar.com\/wp-content\/uploads\/2021\/04\/osterhus.png\" alt=\"\" width=\"574\" height=\"451\" srcset=\"https:\/\/www.fjeldskaar.com\/wp-content\/uploads\/2021\/04\/osterhus.png 574w, https:\/\/www.fjeldskaar.com\/wp-content\/uploads\/2021\/04\/osterhus-300x236.png 300w\" sizes=\"auto, (max-width: 574px) 100vw, 574px\" \/><\/p>\n<p>Minneordene i F\u00e6drelandsvennen forteller om en meget avholdt 0g dedikert laerer. <em>&laquo;L\u00e6rer \u00d8sterhus hadde en egen maade at vinde barnenes fortrolighed paa. Naar fritimen kom kunde man se ham ude paa legepladsen tumlende sig i leg med barnene; men naar legen var slut, og undervisningen igjen begynte, var han igjen l\u00e6rer, som barnene saa op <\/em><em>til og respekterte. Hans l\u00e6rervirksomhed har v\u00e6ret knyttet til Tveit i en lang aarr\u00e6kke idet han i ca. 9 aar har virket som l\u00e6rer i Aalefj\u00e6r kreds. Han var en mand i sin bedste alder, og med en aldrig svigtende interesse for skolens viktige sag&raquo;<\/em>.<\/p>\n<p><span style=\"color: #f7efd0;\">.<\/span><\/p>\n<p><span style=\"color: #f7efd0;\">.<\/span><\/p>\n<p><span style=\"color: #f7efd0;\">.<\/span><\/p>\n<p style=\"text-align: center;\"><strong><span style=\"font-family: 'Great Vibes'; font-size: 30pt; color: #806239;\">Skolegang i Lindesnes\u00a0<\/span><\/strong><\/p>\n<p><span style=\"color: #f7efd0;\">.<\/span><\/p>\n<p>Karen Gurines farfar, Christen B\u00e6rentsen Gitlevaag, var bonde og skoleholder i Spangereid sogn fra 1794 til 1816. I tidsrommet 1786 til 1813 var Jens Saxe sogneprest i Undal. Han var ogs\u00e5 prost i Lister prosti fra 1790. Saxe tilh\u00f8rer ei ny tid, opplysningstida, og han gjorde en kjempeinnsats\u00a0 for skolen i prestegjeldet. Saxes store innsats i denne forbindelse var at han fikk sendt alle de sju skoleholderne p\u00e5 kurs. Ja, han fikk til og med lov til \u00e5 sende enda tre til p\u00e5 kurs slik at det i alt ble i alt ti &laquo;utdannede&raquo; l\u00e6rere i prestegjeldet. Saxe var ogs\u00e5 godt forn\u00f8yd med &laquo;seminaristene&raquo; sine, og tiltaket hadde enorm verdi for niv\u00e5et i skolen. Den eneste &laquo;Seminaristen&raquo; fra Spangereid\u00a0 var Christen B\u00e6rentsen Gitlev\u00e5g.<\/p>\n<p>Tallet p\u00e5 &laquo;skoles\u00f8kende&raquo; barn var sv\u00e6rt lavt i Spangereid p\u00e5 hans tid; bare 9 gutter og 10 jenter. Dette stod i sterk kontrast til de \u00f8vrige skolesogner hvor s\u00e5 godt som alle skolepliktige barn s\u00f8ker skolen. I en rapport kritiserer Presten Nils Nikkolai Cormontan skoleholder Christen B\u00e6rentsen bl.a. for &laquo;undfallenhet&raquo;, dvs. han har ikke kommet over hele distriktet, og at nye krefter m\u00e5 til. Han peker ogs\u00e5 p\u00e5 at mange foreldre ikke vil motta skolen. Christen B\u00e6rentsen hadde da v\u00e6rt l\u00e6rer i 20 \u00e5r; at han n\u00e5 var g\u00e5tt tr\u00f8ytt er forst\u00e5elig.<\/p>\n<p>Distriktet var s\u00e5 vidstrakt og vanskelig, og s\u00e5 altfor stort for en skoleholder \u00e5 rekke over. Provst Saxe hadde forst\u00e5tt dette, og og pekt p\u00e5 at det trengtes en fastskole i sentrum og en omg\u00e5ende skoleholder. At Christen B\u00e6rentsen ogs\u00e5 hadde hatt problemer med \u00e5 f\u00e5 inn de surt tiltrengte skillingenefremg\u00e5r av en rapport fra provst Saxe datert 12. juni 1807.\u00a0 Her st\u00e5r det: &laquo;L\u00f8nn som de andre, men ofte vanskelig for mange uetterretteliges skyld&raquo;. N\u00e5r det gjelder undervisningen, er det interessant \u00e5 legge merke til at av de 19 elevene Christen B\u00e6rentsen underviste i 1814-15, l\u00e6rte 6 \u00e5 skrive, 5 gutter og 1 jente.\u00a0 Rapporten inneholder ellers ingen kommentarer. Christen B\u00e6rentsen sluttet som skoleholder i Spangereid etter nytt\u00e5r 1816.<\/p>\n<p align=\"center\">Vi tar med litt om en skoleholders oppgaver slik det var fra 1743 <em><span style=\"color: #808080;\">[1]<\/span><\/em>:<\/p>\n<p align=\"center\"><img loading=\"lazy\" decoding=\"async\" class=\"aligncenter\" src=\"https:\/\/ww2.fjeldskaar.com\/wp-content\/uploads\/2015\/05\/File0003b-300x215.jpg\" alt=\"\" width=\"300\" height=\"215\" \/> <a href=\"https:\/\/www.fjeldskaar.com\/wp-content\/uploads\/2021\/04\/2021-04-22-0001.tif\"><img loading=\"lazy\" decoding=\"async\" class=\"alignnone size-medium wp-image-8258\" src=\"https:\/\/www.fjeldskaar.com\/wp-content\/uploads\/2021\/04\/2021-04-22-0001.tif\" alt=\"\" width=\"1\" height=\"1\" \/><\/a><a href=\"https:\/\/www.fjeldskaar.com\/wp-content\/uploads\/2021\/04\/2021-04-22-0001.png\"><img loading=\"lazy\" decoding=\"async\" class=\"alignnone wp-image-8259\" src=\"https:\/\/www.fjeldskaar.com\/wp-content\/uploads\/2021\/04\/2021-04-22-0001-219x300.png\" alt=\"\" width=\"450\" height=\"617\" srcset=\"https:\/\/www.fjeldskaar.com\/wp-content\/uploads\/2021\/04\/2021-04-22-0001-219x300.png 219w, https:\/\/www.fjeldskaar.com\/wp-content\/uploads\/2021\/04\/2021-04-22-0001-747x1024.png 747w, https:\/\/www.fjeldskaar.com\/wp-content\/uploads\/2021\/04\/2021-04-22-0001-768x1053.png 768w, https:\/\/www.fjeldskaar.com\/wp-content\/uploads\/2021\/04\/2021-04-22-0001.png 1094w\" sizes=\"auto, (max-width: 450px) 100vw, 450px\" \/><\/a><\/p>\n<p>&nbsp;<\/p>\n<p>&nbsp;<\/p>\n<p><strong><span style=\"font-family: 'Great Vibes'; font-size: 30pt; color: #806239;\">Goksem skole<\/span><\/strong><\/p>\n<p><a href=\"https:\/\/www.fjeldskaar.com\/wp-content\/uploads\/2021\/04\/Goksem_skole.jpg\"><img loading=\"lazy\" decoding=\"async\" class=\"aligncenter wp-image-8126\" src=\"https:\/\/www.fjeldskaar.com\/wp-content\/uploads\/2021\/04\/Goksem_skole-300x194.jpg\" alt=\"\" width=\"450\" height=\"292\" srcset=\"https:\/\/www.fjeldskaar.com\/wp-content\/uploads\/2021\/04\/Goksem_skole-300x194.jpg 300w, https:\/\/www.fjeldskaar.com\/wp-content\/uploads\/2021\/04\/Goksem_skole-768x498.jpg 768w, https:\/\/www.fjeldskaar.com\/wp-content\/uploads\/2021\/04\/Goksem_skole.jpg 836w\" sizes=\"auto, (max-width: 450px) 100vw, 450px\" \/><\/a><\/p>\n<p style=\"text-align: center;\">Goksem skole<\/p>\n<p style=\"font-weight: 400;\"><a href=\"https:\/\/www.fjeldskaar.com\/wp-content\/uploads\/2021\/04\/goksem3.png\"><img loading=\"lazy\" decoding=\"async\" class=\"alignleft wp-image-8245 size-medium\" src=\"https:\/\/www.fjeldskaar.com\/wp-content\/uploads\/2021\/04\/goksem3-276x300.png\" alt=\"\" width=\"276\" height=\"300\" srcset=\"https:\/\/www.fjeldskaar.com\/wp-content\/uploads\/2021\/04\/goksem3-276x300.png 276w, https:\/\/www.fjeldskaar.com\/wp-content\/uploads\/2021\/04\/goksem3.png 372w\" sizes=\"auto, (max-width: 276px) 100vw, 276px\" \/><\/a>Dette skolehuset ble bygget i 1891; b\u00e5de Johan Kornelius og Amalie (etter at hun flyttet til Fjeldsk\u00e5r) gikk p\u00e5 denne skolen. F\u00f8r dette, og etter at omgangsskolen ble avviklet, gikk v\u00e5re forfedre (fra Flateb\u00f8, Fjeldsk\u00e5r og J\u00f8rgenstad) ogs\u00e5 p\u00e5 Goksem skole (i et leid lokale som sannsynligvis l\u00e5 n\u00e6rmere sj\u00f8en enn skolehuset).<\/p>\n<p>9 februar 1861 var Spangereid skolekommisjon samlet i Valle presteg\u00e5rd. Skolene i Spangereid ble da inndelt i nye kretser. Den 7. krets (eller Goksem-kretsen) besto av elever fra H\u00f8iland, Flateb\u00f8, Goksem og Fjeldsk\u00e5r, litt senere ogs\u00e5 fra Haraldstad og J\u00f8rgenstad. De gikk alle p\u00e5 skole i Goksem. Det var til og begynne med Johan Johannesen som leide ut lokale til skolestue; det bestod av bord og benker, oppvarmet og rengjort (som han tok 10 spesiedaler for).<\/p>\n<p><img loading=\"lazy\" decoding=\"async\" class=\"aligncenter wp-image-8171\" src=\"https:\/\/www.fjeldskaar.com\/wp-content\/uploads\/2021\/04\/skole2-257x300.png\" alt=\"\" width=\"400\" height=\"467\" srcset=\"https:\/\/www.fjeldskaar.com\/wp-content\/uploads\/2021\/04\/skole2-257x300.png 257w, https:\/\/www.fjeldskaar.com\/wp-content\/uploads\/2021\/04\/skole2.png 436w\" sizes=\"auto, (max-width: 400px) 100vw, 400px\" \/><\/p>\n<p style=\"font-weight: 400;\">V\u00e5re n\u00e6rmeste forfedre var fra Flateb\u00f8, Fjeldsk\u00e5r, J\u00f8rgenstad og Ims\u00f8y. Oldefar Johan Enok ble f\u00f8dt p\u00e5 Flateb\u00f8 i 1854, og begynte p\u00e5 skole da omgangsskolen tok slutt. Han gikk p\u00e5 skole p\u00e5 Goksem (Gauksum). Han hadde til og begynne med Johan Johannesen som l\u00e6rer; etter hvert overtok Johannes Pedersen Solaas Holum, som var l\u00e6rer i Goksem fra 1865 til 1871. Deretter overtok Theodor Jacobsen Dragedal, som i 1877 ble gift med Elen Gurine S\u00f8rensdtr (s\u00f8ster av Tomine). Han d\u00f8de bare 28 \u00e5r gammel. Oldemor Tomine (som senere flyttet til \u00c5lefj\u00e6r) ble f\u00f8dt i 1860 p\u00e5 J\u00f8rgenstad (se kartet), og hadde ganske lang skolevei; kanskje hun gikk veien om Flateb\u00f8 til skolen. Hun hadde kanskje sin svoger Theodor som l\u00e6rer en periode, og\u00a0 f\u00f8r det Johannes Pedersen Sol\u00e5s. Senere overtok Elias Osestad som l\u00e6rer, og fra 1884 til 1924 var Johan Olsen Homme l\u00e6rer der. Johan Kornelius hadde nok disse siste som l\u00e6rere.<\/p>\n<p><span style=\"color: #f7efd0;\">.<\/span><\/p>\n<p style=\"text-align: center;\"><a href=\"https:\/\/www.fjeldskaar.com\/wp-content\/uploads\/2021\/04\/avgang.png\"><img loading=\"lazy\" decoding=\"async\" class=\"alignnone wp-image-8216\" src=\"https:\/\/www.fjeldskaar.com\/wp-content\/uploads\/2021\/04\/avgang-300x118.png\" alt=\"\" width=\"750\" height=\"294\" srcset=\"https:\/\/www.fjeldskaar.com\/wp-content\/uploads\/2021\/04\/avgang-300x118.png 300w, https:\/\/www.fjeldskaar.com\/wp-content\/uploads\/2021\/04\/avgang-1024x402.png 1024w, https:\/\/www.fjeldskaar.com\/wp-content\/uploads\/2021\/04\/avgang-768x301.png 768w, https:\/\/www.fjeldskaar.com\/wp-content\/uploads\/2021\/04\/avgang-1536x603.png 1536w, https:\/\/www.fjeldskaar.com\/wp-content\/uploads\/2021\/04\/avgang-2048x804.png 2048w\" sizes=\"auto, (max-width: 750px) 100vw, 750px\" \/><\/a><\/p>\n<p style=\"text-align: center;\">Avgangsvitnem\u00e5l for Amalie og Johan Kornelius fra Goksem skole (trykk for \u00e5 se st\u00f8rre bilde)<\/p>\n<p><span style=\"color: #f7efd0;\">.<\/span><\/p>\n<p style=\"font-weight: 400;\">Oldemor Karen Gurine ble f\u00f8dt i 1855 p\u00e5 Ims\u00f8y, som h\u00f8rte til en annen skolekrets. Jens Olsen Bl\u00f8rstad var l\u00e6rer i den kretsen fra 1863 til 1912, alts\u00e5 da Karen Gurine var elev.<\/p>\n<p style=\"padding-left: 160px;\"><img loading=\"lazy\" decoding=\"async\" class=\"alignnone size-medium wp-image-8173\" src=\"https:\/\/www.fjeldskaar.com\/wp-content\/uploads\/2021\/04\/imageedit_13_8499630130.jpg\" alt=\"\" width=\"206\" height=\"271\" \/>\u00a0 \u00a0 <img loading=\"lazy\" decoding=\"async\" class=\"alignnone wp-image-8174\" src=\"https:\/\/www.fjeldskaar.com\/wp-content\/uploads\/2021\/04\/eliasOsestad3-229x300.png\" alt=\"\" width=\"150\" height=\"196\" srcset=\"https:\/\/www.fjeldskaar.com\/wp-content\/uploads\/2021\/04\/eliasOsestad3-229x300.png 229w, https:\/\/www.fjeldskaar.com\/wp-content\/uploads\/2021\/04\/eliasOsestad3-783x1024.png 783w, https:\/\/www.fjeldskaar.com\/wp-content\/uploads\/2021\/04\/eliasOsestad3-768x1004.png 768w, https:\/\/www.fjeldskaar.com\/wp-content\/uploads\/2021\/04\/eliasOsestad3-1175x1536.png 1175w, https:\/\/www.fjeldskaar.com\/wp-content\/uploads\/2021\/04\/eliasOsestad3.png 1412w\" sizes=\"auto, (max-width: 150px) 100vw, 150px\" \/>\u00a0 \u00a0<img loading=\"lazy\" decoding=\"async\" class=\"alignnone wp-image-8212\" src=\"https:\/\/www.fjeldskaar.com\/wp-content\/uploads\/2021\/04\/output-onlinepngtools-2021-04-20T223632.388-235x300.png\" alt=\"\" width=\"210\" height=\"268\" srcset=\"https:\/\/www.fjeldskaar.com\/wp-content\/uploads\/2021\/04\/output-onlinepngtools-2021-04-20T223632.388-235x300.png 235w, https:\/\/www.fjeldskaar.com\/wp-content\/uploads\/2021\/04\/output-onlinepngtools-2021-04-20T223632.388.png 351w\" sizes=\"auto, (max-width: 210px) 100vw, 210px\" \/><\/p>\n<p style=\"padding-left: 160px;\">L\u00e6rerne Johannes Pedersen Sol\u00e5s, Elias Osestad og Jens Olsen Bl\u00f8rstad Stokke<\/p>\n<p style=\"font-weight: 400;\"><span style=\"color: #f7efd0;\"><strong>.<\/strong><\/span><\/p>\n<p style=\"font-weight: 400;\"><strong>Hva var dette for slags l\u00e6rere?\u00a0 S\u00e5 avsides som Lindesnes var, s\u00e5 kunne de vel ikke velge l\u00e6rere fra \u00f8verste hylle?<\/strong><\/p>\n<p style=\"font-weight: 400;\">Jeg tror de\u00a0var heldige. Jeg nevnte l\u00e6rer Johan Olsen Homme; han var godt utdannet og hadde g\u00e5tt p\u00e5 S\u00f8gne l\u00e6rerskole. Slike var det ikke mange av. Det er mye mer \u00e5 si om Johannes Pedersen Sol\u00e5s Holum, som var l\u00e6rer p\u00e5 Goksem fra 1865 til 1871. De som hadde han som l\u00e6rer, var nok ogs\u00e5 av den heldige sorten. Han ble etter hvert en betydningsfull person; og ble kalt \u00abkongen av Spangereid\u00bb. \u00c5rsaken var engasjementet hans, og innflytelsen han hadde i det meste som r\u00f8rte seg i Spangereid. Selv drev han etter hvert med landhandel, bakeri og dampskipsekspedisjon.\u00a0 Han var velst\u00e5ende etter datidens m\u00e5lestokk.<\/p>\n<p style=\"font-weight: 400;\">Mens han var l\u00e6rer p\u00e5 Goksem, var han blant 32 \u00abopsiddere\u00bb (aktivister) som i 1865 dannet en komit\u00e9 som jobbet for \u00e5 f\u00e5 bygd Spangereidkanalen. Et annet medlem av samme komit\u00e9 var l\u00e6rer, kirkesanger og g\u00e5rdbruker Jens Olsen Bl\u00f8rstad (som Karen Gurine hadde som l\u00e6rer). I 1882 sendte komit\u00e9en ut innbydelse til samtlige bystyrer og herredsstyrer i Lister og Mandal Amt om \u00e5 v\u00e6re med \u00e5 realisere Spangereidkanalen. Det skulle imidlertid\u00a0g\u00e5 125 \u00e5r f\u00f8r prosjektet ble realisert.<\/p>\n<p><img loading=\"lazy\" decoding=\"async\" class=\"size-medium wp-image-8172 aligncenter\" src=\"https:\/\/www.fjeldskaar.com\/wp-content\/uploads\/2021\/04\/spangereidkan-300x298.png\" alt=\"\" width=\"300\" height=\"298\" srcset=\"https:\/\/www.fjeldskaar.com\/wp-content\/uploads\/2021\/04\/spangereidkan-300x298.png 300w, https:\/\/www.fjeldskaar.com\/wp-content\/uploads\/2021\/04\/spangereidkan-150x150.png 150w, https:\/\/www.fjeldskaar.com\/wp-content\/uploads\/2021\/04\/spangereidkan.png 364w\" sizes=\"auto, (max-width: 300px) 100vw, 300px\" \/><\/p>\n<p style=\"font-weight: 400;\">Hva var Spangereidkanalen?\u00a0Poenget var \u00e5 gj\u00f8re det mulig for sj\u00f8farende \u00e5 komme fra \u00f8st og vest uten \u00e5 m\u00e5tte runde den v\u00e6rharde\u00a0Lindesneshalv\u00f8ya. Ved arkeologiske utgravinger i 2001 fant man spor etter det man mener har v\u00e6rt en kanal (eller begynnelsen p\u00e5 en\u00a0kanal) fra tidlig\u00a0middelalder\u00a0eller sen\u00a0jernalder\u00a0(700-tallet). Kanalen m\u00e5 ha v\u00e6rt et av de st\u00f8rste byggeprosjekter som kjennes i\u00a0Norge\u00a0fra denne perioden. Uansett vet man at b\u00e5ter ble dratt over eidet i middelalderen. Planene om \u00e5 grave ut en kanal har blitt tatt opp en rekke ganger, bl.a. p\u00e5 1600-tallet og under\u00a0Napoleonskrigene\u00a0p\u00e5 begynnelsen av 1800-tallet. De siste planene for byggingen stammer fra Spangereid-aksjonistene p\u00e5 slutten av 1800-tallet, der alts\u00e5 v\u00e5re forfedres l\u00e6rere var sv\u00e6rt aktive.<\/p>\n<p style=\"font-weight: 400;\">Spangereidkanalen ble offisielt \u00e5pnet av\u00a0dronning Sonja\u00a05. juli 2007. Kanalen er 930 m lang og forbinder\u00a0<em>Lenefjorden<\/em>\u00a0i nord med\u00a0<em>Njervesfjorden<\/em>\u00a0i s\u00f8r. Kanalen er f\u00f8rst og fremst beregnet p\u00e5 sm\u00e5b\u00e5ter; seilingsh\u00f8yden er 4,5 m, dybden er 2 m og bredden mellom 12 og 20 m.<\/p>\n<p style=\"text-align: center;\"><img loading=\"lazy\" decoding=\"async\" class=\"alignnone size-medium wp-image-8170\" src=\"https:\/\/www.fjeldskaar.com\/wp-content\/uploads\/2021\/04\/spangereidkanalen-300x202.png\" alt=\"\" width=\"300\" height=\"202\" srcset=\"https:\/\/www.fjeldskaar.com\/wp-content\/uploads\/2021\/04\/spangereidkanalen-300x202.png 300w, https:\/\/www.fjeldskaar.com\/wp-content\/uploads\/2021\/04\/spangereidkanalen.png 579w\" sizes=\"auto, (max-width: 300px) 100vw, 300px\" \/><\/p>\n<p><span style=\"color: #f7efd0;\">.<\/span><\/p>\n<p><span style=\"color: #f7efd0;\">.<\/span><\/p>\n<p><strong><span style=\"color: #808080;\">Kilder:<br \/>\n<\/span><\/strong><span style=\"color: #808080;\"><em>[1] Tveit folkeskole (1924) av Olav S. Hagane<\/em><\/span><br \/>\n<span style=\"color: #808080;\"><em>[2] <\/em>Skolen i Lindesnes gjennom 250 \u00e5r. Glimt fra Lindesnes (1989)<\/span><br \/>\n<span style=\"color: #808080;\">Spangereidkanalen &#8211; kongelige planer og lokalt p\u00e5gangsmot, av Helge Alvin Rosfjord (2008)<\/span><\/p>\n<div class=\"pdfprnt-buttons pdfprnt-buttons-page pdfprnt-bottom-right\"><a href=\"https:\/\/www.fjeldskaar.com\/nb_no\/wp-json\/wp\/v2\/pages\/8168?print=print\" class=\"pdfprnt-button pdfprnt-button-print\" target=\"_blank\"><img decoding=\"async\" src=\"https:\/\/www.fjeldskaar.com\/wp-content\/plugins\/pdf-print\/images\/print.png\" alt=\"image_print\" title=\"Print Content\" \/><span class=\"pdfprnt-button-title pdfprnt-button-print-title\">print<\/span><\/a><\/div>","protected":false},"excerpt":{"rendered":"<p>Skolegang i Aalefj\u00e6r . her kommer noen utklipp fra ei gammel bok om Tveit folkeskole [1] og fra Tveit Historielags \u00e5rsskrift 2020, med fokus p\u00e5 tiden da Amalie og hennes s\u00f8sken var elever ved \u00c5lefj\u00e6r skole.\u00a0 &nbsp; &nbsp; &nbsp; &nbsp; &nbsp; &nbsp; &nbsp; &nbsp; Knud J\u00f8rgensen var en ualmindelig godt begavet gut, der i skolen [&hellip;]<\/p>\n","protected":false},"author":1,"featured_media":0,"parent":0,"menu_order":8,"comment_status":"closed","ping_status":"closed","template":"no_sidebar.php","meta":{"footnotes":""},"class_list":["post-8168","page","type-page","status-publish","hentry"],"_links":{"self":[{"href":"https:\/\/www.fjeldskaar.com\/nb_no\/wp-json\/wp\/v2\/pages\/8168","targetHints":{"allow":["GET"]}}],"collection":[{"href":"https:\/\/www.fjeldskaar.com\/nb_no\/wp-json\/wp\/v2\/pages"}],"about":[{"href":"https:\/\/www.fjeldskaar.com\/nb_no\/wp-json\/wp\/v2\/types\/page"}],"author":[{"embeddable":true,"href":"https:\/\/www.fjeldskaar.com\/nb_no\/wp-json\/wp\/v2\/users\/1"}],"replies":[{"embeddable":true,"href":"https:\/\/www.fjeldskaar.com\/nb_no\/wp-json\/wp\/v2\/comments?post=8168"}],"version-history":[{"count":46,"href":"https:\/\/www.fjeldskaar.com\/nb_no\/wp-json\/wp\/v2\/pages\/8168\/revisions"}],"predecessor-version":[{"id":9255,"href":"https:\/\/www.fjeldskaar.com\/nb_no\/wp-json\/wp\/v2\/pages\/8168\/revisions\/9255"}],"wp:attachment":[{"href":"https:\/\/www.fjeldskaar.com\/nb_no\/wp-json\/wp\/v2\/media?parent=8168"}],"curies":[{"name":"wp","href":"https:\/\/api.w.org\/{rel}","templated":true}]}}