{"id":7965,"date":"2021-03-23T17:46:31","date_gmt":"2021-03-23T17:46:31","guid":{"rendered":"https:\/\/www.fjeldskaar.com\/?page_id=7965"},"modified":"2023-02-17T16:21:26","modified_gmt":"2023-02-17T16:21:26","slug":"karen-gurine-og-johan-enok","status":"publish","type":"page","link":"https:\/\/www.fjeldskaar.com\/nb_no\/villumsen\/karen-gurine-og-johan-enok\/","title":{"rendered":"Karen Gurine\/Johan Enok"},"content":{"rendered":"<p style=\"text-align: left;\"><span style=\"font-size: 8pt;\"><span style=\"color: #ccaa7a;\"><span style=\"font-family: 'book antiqua', palatino;\">\u00a0<\/span><\/span><a href=\"https:\/\/www.fjeldskaar.com\/villumsen\/\"><span style=\"color: #ccaa7a;\"><span style=\"font-family: 'book antiqua', palatino;\">&lt; g\u00e5 til <\/span><\/span><span style=\"color: #ccaa7a;\"><span style=\"font-family: 'book antiqua', palatino;\">Karen og Enoks aner<\/span><\/span><\/a><span style=\"color: #ccaa7a;\"><span style=\"font-family: 'book antiqua', palatino;\">\u00a0<\/span><\/span><\/span><\/p>\n<h2 style=\"text-align: center;\"><span style=\"color: #ccaa7a;\"><span style=\"font-size: 10pt; font-family: 'book antiqua', palatino;\">\u00a0 \u00a0 \u00a0 \u00a0 \u00a0 \u00a0 \u00a0 \u00a0 \u00a0 \u00a0 \u00a0 \u00a0 \u00a0 \u00a0 \u00a0 \u00a0 \u00a0 \u00a0 \u00a0 \u00a0 \u00a0 \u00a0 \u00a0 \u00a0 \u00a0 \u00a0 \u00a0 \u00a0 \u00a0 \u00a0 \u00a0 \u00a0 \u00a0 \u00a0 \u00a0 \u00a0 \u00a0 \u00a0 \u00a0 \u00a0 \u00a0 \u00a0 \u00a0 \u00a0 \u00a0 \u00a0 \u00a0 \u00a0 \u00a0 \u00a0 \u00a0 \u00a0 \u00a0 \u00a0 \u00a0 \u00a0 \u00a0 \u00a0 \u00a0 \u00a0 \u00a0 \u00a0\u00a0<\/span><\/span><\/h2>\n<h1><\/h1>\n<h1 style=\"text-align: center;\"><span style=\"color: #f7efd0; font-size: 30pt;\">.<\/span><\/h1>\n<h1 style=\"text-align: center;\"><span style=\"color: #806239; font-size: 30pt; font-family: 'Great Vibes';\">Karen Gurine Berentsdtr Ims\u00f8y <\/span><\/h1>\n<p style=\"text-align: center;\"><span style=\"color: #806239; font-family: 'Great Vibes';\"><strong><span style=\"font-size: 14pt;\">1855-1888<\/span><\/strong><\/span><\/p>\n<p><span style=\"color: #f7efd0; font-family: 'Great Vibes';\">.<\/span><\/p>\n<h1 style=\"text-align: center;\"><span style=\"color: #806239; font-size: 30pt; font-family: 'Great Vibes';\">Johan Enok Villumsen Fjeldskaar <\/span><\/h1>\n<p style=\"text-align: center;\"><span style=\"color: #806239; font-family: 'Great Vibes';\"><strong><span style=\"font-size: 14pt;\">1853-1917<\/span><\/strong><\/span><\/p>\n<p style=\"padding-left: 40px; text-align: center;\"><a href=\"https:\/\/www.fjeldskaar.com\/wp-content\/uploads\/2021\/05\/enok.png\"><img loading=\"lazy\" decoding=\"async\" class=\"alignnone wp-image-8433\" src=\"https:\/\/www.fjeldskaar.com\/wp-content\/uploads\/2021\/05\/enok-217x300.png\" alt=\"\" width=\"339\" height=\"468\" srcset=\"https:\/\/www.fjeldskaar.com\/wp-content\/uploads\/2021\/05\/enok-217x300.png 217w, https:\/\/www.fjeldskaar.com\/wp-content\/uploads\/2021\/05\/enok-742x1024.png 742w, https:\/\/www.fjeldskaar.com\/wp-content\/uploads\/2021\/05\/enok-768x1059.png 768w, https:\/\/www.fjeldskaar.com\/wp-content\/uploads\/2021\/05\/enok-1114x1536.png 1114w, https:\/\/www.fjeldskaar.com\/wp-content\/uploads\/2021\/05\/enok-1485x2048.png 1485w\" sizes=\"auto, (max-width: 339px) 100vw, 339px\" \/><\/a><a href=\"https:\/\/www.fjeldskaar.com\/wp-content\/uploads\/2021\/05\/KarenG.png\"> \u00a0<img loading=\"lazy\" decoding=\"async\" class=\"alignnone wp-image-8431\" src=\"https:\/\/www.fjeldskaar.com\/wp-content\/uploads\/2021\/05\/KarenG-213x300.png\" alt=\"\" width=\"333\" height=\"468\" srcset=\"https:\/\/www.fjeldskaar.com\/wp-content\/uploads\/2021\/05\/KarenG-213x300.png 213w, https:\/\/www.fjeldskaar.com\/wp-content\/uploads\/2021\/05\/KarenG-728x1024.png 728w, https:\/\/www.fjeldskaar.com\/wp-content\/uploads\/2021\/05\/KarenG-768x1080.png 768w, https:\/\/www.fjeldskaar.com\/wp-content\/uploads\/2021\/05\/KarenG-1092x1536.png 1092w, https:\/\/www.fjeldskaar.com\/wp-content\/uploads\/2021\/05\/KarenG-1456x2048.png 1456w\" sizes=\"auto, (max-width: 333px) 100vw, 333px\" \/><\/a><\/p>\n<p align=\"justify\">Begge var fra Spangereid ved Lindesnes. Johan Enok var s\u00f8nn av Sille Tomine Petersdatter og Willum Johnsen (se nedenfor), og ble f\u00f8dt p\u00e5 Flateb\u00f8 i 1853, flyttet senere til Fjeldskaar og d\u00f8de 1917 (av hjertefeil). Karen Gurine, datter av Martine Christoffersdatter og Berent Elias Christensen (se nedenfor), ble f\u00f8dt p\u00e5 Gitlev\u00e5g i 1855 og d\u00f8de p\u00e5 Flateb\u00f8 i 1888.<\/p>\n<p align=\"justify\"><img loading=\"lazy\" decoding=\"async\" class=\"aligncenter wp-image-8965\" src=\"https:\/\/www.fjeldskaar.com\/wp-content\/uploads\/2022\/11\/JohanE_Karen-300x136.jpg\" alt=\"\" width=\"450\" height=\"203\" srcset=\"https:\/\/www.fjeldskaar.com\/wp-content\/uploads\/2022\/11\/JohanE_Karen-300x136.jpg 300w, https:\/\/www.fjeldskaar.com\/wp-content\/uploads\/2022\/11\/JohanE_Karen-18x8.jpg 18w, https:\/\/www.fjeldskaar.com\/wp-content\/uploads\/2022\/11\/JohanE_Karen.jpg 695w\" sizes=\"auto, (max-width: 450px) 100vw, 450px\" \/><\/p>\n<p align=\"justify\"><span style=\"color: #f7efd0;\">.<\/span><\/p>\n<p align=\"justify\"><img loading=\"lazy\" decoding=\"async\" class=\"aligncenter wp-image-8074\" src=\"https:\/\/www.fjeldskaar.com\/wp-content\/uploads\/2021\/03\/output-onlinepngtools-2021-03-29T121615.156-300x80.png\" alt=\"\" width=\"650\" height=\"173\" srcset=\"https:\/\/www.fjeldskaar.com\/wp-content\/uploads\/2021\/03\/output-onlinepngtools-2021-03-29T121615.156-300x80.png 300w, https:\/\/www.fjeldskaar.com\/wp-content\/uploads\/2021\/03\/output-onlinepngtools-2021-03-29T121615.156-768x205.png 768w, https:\/\/www.fjeldskaar.com\/wp-content\/uploads\/2021\/03\/output-onlinepngtools-2021-03-29T121615.156.png 934w\" sizes=\"auto, (max-width: 650px) 100vw, 650px\" \/><\/p>\n<p align=\"justify\"><span style=\"color: #f7efd0;\">.<\/span><\/p>\n<p><span style=\"color: #f7efd0;\">.<\/span><\/p>\n<p style=\"text-align: center;\" align=\"justify\"><img loading=\"lazy\" decoding=\"async\" src=\"https:\/\/ww2.fjeldskaar.com\/wp-content\/uploads\/2016\/11\/JohanE_101217.png\" alt=\"\" width=\"487\" height=\"42\" \/> <img loading=\"lazy\" decoding=\"async\" src=\"https:\/\/ww2.fjeldskaar.com\/wp-content\/uploads\/2016\/11\/JohanE_101217b.png\" alt=\"\" width=\"764\" height=\"37\" \/><\/p>\n<p style=\"text-align: center;\" align=\"justify\"><em>Johan Enok d\u00f8r 10. desember 1917 av hjertefeil, under et bes\u00f8k p\u00e5 Kleven i Mandal. Fra kirkeboken.<\/em><\/p>\n<p align=\"justify\"><a href=\"https:\/\/www.fjeldskaar.com\/wp-content\/uploads\/2022\/12\/kleven.png\"><img loading=\"lazy\" decoding=\"async\" class=\"aligncenter wp-image-9172\" src=\"https:\/\/www.fjeldskaar.com\/wp-content\/uploads\/2022\/12\/kleven-300x211.png\" alt=\"\" width=\"400\" height=\"281\" srcset=\"https:\/\/www.fjeldskaar.com\/wp-content\/uploads\/2022\/12\/kleven-300x211.png 300w, https:\/\/www.fjeldskaar.com\/wp-content\/uploads\/2022\/12\/kleven-768x540.png 768w, https:\/\/www.fjeldskaar.com\/wp-content\/uploads\/2022\/12\/kleven-18x12.png 18w, https:\/\/www.fjeldskaar.com\/wp-content\/uploads\/2022\/12\/kleven.png 852w\" sizes=\"auto, (max-width: 400px) 100vw, 400px\" \/><\/a><\/p>\n<p style=\"text-align: center;\" align=\"justify\"><em>Kleven. En gang nord-Europas beste seilskutehavn (Fra &laquo;Mandal f\u00f8r og n\u00e5&raquo; 1992, av Einar Spetland)<\/em><\/p>\n<p align=\"justify\"><a href=\"https:\/\/www.fjeldskaar.com\/wp-content\/uploads\/2022\/12\/spangereide.png\"><img loading=\"lazy\" decoding=\"async\" class=\"aligncenter wp-image-9169\" src=\"https:\/\/www.fjeldskaar.com\/wp-content\/uploads\/2022\/12\/spangereide-300x192.png\" alt=\"\" width=\"450\" height=\"287\" srcset=\"https:\/\/www.fjeldskaar.com\/wp-content\/uploads\/2022\/12\/spangereide-300x192.png 300w, https:\/\/www.fjeldskaar.com\/wp-content\/uploads\/2022\/12\/spangereide-18x12.png 18w, https:\/\/www.fjeldskaar.com\/wp-content\/uploads\/2022\/12\/spangereide.png 620w\" sizes=\"auto, (max-width: 450px) 100vw, 450px\" \/><\/a><\/p>\n<p style=\"text-align: center;\" align=\"justify\"><em>Spangereid kirke. Opprinnelig var kirken en langkirke i romansk stil da den ble bygd i ca 1100, og den eldste delen er i stein. I 1830-\u00e5rene ble kirken bygget om og utvidet slik at den i dag fremst\u00e5r som en korskirke.<\/em><\/p>\n<p align=\"justify\">Johan Enok var fisker og g\u00e5rdbruker. Han var bosatt p\u00e5 Indre Fjeldskaar (Gnr 162 Bnr 6) hvor han hadde kyr, og dyrket korn og poteter. Til Fjeldskaar h\u00f8rte et rikt laksefiske. Det var fem fiskeplasser der folk dro laks med kilenot: Svarte Hillegarn, Kj\u00f8dnodden, Gule Holmen, Store Hillegarn og Dropskjersteinen. Indre Fjeldskaar eide fire femdeler av fisket, ytre Fjeldskaar \u00e9n femdel.<\/p>\n<p><span style=\"color: #f7efd0;\">.<\/span><\/p>\n<p style=\"text-align: center;\"><a href=\"https:\/\/ww2.fjeldskaar.com\/wp-content\/uploads\/2020\/11\/output-onlinepngtools-2020-11-06T193223.593.png\"><img loading=\"lazy\" decoding=\"async\" class=\"alignnone wp-image-8043\" src=\"https:\/\/ww2.fjeldskaar.com\/wp-content\/uploads\/2020\/11\/output-onlinepngtools-2020-11-06T193223.593.png\" alt=\"\" width=\"560\" height=\"362\" \/><\/a><\/p>\n<p><span style=\"color: #f7efd0;\">.<\/span><\/p>\n<p dir=\"ltr\" align=\"justify\">P\u00e5 den f\u00f8rste folketellingen i Norge (1801), finner vi v\u00e5r slektning Joen Joensen. Han tilh\u00f8rte den ene av 2 familier p\u00e5 Flateb\u00f8. Han var da 53 \u00e5r, og var gift med Anna T\u00f8nnesdtr, som var 60 \u00e5r. Det er ikke helt sikkert at Joen ble f\u00f8dt p\u00e5 Flateb\u00f8, men b\u00e5de hans s\u00f8nn, s\u00f8nnes\u00f8nn, s\u00f8nnes\u00f8nns s\u00f8nn (Johan Enok) og s\u00f8nnes\u00f8nns s\u00f8nnes\u00f8nn (Johan Kornelius) ble f\u00f8dt der. Johan Enoks mor (Sille Thomine Petersdtr) kom ogs\u00e5 fra Flateb\u00f8 &#8211; if\u00f8lge kirkeb\u00f8kene hadde hun bosted Fladeb\u00f8 da hun ble d\u00f8pt.<\/p>\n<p dir=\"ltr\" style=\"text-align: center;\" align=\"justify\"><a href=\"https:\/\/www.fjeldskaar.com\/wp-content\/uploads\/2021\/05\/enok8.png\"><img loading=\"lazy\" decoding=\"async\" class=\"alignnone wp-image-8543\" src=\"https:\/\/www.fjeldskaar.com\/wp-content\/uploads\/2021\/05\/enok8-184x300.png\" alt=\"\" width=\"250\" height=\"407\" srcset=\"https:\/\/www.fjeldskaar.com\/wp-content\/uploads\/2021\/05\/enok8-184x300.png 184w, https:\/\/www.fjeldskaar.com\/wp-content\/uploads\/2021\/05\/enok8-629x1024.png 629w, https:\/\/www.fjeldskaar.com\/wp-content\/uploads\/2021\/05\/enok8-768x1251.png 768w, https:\/\/www.fjeldskaar.com\/wp-content\/uploads\/2021\/05\/enok8.png 894w\" sizes=\"auto, (max-width: 250px) 100vw, 250px\" \/><\/a><\/p>\n<p dir=\"ltr\" style=\"text-align: center;\" align=\"justify\">Johan Enok (trykk for \u00e5 se st\u00f8rre bilde)<\/p>\n<p dir=\"ltr\" align=\"center\"><img loading=\"lazy\" decoding=\"async\" src=\"https:\/\/ww2.fjeldskaar.com\/wp-content\/uploads\/2015\/05\/korn_sof.jpg\" alt=\"korn_sof\" width=\"260\" height=\"166\" \/><br \/>\n<strong><i>Sofie og Johan Kornelius<\/i><\/strong><\/p>\n<p align=\"baseline\">Johan Enok og Karen Gurine hadde 2 barn sammen &#8211; <a href=\"https:\/\/www.fjeldskaar.com\/villumsen\/besteforeldre\/\"><strong>Johan Kornelius <\/strong><\/a>og <span style=\"color: #0000ff;\"><a style=\"color: #0000ff;\" href=\"https:\/\/www.fjeldskaar.com\/eidet\/tomine-og-aanens-barn\/\"><strong>Sofie<\/strong><\/a><\/span>. Karen Gurine d\u00f8de p\u00e5 Flateb\u00f8 i 1888, samme \u00e5r som hun f\u00f8dte sitt tredje barn &#8211; Villum. Han d\u00f8de bare 10 timer gammel. Karen Gurine d\u00f8de dagen etterp\u00e5 av lungebetennelse. Etter at Karen Gurine d\u00f8de, flyttet Johan Enok til Fjeldskaar. Han kj\u00f8pte g\u00e5rden p\u00e5 <span style=\"color: #0000ff;\"><a style=\"color: #0000ff;\" href=\"https:\/\/media.digitalarkivet.no\/view\/18496\/209\">Indre Fjeldskaar<\/a><\/span> 31. desember 1890.<\/p>\n<p dir=\"ltr\" align=\"center\"><img loading=\"lazy\" decoding=\"async\" src=\"https:\/\/ww2.fjeldskaar.com\/wp-content\/uploads\/2015\/05\/flateb__3b.jpg\" alt=\"flateb__3b\" width=\"350\" height=\"234\" \/><br \/>\n<em>Flateb\u00f8. Bl\u00e5 firkant viser g\u00e5rden til Johan Enok. Det er n\u00e5 (juli 2006) bare fire g\u00e5rder p\u00e5 Flateb\u00f8, men bare \u00e9n i drift. Det er v\u00e5r slekts-g\u00e5rd (se bilde flyfoto fra 1961 nedenfor).<\/em><\/p>\n<p dir=\"ltr\" align=\"center\"><img loading=\"lazy\" decoding=\"async\" src=\"https:\/\/ww2.fjeldskaar.com\/wp-content\/uploads\/2015\/05\/vellem.jpg\" alt=\"vellem\" width=\"650\" height=\"189\" \/><br \/>\nFra folketellingen i 1865. Vi ser familien til Vellem Johnsen; Johan Enok var her 12 \u00e5r<\/p>\n<p dir=\"ltr\" align=\"center\"><span style=\"color: #f7efd0;\">.<\/span><\/p>\n<p align=\"baseline\"><a href=\"https:\/\/www.fjeldskaar.com\/wp-content\/uploads\/2021\/05\/FjeldskaarGnr162Bnr6.png\"><img loading=\"lazy\" decoding=\"async\" class=\"aligncenter wp-image-8468\" src=\"https:\/\/www.fjeldskaar.com\/wp-content\/uploads\/2021\/05\/FjeldskaarGnr162Bnr6-300x53.png\" alt=\"\" width=\"600\" height=\"105\" srcset=\"https:\/\/www.fjeldskaar.com\/wp-content\/uploads\/2021\/05\/FjeldskaarGnr162Bnr6-300x53.png 300w, https:\/\/www.fjeldskaar.com\/wp-content\/uploads\/2021\/05\/FjeldskaarGnr162Bnr6-1024x180.png 1024w, https:\/\/www.fjeldskaar.com\/wp-content\/uploads\/2021\/05\/FjeldskaarGnr162Bnr6-768x135.png 768w, https:\/\/www.fjeldskaar.com\/wp-content\/uploads\/2021\/05\/FjeldskaarGnr162Bnr6.png 1402w\" sizes=\"auto, (max-width: 600px) 100vw, 600px\" \/><\/a><\/p>\n<p align=\"baseline\"><a href=\"https:\/\/www.fjeldskaar.com\/wp-content\/uploads\/2021\/05\/Fjeldskaar_1890.png\"><img loading=\"lazy\" decoding=\"async\" class=\"aligncenter wp-image-8467\" src=\"https:\/\/www.fjeldskaar.com\/wp-content\/uploads\/2021\/05\/Fjeldskaar_1890-300x57.png\" alt=\"\" width=\"600\" height=\"114\" srcset=\"https:\/\/www.fjeldskaar.com\/wp-content\/uploads\/2021\/05\/Fjeldskaar_1890-300x57.png 300w, https:\/\/www.fjeldskaar.com\/wp-content\/uploads\/2021\/05\/Fjeldskaar_1890-768x146.png 768w, https:\/\/www.fjeldskaar.com\/wp-content\/uploads\/2021\/05\/Fjeldskaar_1890.png 993w\" sizes=\"auto, (max-width: 600px) 100vw, 600px\" \/><\/a><\/p>\n<p align=\"baseline\"><span style=\"color: #f7efd0;\">.<\/span><\/p>\n<p dir=\"ltr\" align=\"center\"><img loading=\"lazy\" decoding=\"async\" src=\"https:\/\/ww2.fjeldskaar.com\/wp-content\/uploads\/2015\/05\/gard162-300x203.jpg\" alt=\"gard162\" width=\"300\" height=\"203\" \/><br \/>\nFjeldsk\u00e5r-g\u00e5rden (Gnr 162, Bnr 6; bl\u00e5 firkant)<\/p>\n<p dir=\"ltr\" style=\"text-align: left;\" align=\"center\">Nedenfor ser vi et utdrag fra folketellingen i 1865 om Karen Gurines familie. Vi ser at Karen Gurine er datter av Bernt Elias Christensen, som var g\u00e5rdbruker og selveier p\u00e5 Ims\u00f8. Mor er Martine Christoffersdatter. De giftet seg i 1848. Karen Gurine er p\u00e5 dette tidspunktet (1865) 11 \u00e5r, og er hjemmeboende med 1 s\u00f8ster og 1 bror.<\/p>\n<p dir=\"ltr\" align=\"center\"><img loading=\"lazy\" decoding=\"async\" src=\"https:\/\/ww2.fjeldskaar.com\/wp-content\/uploads\/2015\/05\/imsa_1.gif\" alt=\"imsa_1\" width=\"376\" height=\"344\" \/><br \/>\n<em>Ims\u00f8y &#8211; med g\u00e5rden til Bernt E. Christensen (g\u00e5rdsnr 139, bnr 2) i bl\u00e5 firkant<\/em><\/p>\n<p dir=\"ltr\" align=\"center\"><span style=\"color: #f7efd0;\">.<\/span><\/p>\n<p dir=\"ltr\" align=\"center\"><a href=\"https:\/\/www.fjeldskaar.com\/wp-content\/uploads\/2021\/04\/karenG3.png\"><img loading=\"lazy\" decoding=\"async\" class=\"alignnone wp-image-8138\" src=\"https:\/\/www.fjeldskaar.com\/wp-content\/uploads\/2021\/04\/karenG3-300x274.png\" alt=\"\" width=\"550\" height=\"502\" srcset=\"https:\/\/www.fjeldskaar.com\/wp-content\/uploads\/2021\/04\/karenG3-300x274.png 300w, https:\/\/www.fjeldskaar.com\/wp-content\/uploads\/2021\/04\/karenG3-1024x935.png 1024w, https:\/\/www.fjeldskaar.com\/wp-content\/uploads\/2021\/04\/karenG3-768x701.png 768w, https:\/\/www.fjeldskaar.com\/wp-content\/uploads\/2021\/04\/karenG3-1536x1403.png 1536w, https:\/\/www.fjeldskaar.com\/wp-content\/uploads\/2021\/04\/karenG3-2048x1870.png 2048w\" sizes=\"auto, (max-width: 550px) 100vw, 550px\" \/><\/a><\/p>\n<p>Karen Gurine ble f\u00f8dt p\u00e5 Gitlev\u00e5g, men vokste opp p\u00e5 Ims\u00f8y, hvor moren kom fra. Flere fra Ims\u00f8y var sj\u00f8farende folk ,og bror til Karen Gurine, Christian Immanuel Berntsen, var tydeligvis p\u00e5 vei til Vest-India da folketelling ble foretatt p\u00e5 Vestre Imsa i 1875.<\/p>\n<p dir=\"ltr\" align=\"center\"><span style=\"color: #f7efd0;\">.<\/span><span style=\"color: #f7efd0;\">.<\/span><\/p>\n<p><img loading=\"lazy\" decoding=\"async\" class=\"aligncenter\" src=\"https:\/\/ww2.fjeldskaar.com\/wp-content\/uploads\/2015\/05\/karenB.jpg\" alt=\"karenB\" width=\"488\" height=\"45\" \/><\/p>\n<p><img loading=\"lazy\" decoding=\"async\" class=\"aligncenter\" src=\"https:\/\/ww2.fjeldskaar.com\/wp-content\/uploads\/2015\/05\/karenA.jpg\" alt=\"karenA\" width=\"380\" height=\"48\" \/><\/p>\n<p style=\"text-align: center;\">Karen Gurine ble f\u00f8dt 4. februar 1855<\/p>\n<p><img loading=\"lazy\" decoding=\"async\" class=\"aligncenter\" src=\"https:\/\/ww2.fjeldskaar.com\/wp-content\/uploads\/2020\/08\/output-onlinepngtools-73.png\" alt=\"\" width=\"450\" height=\"397\" \/><\/p>\n<p align=\"center\"><img loading=\"lazy\" decoding=\"async\" src=\"https:\/\/ww2.fjeldskaar.com\/wp-content\/uploads\/2015\/05\/gitlevogb_2.jpg\" alt=\"gitlevogb_2\" width=\"650\" height=\"114\" \/><br \/>\nSom vi ser ovenfor, var Karen Gurines farfar, Christen B\u00e6rentsen Gitlevaag, bonde og skoleholder.<\/p>\n<p>&nbsp;<\/p>\n<p style=\"margin: 0cm; margin-bottom: .0001pt; text-align: justify;\">Karen Gurine ble f\u00f8dt p\u00e5 Gitlev\u00e5g i 1855, og konfirmert i 1869. Hun var den midterste i barneflokken p\u00e5 7.<\/p>\n<p style=\"margin: 0cm 0cm 0.0001pt; text-align: center;\"><img loading=\"lazy\" decoding=\"async\" src=\"https:\/\/ww2.fjeldskaar.com\/wp-content\/uploads\/2016\/11\/Karen_gurine2.jpg\" alt=\"\" width=\"600\" height=\"169\" \/><br \/>\n<em>Fra Folketellingen 1865. Karen Gurine var her 11 \u00e5r, s\u00f8steren Amalie (senere gift med far til Aabert Andersen; se senere) 4 \u00e5r.\u00a0<\/em><\/p>\n<p style=\"padding-left: 200px;\"><img loading=\"lazy\" decoding=\"async\" src=\"https:\/\/ww2.fjeldskaar.com\/wp-content\/uploads\/2015\/05\/File0012b-300x176.jpg\" alt=\"File0012b\" width=\"300\" height=\"176\" \/><img loading=\"lazy\" decoding=\"async\" src=\"https:\/\/ww2.fjeldskaar.com\/wp-content\/uploads\/2015\/05\/File0014b-300x180.jpg\" alt=\"File0014b\" width=\"300\" height=\"180\" \/><\/p>\n<p><em>Til venstre: Gitlev\u00e5g i bakgrunnen, B\u00e6rteigen er huset til h\u00f8yre. P\u00e5 bildet til h\u00f8yre ser vi huset p\u00e5 B\u00e6rteigen; familien i forgrunnen er senere eiere av huset.<\/em><\/p>\n<p style=\"text-align: center;\"><img loading=\"lazy\" decoding=\"async\" class=\"aligncenter\" src=\"https:\/\/ww2.fjeldskaar.com\/wp-content\/uploads\/2015\/05\/gitlev__g2.jpg\" alt=\"gitlev__g2\" width=\"400\" height=\"298\" \/><br \/>\nB\u00e6rteigen anno 2006<\/p>\n<p><span style=\"color: #f7efd0;\">.<\/span><\/p>\n<p align=\"center\"><span style=\"color: #f7efd0;\">.<\/span><\/p>\n<p align=\"center\"><img loading=\"lazy\" decoding=\"async\" class=\"\" src=\"https:\/\/ww2.fjeldskaar.com\/wp-content\/uploads\/2015\/05\/File0018b.jpg\" alt=\"File0018b\" width=\"433\" height=\"78\" \/><\/p>\n<p align=\"center\"><img loading=\"lazy\" decoding=\"async\" class=\"\" src=\"https:\/\/ww2.fjeldskaar.com\/wp-content\/uploads\/2015\/05\/IngerMarieTostensdtr.jpg\" alt=\"IngerMarieTostensdtr\" width=\"484\" height=\"155\" \/><br \/>\n<i>Tosten og Ranni fikk Ingeborg i 1837, Inger Marie i 1838 og Olene i 1840; alle f\u00f8dt i Vigmostad.<\/i><\/p>\n<p dir=\"ltr\" align=\"center\"><a href=\"https:\/\/ww2.fjeldskaar.com\/wp-content\/uploads\/2020\/08\/Kornelius-og-Enok-scaled.jpg\"><img loading=\"lazy\" decoding=\"async\" class=\"alignnone wp-image-6673\" src=\"https:\/\/ww2.fjeldskaar.com\/wp-content\/uploads\/2020\/08\/Kornelius-og-Enok-scaled.jpg\" alt=\"\" width=\"420\" height=\"591\" \/><\/a><\/p>\n<p dir=\"ltr\" align=\"center\"><b>\u00a0\u00a0\u00a0 Johan Enok og s\u00f8nnen Johan Kornelius <\/b>(trykk for \u00e5 se st\u00f8rre bilde)<\/p>\n<p dir=\"ltr\" align=\"center\"><span style=\"color: #f7efd0;\">.<\/span><\/p>\n<p style=\"margin: 0cm 0cm 0.0001pt; text-align: center;\"><a href=\"https:\/\/www.fjeldskaar.com\/wp-content\/uploads\/2021\/03\/enokchart.png\"><img loading=\"lazy\" decoding=\"async\" class=\"alignnone wp-image-7912\" src=\"https:\/\/www.fjeldskaar.com\/wp-content\/uploads\/2021\/03\/enokchart-300x225.png\" alt=\"\" width=\"600\" height=\"451\" srcset=\"https:\/\/www.fjeldskaar.com\/wp-content\/uploads\/2021\/03\/enokchart-300x225.png 300w, https:\/\/www.fjeldskaar.com\/wp-content\/uploads\/2021\/03\/enokchart-1024x770.png 1024w, https:\/\/www.fjeldskaar.com\/wp-content\/uploads\/2021\/03\/enokchart-768x577.png 768w, https:\/\/www.fjeldskaar.com\/wp-content\/uploads\/2021\/03\/enokchart-1536x1154.png 1536w, https:\/\/www.fjeldskaar.com\/wp-content\/uploads\/2021\/03\/enokchart-2048x1539.png 2048w\" sizes=\"auto, (max-width: 600px) 100vw, 600px\" \/><\/a><\/p>\n<p style=\"text-align: center;\">Johan Enok og Karen Gurines etterkommere (trykk for \u00e5 se st\u00f8rre bilde)<\/p>\n<p><span style=\"color: #f7efd0;\">.<\/span><\/p>\n<p><span style=\"color: #f7efd0;\">.<\/span><\/p>\n<p style=\"text-align: center;\" align=\"justify\"><strong><span style=\"font-family: 'Great Vibes'; font-size: 24pt; color: #806239;\">Johan Enok og Teodine<\/span><\/strong><\/p>\n<p align=\"justify\">Etter at Karen Gurine d\u00f8de, giftet Johan Enok seg p\u00e5 nytt &#8211; med Theodine Emilie T\u00f8nnesdtr (f. 1868). De fikk 4 barn &#8211; Edvarda, Sigurd, Marie og Gerhard. Nedenfor ser vi utdrag fra folketellingen 1900. Johan Enok er gift igjen (med Theodine) og har 3 barn boende i huset &#8211; Marie, Villum (Sigurd) og Edvarda. Alle fire barna er f\u00f8dt p\u00e5 Fjeldsk\u00e5r. Se mer<a href=\"https:\/\/www.fjeldskaar.com\/villumsen\/teodine\/\"><span style=\"color: #0000ff;\"><strong> her<\/strong><\/span><\/a>.<\/p>\n<p align=\"center\"><img loading=\"lazy\" decoding=\"async\" src=\"https:\/\/ww2.fjeldskaar.com\/wp-content\/uploads\/2016\/11\/Sigurd_Gerhard.jpg\" alt=\"\" width=\"603\" height=\"406\" \/><br \/>\n<em>Skifte etter Johan Enoks d\u00f8d i 1918. G\u00e5rden overtas av Sigurd sammen med Gerhard.\u00a0<\/em><\/p>\n<p align=\"center\"><span style=\"color: #f7efd0;\">.<\/span><\/p>\n<p align=\"center\"><img loading=\"lazy\" decoding=\"async\" class=\"\" src=\"https:\/\/ww2.fjeldskaar.com\/wp-content\/uploads\/2015\/05\/bilde4_3.jpg\" alt=\"bilde4_3\" width=\"548\" height=\"160\" \/><\/p>\n<p align=\"center\"><span style=\"color: #f7efd0;\">.<\/span><\/p>\n<p align=\"center\"><img loading=\"lazy\" decoding=\"async\" class=\"\" src=\"https:\/\/ww2.fjeldskaar.com\/wp-content\/uploads\/2020\/08\/output-onlinepngtools-74.png\" alt=\"\" width=\"503\" height=\"210\" \/><\/p>\n<p style=\"text-align: right;\"><span style=\"color: #f7efd0;\">.<span style=\"color: #ccaa7a;\"><span style=\"font-size: 10pt; font-family: 'book antiqua', palatino;\">\u00a0 \u00a0 \u00a0<\/span><\/span><a style=\"text-align: right;\" href=\"https:\/\/www.fjeldskaar.com\/villumsen\/besteforeldre\/\"><span style=\"color: #ccaa7a;\"><span style=\"font-size: 10pt; font-family: 'book antiqua', palatino;\">&gt; g\u00e5 til Amalie og Kornelius<\/span><\/span><\/a><\/span><\/p>\n<p><span style=\"color: #f7efd0;\">.<\/span><\/p>\n<p align=\"justify\">\n<div class=\"pdfprnt-buttons pdfprnt-buttons-page pdfprnt-bottom-right\"><a href=\"https:\/\/www.fjeldskaar.com\/nb_no\/wp-json\/wp\/v2\/pages\/7965?print=print\" class=\"pdfprnt-button pdfprnt-button-print\" target=\"_blank\"><img decoding=\"async\" src=\"https:\/\/www.fjeldskaar.com\/wp-content\/plugins\/pdf-print\/images\/print.png\" alt=\"image_print\" title=\"Print Content\" \/><span class=\"pdfprnt-button-title pdfprnt-button-print-title\">print<\/span><\/a><\/div>","protected":false},"excerpt":{"rendered":"<p>\u00a0&lt; g\u00e5 til Karen og Enoks aner\u00a0 \u00a0 \u00a0 \u00a0 \u00a0 \u00a0 \u00a0 \u00a0 \u00a0 \u00a0 \u00a0 \u00a0 \u00a0 \u00a0 \u00a0 \u00a0 \u00a0 \u00a0 \u00a0 \u00a0 \u00a0 \u00a0 \u00a0 \u00a0 \u00a0 \u00a0 \u00a0 \u00a0 \u00a0 \u00a0 \u00a0 \u00a0 \u00a0 \u00a0 \u00a0 \u00a0 \u00a0 \u00a0 \u00a0 \u00a0 \u00a0 \u00a0 \u00a0 \u00a0 \u00a0 \u00a0 \u00a0 \u00a0 \u00a0 [&hellip;]<\/p>\n","protected":false},"author":1,"featured_media":0,"parent":2791,"menu_order":7,"comment_status":"closed","ping_status":"closed","template":"no_sidebar.php","meta":{"footnotes":""},"class_list":["post-7965","page","type-page","status-publish","hentry"],"_links":{"self":[{"href":"https:\/\/www.fjeldskaar.com\/nb_no\/wp-json\/wp\/v2\/pages\/7965","targetHints":{"allow":["GET"]}}],"collection":[{"href":"https:\/\/www.fjeldskaar.com\/nb_no\/wp-json\/wp\/v2\/pages"}],"about":[{"href":"https:\/\/www.fjeldskaar.com\/nb_no\/wp-json\/wp\/v2\/types\/page"}],"author":[{"embeddable":true,"href":"https:\/\/www.fjeldskaar.com\/nb_no\/wp-json\/wp\/v2\/users\/1"}],"replies":[{"embeddable":true,"href":"https:\/\/www.fjeldskaar.com\/nb_no\/wp-json\/wp\/v2\/comments?post=7965"}],"version-history":[{"count":63,"href":"https:\/\/www.fjeldskaar.com\/nb_no\/wp-json\/wp\/v2\/pages\/7965\/revisions"}],"predecessor-version":[{"id":9295,"href":"https:\/\/www.fjeldskaar.com\/nb_no\/wp-json\/wp\/v2\/pages\/7965\/revisions\/9295"}],"up":[{"embeddable":true,"href":"https:\/\/www.fjeldskaar.com\/nb_no\/wp-json\/wp\/v2\/pages\/2791"}],"wp:attachment":[{"href":"https:\/\/www.fjeldskaar.com\/nb_no\/wp-json\/wp\/v2\/media?parent=7965"}],"curies":[{"name":"wp","href":"https:\/\/api.w.org\/{rel}","templated":true}]}}