{"id":7430,"date":"2020-08-29T20:24:40","date_gmt":"2020-08-29T20:24:40","guid":{"rendered":"https:\/\/ww2.fjeldskaar.com\/?page_id=7430"},"modified":"2023-01-21T19:45:01","modified_gmt":"2023-01-21T19:45:01","slug":"teodine","status":"publish","type":"page","link":"https:\/\/www.fjeldskaar.com\/nb_no\/villumsen\/teodine\/","title":{"rendered":"Teodine"},"content":{"rendered":"<p>&nbsp;<\/p>\n<h1 style=\"text-align: center;\"><span style=\"font-size: 30pt; color: #806239; font-family: 'Great Vibes';\">Johan Enok og Teodine Emilie<\/span><\/h1>\n<p style=\"text-align: center;\"><a href=\"https:\/\/ww2.fjeldskaar.com\/wp-content\/uploads\/2020\/08\/halvsosken.png\"><img loading=\"lazy\" decoding=\"async\" class=\"alignnone wp-image-7432\" src=\"https:\/\/ww2.fjeldskaar.com\/wp-content\/uploads\/2020\/08\/halvsosken.png\" alt=\"\" width=\"458\" height=\"362\" srcset=\"https:\/\/www.fjeldskaar.com\/wp-content\/uploads\/2020\/08\/halvsosken.png 4958w, https:\/\/www.fjeldskaar.com\/wp-content\/uploads\/2020\/08\/halvsosken-300x237.png 300w, https:\/\/www.fjeldskaar.com\/wp-content\/uploads\/2020\/08\/halvsosken-1024x810.png 1024w, https:\/\/www.fjeldskaar.com\/wp-content\/uploads\/2020\/08\/halvsosken-768x608.png 768w, https:\/\/www.fjeldskaar.com\/wp-content\/uploads\/2020\/08\/halvsosken-1536x1216.png 1536w, https:\/\/www.fjeldskaar.com\/wp-content\/uploads\/2020\/08\/halvsosken-2048x1621.png 2048w\" sizes=\"auto, (max-width: 458px) 100vw, 458px\" \/><\/a><\/p>\n<p><em>Halvs\u00f8sknene til Sofie og Kornelius fra Enoks andre ekteskap. Bakerst til venstre Edvarda (gift med Kristen Erland og bodde p\u00e5 Hamreheia i Kristiansand) og Marie (gift og bodde i Kleven ved Mandal). Foran Gerhard (ugift), og til h\u00f8yre Sigurd (gift og hadde en datter, Esther som var gift Haraldstad i Mandal). I midten Theodine (Johan Enoks andre kone). B\u00e5de Gerhard og Sigurd bodde stort sett hele livet i Nedre Fjeldskaar (n\u00e6r sj\u00f8en) og drev sm\u00e5bruk og fiske.<\/em><\/p>\n<p>Goksem\u00a0(Gauksum) er fra gammelt av en g\u00e5rd som ligger p\u00e5\u00a0Lindesneshalv\u00f8ya\u00a0i\u00a0Lindesnes\u00a0kommune i\u00a0Vest-Agder, mellom\u00a0Ramsland\u00a0og\u00a0Fjeldsk\u00e5r. Det var inntil\u00a01964\u00a0barneskole p\u00e5 Goksem for innbyggere p\u00e5 Lindesneshalv\u00f8ya, men skolen ble nedlagt og skolegangen for disse ble lagt til\u00a0Spangereid.<\/p>\n<p><span style=\"color: #f7efd0;\">.<\/span><\/p>\n<p><a href=\"https:\/\/www.fjeldskaar.com\/wp-content\/uploads\/2021\/04\/goksemskole_1915.jpg\"><img loading=\"lazy\" decoding=\"async\" class=\"wp-image-8120 aligncenter\" src=\"https:\/\/www.fjeldskaar.com\/wp-content\/uploads\/2021\/04\/goksemskole_1915-300x215.jpg\" alt=\"\" width=\"550\" height=\"395\" srcset=\"https:\/\/www.fjeldskaar.com\/wp-content\/uploads\/2021\/04\/goksemskole_1915-300x215.jpg 300w, https:\/\/www.fjeldskaar.com\/wp-content\/uploads\/2021\/04\/goksemskole_1915-768x551.jpg 768w, https:\/\/www.fjeldskaar.com\/wp-content\/uploads\/2021\/04\/goksemskole_1915.jpg 800w\" sizes=\"auto, (max-width: 550px) 100vw, 550px\" \/><\/a><\/p>\n<p><em>Goksem skole 1915. Personer p\u00e5 foto: 1. rekke fra v.: Simon Andersen, Ludvig Hansen, Einar Andersen, Reidar Andersen. 2. rekke: Alfrida Gabrielsen, Bertee Abrahamsen, Edvarda Svendsen Otilie Pedersen, Agnes Gabrielsen, Alfrida Sommundsen, Sigfrid Sommundsen, Teodora Gabrielsen, Anders Andersen, Robert Robertsen. 3. rekke: Nils Land\u00e5s, Marlene Robertsen, Sofie Gabrielsen, Helga Land\u00e5s, Klara Hansen, Olga Serensen, J.O. Homme (l\u00e6rer). 4. rekke: Erling Svendsen, <strong>Gerhard Willumsen<\/strong>, Torvald Robertsen, Arne Abrahamsen, Peder Hansen, Gabriel Gabrielsen. Referanse: Lindesnes Bygdemuseum (LIB-05238).<\/em><\/p>\n<p align=\"center\"><img loading=\"lazy\" decoding=\"async\" src=\"https:\/\/ww2.fjeldskaar.com\/wp-content\/uploads\/2015\/05\/bilde4_3.jpg\" alt=\"bilde4_3\" width=\"500\" height=\"146\" \/><\/p>\n<p align=\"center\"><img loading=\"lazy\" decoding=\"async\" src=\"https:\/\/ww2.fjeldskaar.com\/wp-content\/uploads\/2016\/11\/Sigurd_Gerhard.jpg\" alt=\"\" width=\"603\" height=\"406\" \/><br \/>\n<em>Skifte etter Johan Enoks d\u00f8d i 1918. G\u00e5rden overtas av Sigurd sammen med Gerhard.\u00a0<\/em><\/p>\n<p align=\"center\"><img loading=\"lazy\" decoding=\"async\" src=\"https:\/\/ww2.fjeldskaar.com\/wp-content\/uploads\/2020\/08\/output-onlinepngtools-74.png\" alt=\"\" width=\"450\" height=\"188\" \/><\/p>\n<p align=\"center\"><img loading=\"lazy\" decoding=\"async\" src=\"https:\/\/ww2.fjeldskaar.com\/wp-content\/uploads\/2015\/05\/File0018b.jpg\" alt=\"File0018b\" width=\"400\" height=\"72\" \/><\/p>\n<p align=\"center\"><img loading=\"lazy\" decoding=\"async\" src=\"https:\/\/ww2.fjeldskaar.com\/wp-content\/uploads\/2015\/05\/IngerMarieTostensdtr.jpg\" alt=\"IngerMarieTostensdtr\" width=\"450\" height=\"144\" \/><br \/>\n<i>Tosten og Ranni fikk Ingeborg i 1837, Inger Marie i 1838 og Olene i 1840; alle f\u00f8dt i Vigmostad.<\/i><\/p>\n<p align=\"center\">Datter av Ingeborg er Tomine, mens Inger Marie har datteren Teodine. Tomine og Teodine er dermed s\u00f8skenbarn.<\/p>\n<div class=\"pdfprnt-buttons pdfprnt-buttons-page pdfprnt-bottom-right\"><a href=\"https:\/\/www.fjeldskaar.com\/nb_no\/wp-json\/wp\/v2\/pages\/7430?print=print\" class=\"pdfprnt-button pdfprnt-button-print\" target=\"_blank\"><img decoding=\"async\" src=\"https:\/\/www.fjeldskaar.com\/wp-content\/plugins\/pdf-print\/images\/print.png\" alt=\"image_print\" title=\"Print Content\" \/><span class=\"pdfprnt-button-title pdfprnt-button-print-title\">print<\/span><\/a><\/div>","protected":false},"excerpt":{"rendered":"<p>&nbsp; Johan Enok og Teodine Emilie Halvs\u00f8sknene til Sofie og Kornelius fra Enoks andre ekteskap. Bakerst til venstre Edvarda (gift med Kristen Erland og bodde p\u00e5 Hamreheia i Kristiansand) og Marie (gift og bodde i Kleven ved Mandal). Foran Gerhard (ugift), og til h\u00f8yre Sigurd (gift og hadde en datter, Esther som var gift Haraldstad [&hellip;]<\/p>\n","protected":false},"author":1,"featured_media":0,"parent":2791,"menu_order":80,"comment_status":"closed","ping_status":"closed","template":"no_sidebar.php","meta":{"footnotes":""},"class_list":["post-7430","page","type-page","status-publish","hentry"],"_links":{"self":[{"href":"https:\/\/www.fjeldskaar.com\/nb_no\/wp-json\/wp\/v2\/pages\/7430","targetHints":{"allow":["GET"]}}],"collection":[{"href":"https:\/\/www.fjeldskaar.com\/nb_no\/wp-json\/wp\/v2\/pages"}],"about":[{"href":"https:\/\/www.fjeldskaar.com\/nb_no\/wp-json\/wp\/v2\/types\/page"}],"author":[{"embeddable":true,"href":"https:\/\/www.fjeldskaar.com\/nb_no\/wp-json\/wp\/v2\/users\/1"}],"replies":[{"embeddable":true,"href":"https:\/\/www.fjeldskaar.com\/nb_no\/wp-json\/wp\/v2\/comments?post=7430"}],"version-history":[{"count":11,"href":"https:\/\/www.fjeldskaar.com\/nb_no\/wp-json\/wp\/v2\/pages\/7430\/revisions"}],"predecessor-version":[{"id":9232,"href":"https:\/\/www.fjeldskaar.com\/nb_no\/wp-json\/wp\/v2\/pages\/7430\/revisions\/9232"}],"up":[{"embeddable":true,"href":"https:\/\/www.fjeldskaar.com\/nb_no\/wp-json\/wp\/v2\/pages\/2791"}],"wp:attachment":[{"href":"https:\/\/www.fjeldskaar.com\/nb_no\/wp-json\/wp\/v2\/media?parent=7430"}],"curies":[{"name":"wp","href":"https:\/\/api.w.org\/{rel}","templated":true}]}}