{"id":8594,"date":"2021-05-16T12:26:13","date_gmt":"2021-05-16T12:26:13","guid":{"rendered":"https:\/\/www.fjeldskaar.com\/?page_id=8594"},"modified":"2021-05-17T07:57:06","modified_gmt":"2021-05-17T07:57:06","slug":"bildebehandling","status":"publish","type":"page","link":"https:\/\/www.fjeldskaar.com\/en\/villumsen\/fra-kirkebokene\/kilder\/bildebehandling\/","title":{"rendered":"Image treatment"},"content":{"rendered":"<p style=\"text-align: center;\"><span style=\"color: #806239;\"><strong><span style=\"font-size: 24pt; font-family: 'Great Vibes';\">Image treatment<\/span><\/strong><\/span><\/p>\n<p><img loading=\"lazy\" decoding=\"async\" class=\"wp-image-8595 alignleft\" src=\"https:\/\/www.fjeldskaar.com\/wp-content\/uploads\/2021\/05\/remini.png\" alt=\"\" width=\"50\" height=\"50\" srcset=\"https:\/\/www.fjeldskaar.com\/wp-content\/uploads\/2021\/05\/remini.png 180w, https:\/\/www.fjeldskaar.com\/wp-content\/uploads\/2021\/05\/remini-150x150.png 150w\" sizes=\"auto, (max-width: 50px) 100vw, 50px\" \/>Enkelte av bildene p\u00e5 nettsiden er behandlet med appen &laquo;Remini photo enhancer&raquo;. Appen Remini benytter kunstig intelligens til \u00e5 endre gamle fotografier som kanskje er uskarpe, falmet eller ripete, og gj\u00f8r dem om til skarpe, fine bilder.<\/p>\n<p>Nedenfor vises et par eksempler:<\/p>\n<p>&nbsp;<\/p>\n<p style=\"text-align: center;\"><a href=\"https:\/\/www.fjeldskaar.com\/wp-content\/uploads\/2021\/05\/korneliusRem.png\"><img loading=\"lazy\" decoding=\"async\" class=\"alignnone wp-image-8596\" src=\"https:\/\/www.fjeldskaar.com\/wp-content\/uploads\/2021\/05\/korneliusRem-300x159.png\" alt=\"\" width=\"500\" height=\"265\" srcset=\"https:\/\/www.fjeldskaar.com\/wp-content\/uploads\/2021\/05\/korneliusRem-300x159.png 300w, https:\/\/www.fjeldskaar.com\/wp-content\/uploads\/2021\/05\/korneliusRem.png 685w\" sizes=\"auto, (max-width: 500px) 100vw, 500px\" \/><\/a><\/p>\n<p><a href=\"https:\/\/www.fjeldskaar.com\/wp-content\/uploads\/2021\/05\/amalieRem-1.png\"><img loading=\"lazy\" decoding=\"async\" class=\"aligncenter wp-image-8600\" src=\"https:\/\/www.fjeldskaar.com\/wp-content\/uploads\/2021\/05\/amalieRem-1-300x181.png\" alt=\"\" width=\"500\" height=\"302\" srcset=\"https:\/\/www.fjeldskaar.com\/wp-content\/uploads\/2021\/05\/amalieRem-1-300x181.png 300w, https:\/\/www.fjeldskaar.com\/wp-content\/uploads\/2021\/05\/amalieRem-1.png 645w\" sizes=\"auto, (max-width: 500px) 100vw, 500px\" \/><\/a><\/p>\n<p style=\"text-align: center;\">\n<div class=\"pdfprnt-buttons pdfprnt-buttons-page pdfprnt-bottom-right\"><a href=\"https:\/\/www.fjeldskaar.com\/en\/wp-json\/wp\/v2\/pages\/8594?print=print\" class=\"pdfprnt-button pdfprnt-button-print\" target=\"_blank\"><img decoding=\"async\" src=\"https:\/\/www.fjeldskaar.com\/wp-content\/plugins\/pdf-print\/images\/print.png\" alt=\"image_print\" title=\"Print Content\" \/><span class=\"pdfprnt-button-title pdfprnt-button-print-title\">print<\/span><\/a><\/div>","protected":false},"excerpt":{"rendered":"<p>Bildebehandling Enkelte av bildene p\u00e5 nettsiden er behandlet med appen &laquo;Remini photo enhancer&raquo;. Appen Remini benytter kunstig intelligens til \u00e5 endre gamle fotografier som kanskje er uskarpe, falmet eller ripete, og gj\u00f8r dem om til skarpe, fine bilder. Nedenfor vises et par eksempler: &nbsp; print<\/p>","protected":false},"author":1,"featured_media":0,"parent":196,"menu_order":40,"comment_status":"closed","ping_status":"closed","template":"","meta":{"footnotes":""},"class_list":["post-8594","page","type-page","status-publish","hentry"],"_links":{"self":[{"href":"https:\/\/www.fjeldskaar.com\/en\/wp-json\/wp\/v2\/pages\/8594","targetHints":{"allow":["GET"]}}],"collection":[{"href":"https:\/\/www.fjeldskaar.com\/en\/wp-json\/wp\/v2\/pages"}],"about":[{"href":"https:\/\/www.fjeldskaar.com\/en\/wp-json\/wp\/v2\/types\/page"}],"author":[{"embeddable":true,"href":"https:\/\/www.fjeldskaar.com\/en\/wp-json\/wp\/v2\/users\/1"}],"replies":[{"embeddable":true,"href":"https:\/\/www.fjeldskaar.com\/en\/wp-json\/wp\/v2\/comments?post=8594"}],"version-history":[{"count":5,"href":"https:\/\/www.fjeldskaar.com\/en\/wp-json\/wp\/v2\/pages\/8594\/revisions"}],"predecessor-version":[{"id":8604,"href":"https:\/\/www.fjeldskaar.com\/en\/wp-json\/wp\/v2\/pages\/8594\/revisions\/8604"}],"up":[{"embeddable":true,"href":"https:\/\/www.fjeldskaar.com\/en\/wp-json\/wp\/v2\/pages\/196"}],"wp:attachment":[{"href":"https:\/\/www.fjeldskaar.com\/en\/wp-json\/wp\/v2\/media?parent=8594"}],"curies":[{"name":"wp","href":"https:\/\/api.w.org\/{rel}","templated":true}]}}