{"id":7965,"date":"2021-03-23T17:46:31","date_gmt":"2021-03-23T17:46:31","guid":{"rendered":"https:\/\/www.fjeldskaar.com\/?page_id=7965"},"modified":"2023-02-17T16:21:26","modified_gmt":"2023-02-17T16:21:26","slug":"karen-gurine-og-johan-enok","status":"publish","type":"page","link":"https:\/\/www.fjeldskaar.com\/en\/villumsen\/karen-gurine-og-johan-enok\/","title":{"rendered":"Karen Gurine\/Johan Enok"},"content":{"rendered":"<p style=\"text-align: left;\"><span style=\"font-size: 8pt;\"><span style=\"color: #ccaa7a;\"><span style=\"font-family: 'book antiqua', palatino;\">\u00a0<\/span><\/span><a href=\"https:\/\/www.fjeldskaar.com\/en\/villumsen\/\"><span style=\"color: #ccaa7a;\"><span style=\"font-family: 'book antiqua', palatino;\">&lt; go to <\/span><\/span><span style=\"color: #ccaa7a;\"><span style=\"font-family: 'book antiqua', palatino;\">Karen and Enock<\/span><\/span><\/a><span style=\"color: #ccaa7a;\"><span style=\"font-family: 'book antiqua', palatino;\">\u00a0<\/span><\/span><\/span><\/p>\n<h2 style=\"text-align: center;\"><span style=\"color: #ccaa7a;\"><span style=\"font-size: 10pt; font-family: 'book antiqua', palatino;\">\u00a0 \u00a0 \u00a0 \u00a0 \u00a0 \u00a0 \u00a0 \u00a0 \u00a0 \u00a0 \u00a0 \u00a0 \u00a0 \u00a0 \u00a0 \u00a0 \u00a0 \u00a0 \u00a0 \u00a0 \u00a0 \u00a0 \u00a0 \u00a0 \u00a0 \u00a0 \u00a0 \u00a0 \u00a0 \u00a0 \u00a0 \u00a0 \u00a0 \u00a0 \u00a0 \u00a0 \u00a0 \u00a0 \u00a0 \u00a0 \u00a0 \u00a0 \u00a0 \u00a0 \u00a0 \u00a0 \u00a0 \u00a0 \u00a0 \u00a0 \u00a0 \u00a0 \u00a0 \u00a0 \u00a0 \u00a0 \u00a0 \u00a0 \u00a0 \u00a0 \u00a0 \u00a0\u00a0<\/span><\/span><\/h2>\n<h1><\/h1>\n<h1 style=\"text-align: center;\"><span style=\"color: #f7efd0; font-size: 30pt;\">.<\/span><\/h1>\n<h1 style=\"text-align: center;\"><span style=\"color: #806239; font-size: 30pt; font-family: 'Great Vibes';\">Karen Gurine Berentsdtr Ims\u00f8y <\/span><\/h1>\n<p style=\"text-align: center;\"><span style=\"color: #806239; font-family: 'Great Vibes';\"><strong><span style=\"font-size: 14pt;\">1855-1888<\/span><\/strong><\/span><\/p>\n<p><span style=\"color: #f7efd0; font-family: 'Great Vibes';\">.<\/span><\/p>\n<h1 style=\"text-align: center;\"><span style=\"color: #806239; font-size: 30pt; font-family: 'Great Vibes';\">Johan Enoch Villumsen Fjeldskaar <\/span><\/h1>\n<p style=\"text-align: center;\"><span style=\"color: #806239; font-family: 'Great Vibes';\"><strong><span style=\"font-size: 14pt;\">1853-1917<\/span><\/strong><\/span><\/p>\n<p style=\"padding-left: 40px; text-align: center;\"><a href=\"https:\/\/www.fjeldskaar.com\/wp-content\/uploads\/2021\/05\/enok.png\"><img loading=\"lazy\" decoding=\"async\" class=\"alignnone wp-image-8433\" src=\"https:\/\/www.fjeldskaar.com\/wp-content\/uploads\/2021\/05\/enok-217x300.png\" alt=\"\" width=\"339\" height=\"468\" srcset=\"https:\/\/www.fjeldskaar.com\/wp-content\/uploads\/2021\/05\/enok-217x300.png 217w, https:\/\/www.fjeldskaar.com\/wp-content\/uploads\/2021\/05\/enok-742x1024.png 742w, https:\/\/www.fjeldskaar.com\/wp-content\/uploads\/2021\/05\/enok-768x1059.png 768w, https:\/\/www.fjeldskaar.com\/wp-content\/uploads\/2021\/05\/enok-1114x1536.png 1114w, https:\/\/www.fjeldskaar.com\/wp-content\/uploads\/2021\/05\/enok-1485x2048.png 1485w\" sizes=\"auto, (max-width: 339px) 100vw, 339px\" \/><\/a><a href=\"https:\/\/www.fjeldskaar.com\/wp-content\/uploads\/2021\/05\/KarenG.png\"> \u00a0<img loading=\"lazy\" decoding=\"async\" class=\"alignnone wp-image-8431\" src=\"https:\/\/www.fjeldskaar.com\/wp-content\/uploads\/2021\/05\/KarenG-213x300.png\" alt=\"\" width=\"333\" height=\"468\" srcset=\"https:\/\/www.fjeldskaar.com\/wp-content\/uploads\/2021\/05\/KarenG-213x300.png 213w, https:\/\/www.fjeldskaar.com\/wp-content\/uploads\/2021\/05\/KarenG-728x1024.png 728w, https:\/\/www.fjeldskaar.com\/wp-content\/uploads\/2021\/05\/KarenG-768x1080.png 768w, https:\/\/www.fjeldskaar.com\/wp-content\/uploads\/2021\/05\/KarenG-1092x1536.png 1092w, https:\/\/www.fjeldskaar.com\/wp-content\/uploads\/2021\/05\/KarenG-1456x2048.png 1456w\" sizes=\"auto, (max-width: 333px) 100vw, 333px\" \/><\/a><\/p>\n<p align=\"justify\">Both were from Spangereid at Lindesnes. Johan Enok was the son of the Sille Tomine Petersdatter and Willum Johnsen (see below), and was born on Flateb\u00f8 in 1853, later moved to Fjeldskaar and died 1917 (of heart disease). Karen Gurine, the daughter of Martine Christoffersdatter and Berent Elias Christensen (see below), was born on the Gitlev\u00e5g in 1855 and died on Flateb\u00f8 in 1888.<\/p>\n<p align=\"justify\"><img loading=\"lazy\" decoding=\"async\" class=\"aligncenter wp-image-8965\" src=\"https:\/\/www.fjeldskaar.com\/wp-content\/uploads\/2022\/11\/JohanE_Karen-300x136.jpg\" alt=\"\" width=\"450\" height=\"203\" srcset=\"https:\/\/www.fjeldskaar.com\/wp-content\/uploads\/2022\/11\/JohanE_Karen-300x136.jpg 300w, https:\/\/www.fjeldskaar.com\/wp-content\/uploads\/2022\/11\/JohanE_Karen-18x8.jpg 18w, https:\/\/www.fjeldskaar.com\/wp-content\/uploads\/2022\/11\/JohanE_Karen.jpg 695w\" sizes=\"auto, (max-width: 450px) 100vw, 450px\" \/><\/p>\n<p align=\"justify\"><span style=\"color: #f7efd0;\">.<\/span><\/p>\n<p align=\"justify\"><img loading=\"lazy\" decoding=\"async\" class=\"aligncenter wp-image-8074\" src=\"https:\/\/www.fjeldskaar.com\/wp-content\/uploads\/2021\/03\/output-onlinepngtools-2021-03-29T121615.156-300x80.png\" alt=\"\" width=\"650\" height=\"173\" srcset=\"https:\/\/www.fjeldskaar.com\/wp-content\/uploads\/2021\/03\/output-onlinepngtools-2021-03-29T121615.156-300x80.png 300w, https:\/\/www.fjeldskaar.com\/wp-content\/uploads\/2021\/03\/output-onlinepngtools-2021-03-29T121615.156-768x205.png 768w, https:\/\/www.fjeldskaar.com\/wp-content\/uploads\/2021\/03\/output-onlinepngtools-2021-03-29T121615.156.png 934w\" sizes=\"auto, (max-width: 650px) 100vw, 650px\" \/><\/p>\n<p align=\"justify\"><span style=\"color: #f7efd0;\">.<\/span><\/p>\n<p><span style=\"color: #f7efd0;\">.<\/span><\/p>\n<p style=\"text-align: center;\" align=\"justify\"><img loading=\"lazy\" decoding=\"async\" src=\"https:\/\/ww2.fjeldskaar.com\/wp-content\/uploads\/2016\/11\/JohanE_101217.png\" alt=\"\" width=\"487\" height=\"42\" \/> <img loading=\"lazy\" decoding=\"async\" src=\"https:\/\/ww2.fjeldskaar.com\/wp-content\/uploads\/2016\/11\/JohanE_101217b.png\" alt=\"\" width=\"764\" height=\"37\" \/><\/p>\n<p style=\"text-align: center;\" align=\"justify\"><em>Johan Enok d\u00f8r 10. desember 1917 av hjertefeil, under et bes\u00f8k p\u00e5 Kleven i Mandal. Fra kirkeboken.<\/em><\/p>\n<p align=\"justify\"><a href=\"https:\/\/www.fjeldskaar.com\/wp-content\/uploads\/2022\/12\/kleven.png\"><img loading=\"lazy\" decoding=\"async\" class=\"aligncenter wp-image-9172\" src=\"https:\/\/www.fjeldskaar.com\/wp-content\/uploads\/2022\/12\/kleven-300x211.png\" alt=\"\" width=\"400\" height=\"281\" srcset=\"https:\/\/www.fjeldskaar.com\/wp-content\/uploads\/2022\/12\/kleven-300x211.png 300w, https:\/\/www.fjeldskaar.com\/wp-content\/uploads\/2022\/12\/kleven-768x540.png 768w, https:\/\/www.fjeldskaar.com\/wp-content\/uploads\/2022\/12\/kleven-18x12.png 18w, https:\/\/www.fjeldskaar.com\/wp-content\/uploads\/2022\/12\/kleven.png 852w\" sizes=\"auto, (max-width: 400px) 100vw, 400px\" \/><\/a><\/p>\n<p style=\"text-align: center;\" align=\"justify\"><em>Kleven. En gang nord-Europas beste seilskutehavn (Fra &laquo;Mandal f\u00f8r og n\u00e5&raquo; 1992, av Einar Spetland)<\/em><\/p>\n<p align=\"justify\"><a href=\"https:\/\/www.fjeldskaar.com\/wp-content\/uploads\/2022\/12\/spangereide.png\"><img loading=\"lazy\" decoding=\"async\" class=\"aligncenter wp-image-9169\" src=\"https:\/\/www.fjeldskaar.com\/wp-content\/uploads\/2022\/12\/spangereide-300x192.png\" alt=\"\" width=\"450\" height=\"287\" srcset=\"https:\/\/www.fjeldskaar.com\/wp-content\/uploads\/2022\/12\/spangereide-300x192.png 300w, https:\/\/www.fjeldskaar.com\/wp-content\/uploads\/2022\/12\/spangereide-18x12.png 18w, https:\/\/www.fjeldskaar.com\/wp-content\/uploads\/2022\/12\/spangereide.png 620w\" sizes=\"auto, (max-width: 450px) 100vw, 450px\" \/><\/a><\/p>\n<p style=\"text-align: center;\" align=\"justify\"><em>Spangereid kirke. Opprinnelig var kirken en langkirke i romansk stil da den ble bygd i ca 1100, og den eldste delen er i stein. I 1830-\u00e5rene ble kirken bygget om og utvidet slik at den i dag fremst\u00e5r som en korskirke.<\/em><\/p>\n<p align=\"justify\">Johan Enok was a fisherman and farmer. He was a resident of the Inner Fjeldskaar (Gnr 162 Bnr 6) where he had cows, and cultivated corn and potatoes. To Fjeldskaar belonged also a rich salmon fishing. There were five fishing spots where people did salmon fishing: Black Hillegarn, Kj\u00f8dnodden, Yellow Holmen, Big Hillegarn and Dropskjersteinen. Inner Fjeldskaar owned four-fifths of the fishing, outer Fjeldskaar one-fifth.<\/p>\n<p><span style=\"color: #f7efd0;\">.<\/span><\/p>\n<p style=\"text-align: center;\"><a href=\"https:\/\/ww2.fjeldskaar.com\/wp-content\/uploads\/2020\/11\/output-onlinepngtools-2020-11-06T193223.593.png\"><img loading=\"lazy\" decoding=\"async\" class=\"alignnone wp-image-8043\" src=\"https:\/\/ww2.fjeldskaar.com\/wp-content\/uploads\/2020\/11\/output-onlinepngtools-2020-11-06T193223.593.png\" alt=\"\" width=\"560\" height=\"362\" \/><\/a><\/p>\n<p><span style=\"color: #f7efd0;\">.<\/span><\/p>\n<p dir=\"ltr\" align=\"justify\">At the first census in Norway (1801), we find our relative Joen Joensen. He belonged to one of the 2 families on Flateb\u00f8. He was then 53 years old, and was married to Anna T\u00f8nnesdtr, who was 60 years old. It is not quite certainly that Joen was born on Flateb\u00f8, but both his son, grandson, great-grandson (Johan Enok) and his grandson's grandson (Johan Kornelius) was born there. Johan Enok's mother (Sille Thomine Petersdtr) also came from the Flateb\u00f8 \u2013 according to the church records she had a place of residence Fladeb\u00f8 when she was baptized.<\/p>\n<p dir=\"ltr\" style=\"text-align: center;\" align=\"justify\"><a href=\"https:\/\/www.fjeldskaar.com\/wp-content\/uploads\/2021\/05\/enok8.png\"><img loading=\"lazy\" decoding=\"async\" class=\"alignnone wp-image-8543\" src=\"https:\/\/www.fjeldskaar.com\/wp-content\/uploads\/2021\/05\/enok8-184x300.png\" alt=\"\" width=\"250\" height=\"407\" srcset=\"https:\/\/www.fjeldskaar.com\/wp-content\/uploads\/2021\/05\/enok8-184x300.png 184w, https:\/\/www.fjeldskaar.com\/wp-content\/uploads\/2021\/05\/enok8-629x1024.png 629w, https:\/\/www.fjeldskaar.com\/wp-content\/uploads\/2021\/05\/enok8-768x1251.png 768w, https:\/\/www.fjeldskaar.com\/wp-content\/uploads\/2021\/05\/enok8.png 894w\" sizes=\"auto, (max-width: 250px) 100vw, 250px\" \/><\/a><\/p>\n<p dir=\"ltr\" style=\"text-align: center;\" align=\"justify\">Johan Enok (click to see larger image)<\/p>\n<p dir=\"ltr\" align=\"center\"><img loading=\"lazy\" decoding=\"async\" src=\"https:\/\/ww2.fjeldskaar.com\/wp-content\/uploads\/2015\/05\/korn_sof.jpg\" alt=\"korn_sof\" width=\"260\" height=\"166\" \/><br \/>\n<strong><i>Sofie and Johan Kornelius<\/i><\/strong><\/p>\n<p align=\"baseline\">Johan Enok and Karen Gurine had 2 children together \u2013 <a href=\"https:\/\/www.fjeldskaar.com\/en\/villumsen\/besteforeldre\/\"><strong>Johan Kornelius <\/strong><\/a>and <span style=\"color: #0000ff;\"><a style=\"color: #0000ff;\" href=\"https:\/\/www.fjeldskaar.com\/en\/eidet\/tomine-og-aanens-barn\/\"><strong>Sofie<\/strong><\/a><\/span>. Karen Gurine died on Flateb\u00f8 in 1888, the same year that she gave birth to her third child \u2013 Villum. He died just 10 hours old. Karen Gurine died the next day afterwards of pneumonia. After Karen Gurine died, Johan Enoch moved to Fjeldskaar. He bought the farm on the <span style=\"color: #0000ff;\"><a style=\"color: #0000ff;\" href=\"https:\/\/media.digitalarkivet.no\/view\/18496\/209\">Inner Fjeldskaar<\/a><\/span> 31. December 1890.<\/p>\n<p dir=\"ltr\" align=\"center\"><img loading=\"lazy\" decoding=\"async\" src=\"https:\/\/ww2.fjeldskaar.com\/wp-content\/uploads\/2015\/05\/flateb__3b.jpg\" alt=\"flateb__3b\" width=\"350\" height=\"234\" \/><br \/>\n<em>Flateb\u00f8. Blue square shows the the farm of Johan Enok. It is now (July 2006), only four farms on Flateb\u00f8, but only one in operation. It is our genealogy-farm (see photo aerial view from 1961 below).<\/em><\/p>\n<p dir=\"ltr\" align=\"center\"><img loading=\"lazy\" decoding=\"async\" src=\"https:\/\/ww2.fjeldskaar.com\/wp-content\/uploads\/2015\/05\/vellem.jpg\" alt=\"vellem\" width=\"650\" height=\"189\" \/><br \/>\nFrom the census in 1865. We see the family of Vellem Johnsen; Johan Enok was then 12 years<\/p>\n<p dir=\"ltr\" align=\"center\"><span style=\"color: #f7efd0;\">.<\/span><\/p>\n<p align=\"baseline\"><a href=\"https:\/\/www.fjeldskaar.com\/wp-content\/uploads\/2021\/05\/FjeldskaarGnr162Bnr6.png\"><img loading=\"lazy\" decoding=\"async\" class=\"aligncenter wp-image-8468\" src=\"https:\/\/www.fjeldskaar.com\/wp-content\/uploads\/2021\/05\/FjeldskaarGnr162Bnr6-300x53.png\" alt=\"\" width=\"600\" height=\"105\" srcset=\"https:\/\/www.fjeldskaar.com\/wp-content\/uploads\/2021\/05\/FjeldskaarGnr162Bnr6-300x53.png 300w, https:\/\/www.fjeldskaar.com\/wp-content\/uploads\/2021\/05\/FjeldskaarGnr162Bnr6-1024x180.png 1024w, https:\/\/www.fjeldskaar.com\/wp-content\/uploads\/2021\/05\/FjeldskaarGnr162Bnr6-768x135.png 768w, https:\/\/www.fjeldskaar.com\/wp-content\/uploads\/2021\/05\/FjeldskaarGnr162Bnr6.png 1402w\" sizes=\"auto, (max-width: 600px) 100vw, 600px\" \/><\/a><\/p>\n<p align=\"baseline\"><a href=\"https:\/\/www.fjeldskaar.com\/wp-content\/uploads\/2021\/05\/Fjeldskaar_1890.png\"><img loading=\"lazy\" decoding=\"async\" class=\"aligncenter wp-image-8467\" src=\"https:\/\/www.fjeldskaar.com\/wp-content\/uploads\/2021\/05\/Fjeldskaar_1890-300x57.png\" alt=\"\" width=\"600\" height=\"114\" srcset=\"https:\/\/www.fjeldskaar.com\/wp-content\/uploads\/2021\/05\/Fjeldskaar_1890-300x57.png 300w, https:\/\/www.fjeldskaar.com\/wp-content\/uploads\/2021\/05\/Fjeldskaar_1890-768x146.png 768w, https:\/\/www.fjeldskaar.com\/wp-content\/uploads\/2021\/05\/Fjeldskaar_1890.png 993w\" sizes=\"auto, (max-width: 600px) 100vw, 600px\" \/><\/a><\/p>\n<p align=\"baseline\"><span style=\"color: #f7efd0;\">.<\/span><\/p>\n<p dir=\"ltr\" align=\"center\"><img loading=\"lazy\" decoding=\"async\" src=\"https:\/\/ww2.fjeldskaar.com\/wp-content\/uploads\/2015\/05\/gard162-300x203.jpg\" alt=\"gard162\" width=\"300\" height=\"203\" \/><br \/>\nFjeldskaar-farm (Gnr 162, Bnr 6; blue square)<\/p>\n<p dir=\"ltr\" style=\"text-align: left;\" align=\"center\">Below we see an excerpt from the population census in 1865 about Karen Gurine's family. We see that Karen Gurine is the daughter of Bernt Elias Christensen, who was a farmer and homeowner on Ims\u00f8. Mother is Martine Christoffersdatter. They were married in 1848. Karen Gurine is at this time (1865) was 11 years, and is at home with 1 sister and 1 brother.<\/p>\n<p dir=\"ltr\" align=\"center\"><img loading=\"lazy\" decoding=\"async\" src=\"https:\/\/ww2.fjeldskaar.com\/wp-content\/uploads\/2015\/05\/imsa_1.gif\" alt=\"imsa_1\" width=\"376\" height=\"344\" \/><br \/>\n<em>Ims\u00f8y \u2013 with the farm of Bernt E. Christensen (g\u00e5rdsnr 139, bnr 2) in the blue square<\/em><\/p>\n<p dir=\"ltr\" align=\"center\"><span style=\"color: #f7efd0;\">.<\/span><\/p>\n<p dir=\"ltr\" align=\"center\"><a href=\"https:\/\/www.fjeldskaar.com\/wp-content\/uploads\/2021\/04\/karenG3.png\"><img loading=\"lazy\" decoding=\"async\" class=\"alignnone wp-image-8138\" src=\"https:\/\/www.fjeldskaar.com\/wp-content\/uploads\/2021\/04\/karenG3-300x274.png\" alt=\"\" width=\"550\" height=\"502\" srcset=\"https:\/\/www.fjeldskaar.com\/wp-content\/uploads\/2021\/04\/karenG3-300x274.png 300w, https:\/\/www.fjeldskaar.com\/wp-content\/uploads\/2021\/04\/karenG3-1024x935.png 1024w, https:\/\/www.fjeldskaar.com\/wp-content\/uploads\/2021\/04\/karenG3-768x701.png 768w, https:\/\/www.fjeldskaar.com\/wp-content\/uploads\/2021\/04\/karenG3-1536x1403.png 1536w, https:\/\/www.fjeldskaar.com\/wp-content\/uploads\/2021\/04\/karenG3-2048x1870.png 2048w\" sizes=\"auto, (max-width: 550px) 100vw, 550px\" \/><\/a><\/p>\n<p>Karen Gurine was born on the Gitlev\u00e5g, but grew up on the Ims\u00f8y, where her mother came from. Several people from Ims\u00f8y were seafaring people, including the brother of Karen Gurine, Christian Immanuel Berntsen, was apparently on the way to the West Indies when the census was conducted in the Western Imsa in 1875.<\/p>\n<p dir=\"ltr\" align=\"center\"><span style=\"color: #f7efd0;\">.<\/span><span style=\"color: #f7efd0;\">.<\/span><\/p>\n<p><img loading=\"lazy\" decoding=\"async\" class=\"aligncenter\" src=\"https:\/\/ww2.fjeldskaar.com\/wp-content\/uploads\/2015\/05\/karenB.jpg\" alt=\"karenB\" width=\"488\" height=\"45\" \/><\/p>\n<p><img loading=\"lazy\" decoding=\"async\" class=\"aligncenter\" src=\"https:\/\/ww2.fjeldskaar.com\/wp-content\/uploads\/2015\/05\/karenA.jpg\" alt=\"karenA\" width=\"380\" height=\"48\" \/><\/p>\n<p style=\"text-align: center;\">Karen Gurine was born 4. February 1855<\/p>\n<p><img loading=\"lazy\" decoding=\"async\" class=\"aligncenter\" src=\"https:\/\/ww2.fjeldskaar.com\/wp-content\/uploads\/2020\/08\/output-onlinepngtools-73.png\" alt=\"\" width=\"450\" height=\"397\" \/><\/p>\n<p align=\"center\"><img loading=\"lazy\" decoding=\"async\" src=\"https:\/\/ww2.fjeldskaar.com\/wp-content\/uploads\/2015\/05\/gitlevogb_2.jpg\" alt=\"gitlevogb_2\" width=\"650\" height=\"114\" \/><br \/>\nAs we see above, Karen Gurine's grandfather, Christen B\u00e6rentsen Gitlevaag, was farmer and teacher.<\/p>\n<p>&nbsp;<\/p>\n<p style=\"margin: 0cm; margin-bottom: .0001pt; text-align: justify;\">Karen Gurine was born on the Gitlev\u00e5g in 1855, and confirmed in 1869. She was the middle of the siblings at 7.<\/p>\n<p style=\"margin: 0cm 0cm 0.0001pt; text-align: center;\"><img loading=\"lazy\" decoding=\"async\" src=\"https:\/\/ww2.fjeldskaar.com\/wp-content\/uploads\/2016\/11\/Karen_gurine2.jpg\" alt=\"\" width=\"600\" height=\"169\" \/><br \/>\n<em>From the Census of 1865. Karen Gurine was here 11 years, sister Amalie (later married to the father of Aabert Andersen; see later) 4 years.\u00a0<\/em><\/p>\n<p style=\"padding-left: 200px;\"><img loading=\"lazy\" decoding=\"async\" src=\"https:\/\/ww2.fjeldskaar.com\/wp-content\/uploads\/2015\/05\/File0012b-300x176.jpg\" alt=\"File0012b\" width=\"300\" height=\"176\" \/><img loading=\"lazy\" decoding=\"async\" src=\"https:\/\/ww2.fjeldskaar.com\/wp-content\/uploads\/2015\/05\/File0014b-300x180.jpg\" alt=\"File0014b\" width=\"300\" height=\"180\" \/><\/p>\n<p><em>To the left: Gitlev\u00e5g in the background, B\u00e6rteigen is the house to the right. On the image to the right we see the house on B\u00e6rteigen; the family in the foreground is the later owners of the house.<\/em><\/p>\n<p style=\"text-align: center;\"><img loading=\"lazy\" decoding=\"async\" class=\"aligncenter\" src=\"https:\/\/ww2.fjeldskaar.com\/wp-content\/uploads\/2015\/05\/gitlev__g2.jpg\" alt=\"gitlev__g2\" width=\"400\" height=\"298\" \/><br \/>\nB\u00e6rteigen anno 2006<\/p>\n<p><span style=\"color: #f7efd0;\">.<\/span><\/p>\n<p align=\"center\"><span style=\"color: #f7efd0;\">.<\/span><\/p>\n<p align=\"center\"><img loading=\"lazy\" decoding=\"async\" class=\"\" src=\"https:\/\/ww2.fjeldskaar.com\/wp-content\/uploads\/2015\/05\/File0018b.jpg\" alt=\"File0018b\" width=\"433\" height=\"78\" \/><\/p>\n<p align=\"center\"><img loading=\"lazy\" decoding=\"async\" class=\"\" src=\"https:\/\/ww2.fjeldskaar.com\/wp-content\/uploads\/2015\/05\/IngerMarieTostensdtr.jpg\" alt=\"IngerMarieTostensdtr\" width=\"484\" height=\"155\" \/><br \/>\n<i>Tosten and Ranni got the daugther Ingeborg in 1837, Inger Marie in 1838 and Olene in 1840; all born in Vigmostad.<\/i><\/p>\n<p dir=\"ltr\" align=\"center\"><a href=\"https:\/\/ww2.fjeldskaar.com\/wp-content\/uploads\/2020\/08\/Kornelius-og-Enok-scaled.jpg\"><img loading=\"lazy\" decoding=\"async\" class=\"alignnone wp-image-6673\" src=\"https:\/\/ww2.fjeldskaar.com\/wp-content\/uploads\/2020\/08\/Kornelius-og-Enok-scaled.jpg\" alt=\"\" width=\"420\" height=\"591\" \/><\/a><\/p>\n<p dir=\"ltr\" align=\"center\"><b>\u00a0\u00a0\u00a0 Johan Enok and the son Johan Kornelius <\/b>(click to see larger image)<\/p>\n<p dir=\"ltr\" align=\"center\"><span style=\"color: #f7efd0;\">.<\/span><\/p>\n<p style=\"margin: 0cm 0cm 0.0001pt; text-align: center;\"><a href=\"https:\/\/www.fjeldskaar.com\/wp-content\/uploads\/2021\/03\/enokchart.png\"><img loading=\"lazy\" decoding=\"async\" class=\"alignnone wp-image-7912\" src=\"https:\/\/www.fjeldskaar.com\/wp-content\/uploads\/2021\/03\/enokchart-300x225.png\" alt=\"\" width=\"600\" height=\"451\" srcset=\"https:\/\/www.fjeldskaar.com\/wp-content\/uploads\/2021\/03\/enokchart-300x225.png 300w, https:\/\/www.fjeldskaar.com\/wp-content\/uploads\/2021\/03\/enokchart-1024x770.png 1024w, https:\/\/www.fjeldskaar.com\/wp-content\/uploads\/2021\/03\/enokchart-768x577.png 768w, https:\/\/www.fjeldskaar.com\/wp-content\/uploads\/2021\/03\/enokchart-1536x1154.png 1536w, https:\/\/www.fjeldskaar.com\/wp-content\/uploads\/2021\/03\/enokchart-2048x1539.png 2048w\" sizes=\"auto, (max-width: 600px) 100vw, 600px\" \/><\/a><\/p>\n<p style=\"text-align: center;\">Johan Enok and Karen Gurine's descendants (click to see larger image)<\/p>\n<p><span style=\"color: #f7efd0;\">.<\/span><\/p>\n<p><span style=\"color: #f7efd0;\">.<\/span><\/p>\n<p style=\"text-align: center;\" align=\"justify\"><strong><span style=\"font-family: 'Great Vibes'; font-size: 24pt; color: #806239;\">Johan Enoch and Teodine<\/span><\/strong><\/p>\n<p align=\"justify\">After Karen Gurine died, Johan Enok married again \u2013 with Theodine Emilie T\u00f8nnesdtr (b. 1868). They had 4 children: Edvarda, Sigurd, Marie and Gerhard. Below, we see excerpts from the census 1900. Johan Enok has married again (with Theodine) and has 3 children living in the house, Marie, Villum (Sigurd) and Edvarda. All four children are born on Fjeldskaar. See more<a href=\"https:\/\/www.fjeldskaar.com\/en\/villumsen\/teodine\/\"><span style=\"color: #0000ff;\"><strong> here<\/strong><\/span><\/a>.<\/p>\n<p align=\"center\"><img loading=\"lazy\" decoding=\"async\" src=\"https:\/\/ww2.fjeldskaar.com\/wp-content\/uploads\/2016\/11\/Sigurd_Gerhard.jpg\" alt=\"\" width=\"603\" height=\"406\" \/><br \/>\n<em>Shift after Johan Enok's death in 1918. The farm will be taken over by Sigurd together with Gerhard.\u00a0<\/em><\/p>\n<p align=\"center\"><span style=\"color: #f7efd0;\">.<\/span><\/p>\n<p align=\"center\"><img loading=\"lazy\" decoding=\"async\" class=\"\" src=\"https:\/\/ww2.fjeldskaar.com\/wp-content\/uploads\/2015\/05\/bilde4_3.jpg\" alt=\"bilde4_3\" width=\"548\" height=\"160\" \/><\/p>\n<p align=\"center\"><span style=\"color: #f7efd0;\">.<\/span><\/p>\n<p align=\"center\"><img loading=\"lazy\" decoding=\"async\" class=\"\" src=\"https:\/\/ww2.fjeldskaar.com\/wp-content\/uploads\/2020\/08\/output-onlinepngtools-74.png\" alt=\"\" width=\"503\" height=\"210\" \/><\/p>\n<p style=\"text-align: right;\"><span style=\"color: #f7efd0;\">.<span style=\"color: #ccaa7a;\"><span style=\"font-size: 10pt; font-family: 'book antiqua', palatino;\">\u00a0 \u00a0 \u00a0<\/span><\/span><a style=\"text-align: right;\" href=\"https:\/\/www.fjeldskaar.com\/en\/villumsen\/besteforeldre\/\"><span style=\"color: #ccaa7a;\"><span style=\"font-size: 10pt; font-family: 'book antiqua', palatino;\">&gt; go to Amalie and Kornelius<\/span><\/span><\/a><\/span><\/p>\n<p><span style=\"color: #f7efd0;\">.<\/span><\/p>\n<p align=\"justify\">\n<div class=\"pdfprnt-buttons pdfprnt-buttons-page pdfprnt-bottom-right\"><a href=\"https:\/\/www.fjeldskaar.com\/en\/wp-json\/wp\/v2\/pages\/7965?print=print\" class=\"pdfprnt-button pdfprnt-button-print\" target=\"_blank\"><img decoding=\"async\" src=\"https:\/\/www.fjeldskaar.com\/wp-content\/plugins\/pdf-print\/images\/print.png\" alt=\"image_print\" title=\"Print Content\" \/><span class=\"pdfprnt-button-title pdfprnt-button-print-title\">print<\/span><\/a><\/div>","protected":false},"excerpt":{"rendered":"<p>\u00a0&lt; g\u00e5 til Karen og Enoks aner\u00a0 \u00a0 \u00a0 \u00a0 \u00a0 \u00a0 \u00a0 \u00a0 \u00a0 \u00a0 \u00a0 \u00a0 \u00a0 \u00a0 \u00a0 \u00a0 \u00a0 \u00a0 \u00a0 \u00a0 \u00a0 \u00a0 \u00a0 \u00a0 \u00a0 \u00a0 \u00a0 \u00a0 \u00a0 \u00a0 \u00a0 \u00a0 \u00a0 \u00a0 \u00a0 \u00a0 \u00a0 \u00a0 \u00a0 \u00a0 \u00a0 \u00a0 \u00a0 \u00a0 \u00a0 \u00a0 \u00a0 \u00a0 \u00a0 [&hellip;]<\/p>","protected":false},"author":1,"featured_media":0,"parent":2791,"menu_order":7,"comment_status":"closed","ping_status":"closed","template":"no_sidebar.php","meta":{"footnotes":""},"class_list":["post-7965","page","type-page","status-publish","hentry"],"_links":{"self":[{"href":"https:\/\/www.fjeldskaar.com\/en\/wp-json\/wp\/v2\/pages\/7965","targetHints":{"allow":["GET"]}}],"collection":[{"href":"https:\/\/www.fjeldskaar.com\/en\/wp-json\/wp\/v2\/pages"}],"about":[{"href":"https:\/\/www.fjeldskaar.com\/en\/wp-json\/wp\/v2\/types\/page"}],"author":[{"embeddable":true,"href":"https:\/\/www.fjeldskaar.com\/en\/wp-json\/wp\/v2\/users\/1"}],"replies":[{"embeddable":true,"href":"https:\/\/www.fjeldskaar.com\/en\/wp-json\/wp\/v2\/comments?post=7965"}],"version-history":[{"count":63,"href":"https:\/\/www.fjeldskaar.com\/en\/wp-json\/wp\/v2\/pages\/7965\/revisions"}],"predecessor-version":[{"id":9295,"href":"https:\/\/www.fjeldskaar.com\/en\/wp-json\/wp\/v2\/pages\/7965\/revisions\/9295"}],"up":[{"embeddable":true,"href":"https:\/\/www.fjeldskaar.com\/en\/wp-json\/wp\/v2\/pages\/2791"}],"wp:attachment":[{"href":"https:\/\/www.fjeldskaar.com\/en\/wp-json\/wp\/v2\/media?parent=7965"}],"curies":[{"name":"wp","href":"https:\/\/api.w.org\/{rel}","templated":true}]}}