{"id":7511,"date":"2015-05-04T11:30:20","date_gmt":"2015-05-04T11:30:20","guid":{"rendered":"https:\/\/ww2.fjeldskaar.com\/?page_id=2"},"modified":"2024-08-07T22:26:27","modified_gmt":"2024-08-07T22:26:27","slug":"sample-page-2","status":"publish","type":"page","link":"https:\/\/www.fjeldskaar.com\/en\/","title":{"rendered":"Introduction"},"content":{"rendered":"<p style=\"text-align: center;\"><span style=\"color: #f7efd0;\">.<\/span><strong><span style=\"color: #806239; font-size: 30pt; font-family: 'Great Vibes';\">Introduction<\/span><\/strong><\/p>\n<p><span style=\"font-family: 'book antiqua', palatino; color: #806239; font-size: 13pt;\">This is a web site dedicated to the families of <a style=\"color: #806239;\" href=\"https:\/\/www.fjeldskaar.com\/en\/villumsen\/besteforeldre\/\"><strong>Josefine Amalie Aanensen and Johan Kornelius Fjeldskaar<\/strong><\/a>who were both born on the southernmost coast of Norway. This web site is generated by their grandson, Willy Fjeldskaar. Although records have been found about the families of Amalie and Kornelius far back (see the charts below) this web site , on the Aanensen family, with Tomine S\u00f8rensdatter (from J\u00f8rgenstad in Lindesnes) and Aanen Aanensen (from \u00d8idne in Audnedal). In the Fjeldskaar family, we start with Karen Gurine Berentsdtr (from Ims\u00f8y by Lindesnes) and Johan Enok Villumsen Fjeldskaar (born on Flateb\u00f8 in Lindesnes). Their son, Johan Kornelius, married Amalie, the daughter of Tomine and Aanen, in America in 1906.\u00a0<\/span><\/p>\n<p style=\"text-align: center;\"><a href=\"https:\/\/www.fjeldskaar.com\/wp-content\/uploads\/2021\/05\/amalie3.png\"><img loading=\"lazy\" decoding=\"async\" class=\"alignnone wp-image-8443\" src=\"https:\/\/www.fjeldskaar.com\/wp-content\/uploads\/2021\/05\/amalie3-250x300.png\" alt=\"\" width=\"180\" height=\"216\" srcset=\"https:\/\/www.fjeldskaar.com\/wp-content\/uploads\/2021\/05\/amalie3-250x300.png 250w, https:\/\/www.fjeldskaar.com\/wp-content\/uploads\/2021\/05\/amalie3-854x1024.png 854w, https:\/\/www.fjeldskaar.com\/wp-content\/uploads\/2021\/05\/amalie3-768x921.png 768w, https:\/\/www.fjeldskaar.com\/wp-content\/uploads\/2021\/05\/amalie3-1281x1536.png 1281w, https:\/\/www.fjeldskaar.com\/wp-content\/uploads\/2021\/05\/amalie3-1708x2048.png 1708w\" sizes=\"auto, (max-width: 180px) 100vw, 180px\" \/><\/a> \u00a0 \u00a0<a href=\"https:\/\/www.fjeldskaar.com\/wp-content\/uploads\/2021\/05\/kornelius2.png\"><img loading=\"lazy\" decoding=\"async\" class=\"alignnone wp-image-8442\" src=\"https:\/\/www.fjeldskaar.com\/wp-content\/uploads\/2021\/05\/kornelius2-232x300.png\" alt=\"\" width=\"167\" height=\"216\" srcset=\"https:\/\/www.fjeldskaar.com\/wp-content\/uploads\/2021\/05\/kornelius2-232x300.png 232w, https:\/\/www.fjeldskaar.com\/wp-content\/uploads\/2021\/05\/kornelius2-792x1024.png 792w, https:\/\/www.fjeldskaar.com\/wp-content\/uploads\/2021\/05\/kornelius2-768x993.png 768w, https:\/\/www.fjeldskaar.com\/wp-content\/uploads\/2021\/05\/kornelius2.png 1124w\" sizes=\"auto, (max-width: 167px) 100vw, 167px\" \/><\/a><\/p>\n<p style=\"text-align: left;\"><span style=\"color: #f7efd0; font-family: 'book antiqua', palatino;\">.<\/span><span style=\"color: #000000;\"><span style=\"color: #806239; font-size: 13pt; font-family: 'book antiqua', palatino;\">Like viktig som navn og \u00e5rstall, har det v\u00e6rt \u00e5 tenke p\u00e5 at det bak hvert enkelt navn skjuler seg et menneskeliv med gleder og sorger, slit og hverdags-opplevelser. Vi har derfor ogs\u00e5 \u00f8nsket \u00e5 bli kjent med deres hverdag s\u00e5 langt det lar seg gj\u00f8re: hvor og hvordan de bodde, hvem de var gift med, hvor mange barn de hadde, hvilket yrke de hadde &#8211; og fors\u00f8ke \u00e5 sette det inn i en historisk sammenheng. P\u00e5 den tiden da Amalie og Kornelius ble f\u00f8dt, var det stor fattigdom i Vest-Agder. Det var s\u00e5 vanskelige tider at Amalie ikke vokste opp i sin egen familie, men ble plassert hos slektninger. Hvert \u00e5r fra ca. 1830 til 1910 dro flokker med barn, helt ned i \u00e5tte\u00e5rsalderen, til storg\u00e5rdene lenger \u00f8st for \u00e5 jobbe som gjetere. Barna gikk ofte 15\u201320 mil og ble borte hele sommeren, noen ganger helt fra april til november.\u00a0<\/span><\/span><\/p>\n<p><span style=\"color: #806239; font-size: 13pt; font-family: 'book antiqua', palatino;\">I tillegg til lokale\/regionale omstendigheter, opplevde Amalie og Johan Kornelius flere verdensomspennende kriser, bl. a. to verdenskriger, en influensapandemi og en \u00f8konomisk depresjon, som ogs\u00e5 p\u00e5virket deres levnetsl\u00f8p, i st\u00f8rre eller mindre grad.<\/span><\/p>\n<p>&nbsp;<\/p>\n<p style=\"text-align: center;\"><a href=\"https:\/\/www.fjeldskaar.com\/wp-content\/uploads\/2021\/03\/korneliusChart.png\"><img loading=\"lazy\" decoding=\"async\" class=\"alignnone wp-image-7809 size-medium\" src=\"https:\/\/www.fjeldskaar.com\/wp-content\/uploads\/2021\/03\/korneliusChart-300x194.png\" alt=\"\" width=\"300\" height=\"194\" srcset=\"https:\/\/www.fjeldskaar.com\/wp-content\/uploads\/2021\/03\/korneliusChart-300x194.png 300w, https:\/\/www.fjeldskaar.com\/wp-content\/uploads\/2021\/03\/korneliusChart-1024x661.png 1024w, https:\/\/www.fjeldskaar.com\/wp-content\/uploads\/2021\/03\/korneliusChart-768x496.png 768w, https:\/\/www.fjeldskaar.com\/wp-content\/uploads\/2021\/03\/korneliusChart-1536x992.png 1536w, https:\/\/www.fjeldskaar.com\/wp-content\/uploads\/2021\/03\/korneliusChart-2048x1323.png 2048w\" sizes=\"auto, (max-width: 300px) 100vw, 300px\" \/><\/a> <a href=\"https:\/\/www.fjeldskaar.com\/wp-content\/uploads\/2021\/03\/output-onlinepngtools-98.png\"><img loading=\"lazy\" decoding=\"async\" class=\"alignnone wp-image-7813 size-medium\" src=\"https:\/\/www.fjeldskaar.com\/wp-content\/uploads\/2021\/03\/output-onlinepngtools-98-300x194.png\" alt=\"\" width=\"300\" height=\"194\" srcset=\"https:\/\/www.fjeldskaar.com\/wp-content\/uploads\/2021\/03\/output-onlinepngtools-98-300x194.png 300w, https:\/\/www.fjeldskaar.com\/wp-content\/uploads\/2021\/03\/output-onlinepngtools-98-1024x661.png 1024w, https:\/\/www.fjeldskaar.com\/wp-content\/uploads\/2021\/03\/output-onlinepngtools-98-768x496.png 768w, https:\/\/www.fjeldskaar.com\/wp-content\/uploads\/2021\/03\/output-onlinepngtools-98-1536x992.png 1536w, https:\/\/www.fjeldskaar.com\/wp-content\/uploads\/2021\/03\/output-onlinepngtools-98-2048x1323.png 2048w\" sizes=\"auto, (max-width: 300px) 100vw, 300px\" \/><\/a><\/p>\n<p style=\"text-align: center;\">Ancestors of Johan Kornelius and Amalie (click to see higher resolution); design from FamilySearch<\/p>\n<p><span style=\"color: #f7efd0;\">.<\/span><\/p>\n<p><span style=\"font-size: 13pt;\"><strong>Here you can go to the web page to follow<\/strong><\/span><\/p>\n<ul>\n<li><span style=\"font-size: 13pt;\">a branch of the family all the way from the well-known priest, historian and author <a href=\"https:\/\/www.fjeldskaar.com\/en\/villumsen\/willys-slekt\/fjeldskaar\/peder-linjen\/\"><span style=\"color: #806239;\"><strong>Peder Clausen Friis<\/strong><\/span><\/a> who was born in 1545, in S\u00f8ndre Undal<\/span><\/li>\n<li><span style=\"font-size: 13pt;\">another branch of the family from the <a href=\"https:\/\/www.fjeldskaar.com\/en\/fra-rolf-berg\/\"><span style=\"color: #806239;\"><strong>Horda-K\u00e5re, \u00c6nes and Benkestok<\/strong><\/span><\/a>- ancesrties that lived from the 800 and forward<\/span><\/li>\n<li><span style=\"font-size: 13pt;\">the latest generations - up to the great grandparents <strong><a href=\"https:\/\/www.fjeldskaar.com\/en\/villumsen\/\"><span style=\"color: #806239;\">Villumsen Fjeldskaar<\/span><\/a> and <a href=\"https:\/\/www.fjeldskaar.com\/en\/eidet\/\"><span style=\"color: #806239;\">Aanensen<\/span><\/a><\/strong><\/span><\/li>\n<li><span style=\"font-size: 13pt;\">the last two generations \u2013 <a href=\"https:\/\/www.fjeldskaar.com\/en\/villumsen\/besteforeldre\/\"><span style=\"color: #806239;\"><strong>Amalie og Johan Kornelius Fjeldskaar<\/strong><\/span><\/a>\u00a0and the parent-generation<\/span><\/li>\n<\/ul>\n<p><span style=\"color: #f7efd0;\">.<\/span><\/p>\n<p style=\"text-align: center;\"><em><strong>Some proverbs from S\u00f8ndre Undal<\/strong><\/em><\/p>\n<p style=\"text-align: center;\"><em>Du \u00e6 mann og du skal r\u00e5, men der skal skabet st\u00e5<\/em><br \/>\n<em>Store ord og feitt flesk sit sjeldan fast i halsen<\/em><br \/>\n<em>Stymparen ska hjelpe stakkaren<\/em><br \/>\n<em>Han he det som perla i gull<\/em><br \/>\n<em>Aller saa godt det ikkje er godt for noge<\/em><br \/>\n<em>Det er korkje halvt hell alt<\/em><br \/>\n<em>Det som ikkje \u00e6 stole kjem att, rode hell brode<\/em><\/p>\n<p>&nbsp;<\/p>\n<p><span style=\"color: #f7efd0;\">.<\/span><\/p>\n<p><span style=\"color: #f7efd0;\">.<a href=\"https:\/\/www.fjeldskaar.com\/wp-content\/uploads\/2023\/01\/output-onlinepngtools-2023-01-13T222014.039.png\"><img loading=\"lazy\" decoding=\"async\" class=\"alignnone wp-image-9210 size-medium\" src=\"https:\/\/www.fjeldskaar.com\/wp-content\/uploads\/2023\/01\/output-onlinepngtools-2023-01-13T222014.039-234x300.png\" alt=\"\" width=\"234\" height=\"300\" srcset=\"https:\/\/www.fjeldskaar.com\/wp-content\/uploads\/2023\/01\/output-onlinepngtools-2023-01-13T222014.039-234x300.png 234w, https:\/\/www.fjeldskaar.com\/wp-content\/uploads\/2023\/01\/output-onlinepngtools-2023-01-13T222014.039-9x12.png 9w, https:\/\/www.fjeldskaar.com\/wp-content\/uploads\/2023\/01\/output-onlinepngtools-2023-01-13T222014.039.png 584w\" sizes=\"auto, (max-width: 234px) 100vw, 234px\" \/><\/a><a href=\"https:\/\/www.fjeldskaar.com\/wp-content\/uploads\/2023\/01\/output-onlinepngtools-2023-01-25T201708.407.png\"><img loading=\"lazy\" decoding=\"async\" class=\"wp-image-9278 alignright\" src=\"https:\/\/www.fjeldskaar.com\/wp-content\/uploads\/2023\/01\/output-onlinepngtools-2023-01-25T201708.407-128x300.png\" alt=\"\" width=\"120\" height=\"282\" srcset=\"https:\/\/www.fjeldskaar.com\/wp-content\/uploads\/2023\/01\/output-onlinepngtools-2023-01-25T201708.407-128x300.png 128w, https:\/\/www.fjeldskaar.com\/wp-content\/uploads\/2023\/01\/output-onlinepngtools-2023-01-25T201708.407-436x1024.png 436w, https:\/\/www.fjeldskaar.com\/wp-content\/uploads\/2023\/01\/output-onlinepngtools-2023-01-25T201708.407-768x1805.png 768w, https:\/\/www.fjeldskaar.com\/wp-content\/uploads\/2023\/01\/output-onlinepngtools-2023-01-25T201708.407-654x1536.png 654w, https:\/\/www.fjeldskaar.com\/wp-content\/uploads\/2023\/01\/output-onlinepngtools-2023-01-25T201708.407-5x12.png 5w, https:\/\/www.fjeldskaar.com\/wp-content\/uploads\/2023\/01\/output-onlinepngtools-2023-01-25T201708.407.png 860w\" sizes=\"auto, (max-width: 120px) 100vw, 120px\" \/><\/a> <\/span><\/p>\n<p>&nbsp;<\/p>\n<p style=\"text-align: center;\"><span style=\"color: #806239;\"><span style=\"color: #ccaa7a;\">Website created 12.03.2021<\/span><br \/>\n<\/span><span style=\"color: #666699;\">Siste oppdatering 25.01.2023<\/span><\/p>\n<p style=\"text-align: center;\">Mer informasjon her:<\/p>\n<p style=\"text-align: center;\"><span style=\"font-size: 14pt;\"><a href=\"https:\/\/ww2.fjeldskaar.com\"><span style=\"color: #993300;\"><strong>ww2.fjeldskaar.com<\/strong><\/span><\/a><\/span><\/p>\n<p>&nbsp;<\/p>\n<p>&nbsp;<\/p>\n<p>&nbsp;<\/p>\n<div class=\"pdfprnt-buttons pdfprnt-buttons-page pdfprnt-bottom-right\"><a href=\"https:\/\/www.fjeldskaar.com\/en\/wp-json\/wp\/v2\/pages\/7511?print=print\" class=\"pdfprnt-button pdfprnt-button-print\" target=\"_blank\"><img decoding=\"async\" src=\"https:\/\/www.fjeldskaar.com\/wp-content\/plugins\/pdf-print\/images\/print.png\" alt=\"image_print\" title=\"Print Content\" \/><span class=\"pdfprnt-button-title pdfprnt-button-print-title\">print<\/span><\/a><\/div>","protected":false},"excerpt":{"rendered":"<p>.Innledning Dette er et nettsted med fokus p\u00e5 slektene til Josefine Amalie Aanensen og Johan Kornelius Fjeldskaar, som begge var f\u00f8dt p\u00e5 S\u00f8rlandet. Dette nettstedet er laget av deres barnebarn, Willy Fjeldskaar. Selv om vi kjenner Amalies og Kornelius&#8217; sine slekter langt tilbake (se anetavlene lenger ned), starter denne nettsiden, p\u00e5 Aanensen-siden, med Tomine S\u00f8rensdatter [&hellip;]<\/p>","protected":false},"author":1,"featured_media":0,"parent":0,"menu_order":1,"comment_status":"closed","ping_status":"open","template":"","meta":{"footnotes":""},"class_list":["post-7511","page","type-page","status-publish","hentry"],"_links":{"self":[{"href":"https:\/\/www.fjeldskaar.com\/en\/wp-json\/wp\/v2\/pages\/7511","targetHints":{"allow":["GET"]}}],"collection":[{"href":"https:\/\/www.fjeldskaar.com\/en\/wp-json\/wp\/v2\/pages"}],"about":[{"href":"https:\/\/www.fjeldskaar.com\/en\/wp-json\/wp\/v2\/types\/page"}],"author":[{"embeddable":true,"href":"https:\/\/www.fjeldskaar.com\/en\/wp-json\/wp\/v2\/users\/1"}],"replies":[{"embeddable":true,"href":"https:\/\/www.fjeldskaar.com\/en\/wp-json\/wp\/v2\/comments?post=7511"}],"version-history":[{"count":146,"href":"https:\/\/www.fjeldskaar.com\/en\/wp-json\/wp\/v2\/pages\/7511\/revisions"}],"predecessor-version":[{"id":9830,"href":"https:\/\/www.fjeldskaar.com\/en\/wp-json\/wp\/v2\/pages\/7511\/revisions\/9830"}],"wp:attachment":[{"href":"https:\/\/www.fjeldskaar.com\/en\/wp-json\/wp\/v2\/media?parent=7511"}],"curies":[{"name":"wp","href":"https:\/\/api.w.org\/{rel}","templated":true}]}}