{"id":525,"date":"2015-05-12T16:55:34","date_gmt":"2015-05-12T16:55:34","guid":{"rendered":"https:\/\/ww2.fjeldskaar.com\/?page_id=525"},"modified":"2023-01-23T20:52:53","modified_gmt":"2023-01-23T20:52:53","slug":"stedet-fjeldskaar","status":"publish","type":"page","link":"https:\/\/www.fjeldskaar.com\/en\/villumsen\/willys-slekt\/stedet-fjeldskaar\/","title":{"rendered":"Stedet Fjeldskaar"},"content":{"rendered":"<p style=\"text-align: center;\"><span style=\"color: #806239;\"><strong><span style=\"font-size: 30pt; font-family: 'Great Vibes';\">Fjeldsk\u00e5r, Lindesnes<\/span><\/strong><\/span><\/p>\n<p>&nbsp;<\/p>\n<p><img loading=\"lazy\" decoding=\"async\" class=\"aligncenter wp-image-595 size-full\" src=\"https:\/\/ww2.fjeldskaar.com\/wp-content\/uploads\/2015\/05\/fjeldskaar4.jpg\" alt=\"fjeldskaar4\" width=\"350\" height=\"364\" srcset=\"https:\/\/www.fjeldskaar.com\/wp-content\/uploads\/2015\/05\/fjeldskaar4.jpg 350w, https:\/\/www.fjeldskaar.com\/wp-content\/uploads\/2015\/05\/fjeldskaar4-288x300.jpg 288w\" sizes=\"auto, (max-width: 350px) 100vw, 350px\" \/><\/p>\n<p>The first part of the name Fjeldsk\u00e5r is mountain. The last part is not that easy, as it can be both shards or shoes. The spelling has changed a great deal over time. In 1510 it was Fielskord, 1594 Fielskor, 1612 Fjellskor, 1619 Fieldschaar, 1668 Fielsch\u00e5r. The Fjeldskaar farm is old, but no one knows how old.<\/p>\n<p>&nbsp;<\/p>\n<p style=\"text-align: center;\"><img loading=\"lazy\" decoding=\"async\" class=\"alignnone wp-image-596 size-full\" src=\"https:\/\/ww2.fjeldskaar.com\/wp-content\/uploads\/2015\/05\/fjeldskaar1.jpg\" alt=\"fjeldskaar1\" width=\"250\" height=\"269\" \/><\/p>\n<p style=\"text-align: center;\"><img loading=\"lazy\" decoding=\"async\" class=\"alignnone wp-image-598 size-full\" src=\"https:\/\/ww2.fjeldskaar.com\/wp-content\/uploads\/2015\/05\/fjeldskaar2_2.jpg\" alt=\"fjeldskaar2_2\" width=\"500\" height=\"474\" srcset=\"https:\/\/www.fjeldskaar.com\/wp-content\/uploads\/2015\/05\/fjeldskaar2_2.jpg 500w, https:\/\/www.fjeldskaar.com\/wp-content\/uploads\/2015\/05\/fjeldskaar2_2-300x284.jpg 300w\" sizes=\"auto, (max-width: 500px) 100vw, 500px\" \/><\/p>\n<p style=\"text-align: center;\"><img loading=\"lazy\" decoding=\"async\" class=\"alignnone wp-image-599 size-full\" src=\"https:\/\/ww2.fjeldskaar.com\/wp-content\/uploads\/2015\/05\/fjeldskaar3.jpg\" alt=\"fjeldskaar3\" width=\"250\" height=\"111\" \/><\/p>\n<p>De f\u00f8rste skriftlige kilder om Fjellsk\u00e5r (med alternative skrivem\u00e5ter) er fra 1510. (Ingenting tyder forel\u00f8pig p\u00e5 at de involverte personer nedenfor er i v\u00e5r slekt):<\/p>\n<p>Gwdlogh Anundzsson accidentially killed Anund Torkilsson in a feast on Fjellskaar in Spangereid.<\/p>\n<p>Ewind Olaffson sworn 3\/6-1510 his friend Anund Torkilssons words to him before he died, that it was Gudlaug Anundsson who had inflicted Anund injuries and engage in feasting on Fjellskaar in Spangereid. Henrik Krwmmadickes fogd Svein Knutsson give message 3\/6-1510 to king Christian II of the circumstances surrounding a murder on Fjellskaar in Spangereid<\/p>\n<p>Thorral Gwnwlsson testified 3\/6-1510 that he came to Anund Torkilsson the same day that Anund died after the injuries Gudlaug Anundsson had inflicted on him in the feast on Fjellskaar in Spangereid. This letter shows that Torllffue Gundersenn get 3\/9-1510 letter from king Christian II of that he, his wife, children, servants and the goods must be under royal protection (DN II no. 1035, Spangereid cemetery).<\/p>\n<p>Jens Henriksson, priest in Odnedal, listed as no. 1 of the three \"beskjedelige menn\" in the letter of the 16\/5-1507. The letter discusses a jordegave of  Valand in Konsmo parish in Foss, which is given by one half each to the Valle church and rectory. Mr. Jens was among those who sign the letter (DN XII no. 272, Valle, in S\u00f8r-Audnedal, no seal preserved). Mr. Jens must also be identified as the honorable one here (Lares) Henricksson priest in \u00d8ndal, 3\/6-1510 are asked to put their signature below a letter that dealt with a slew of Fjellsk\u00e5r in Spangereid (DN II no. 1045, Spangereid cemetery).<\/p>\n<p>Another feast (wedding on the Hille in Hasle):<\/p>\n<p>knwdh (not specified) bottled beer in a double wedding on Hille in Halse, then the host H\u00e5kon accused him of spilling the beer on the floor. Knut was so offended that he wanted to leave together with Gro Torsteinsdotter and some other. It all evolved, however, to bickering and fighting between the host H\u00e5kon and several guests. This led accidentially to Gro Torsteinsdotter was stabbed and killed by H\u00e5kon when she tried to separate H\u00e5kon and his brother; Bjermod (Torsteinsson), from fighting (DN XXI no. 843, Spangereid). It may, according to context seem as though the Knut and Gro were closely related to each other, then Gro would go home  together with Knut. They can then either have been married or closely related.<\/p>\n<p>&nbsp;<\/p>\n<p><strong>References<\/strong><\/p>\n<p>https:\/\/www.genealogi.no\/tematisk-for-alle\/agderkilder\/folk-pa-agder-1500-til-1560\/<\/p>\n<div class=\"pdfprnt-buttons pdfprnt-buttons-page pdfprnt-bottom-right\"><a href=\"https:\/\/www.fjeldskaar.com\/en\/wp-json\/wp\/v2\/pages\/525?print=print\" class=\"pdfprnt-button pdfprnt-button-print\" target=\"_blank\"><img decoding=\"async\" src=\"https:\/\/www.fjeldskaar.com\/wp-content\/plugins\/pdf-print\/images\/print.png\" alt=\"image_print\" title=\"Print Content\" \/><span class=\"pdfprnt-button-title pdfprnt-button-print-title\">print<\/span><\/a><\/div>","protected":false},"excerpt":{"rendered":"<p>Fjeldsk\u00e5r, Lindesnes &nbsp; F\u00f8rste del av navnet Fjeldsk\u00e5r er fjell. Verre er det med siste del, som kan v\u00e6re sk\u00e5r eller skor. Skrivem\u00e5ten har endret seg en del over tid. I 1510 finnes Fielskord, 1594 Fielskor, 1612 Fjellskor, 1619 Fieldschaar, 1668 Fielsch\u00e5r. G\u00e5rden Fjeldsk\u00e5r er gammel, men hvor gammel er det ingen som vet. &nbsp; [&hellip;]<\/p>","protected":false},"author":1,"featured_media":0,"parent":7513,"menu_order":26,"comment_status":"closed","ping_status":"closed","template":"no_sidebar.php","meta":{"footnotes":""},"class_list":["post-525","page","type-page","status-publish","hentry"],"_links":{"self":[{"href":"https:\/\/www.fjeldskaar.com\/en\/wp-json\/wp\/v2\/pages\/525","targetHints":{"allow":["GET"]}}],"collection":[{"href":"https:\/\/www.fjeldskaar.com\/en\/wp-json\/wp\/v2\/pages"}],"about":[{"href":"https:\/\/www.fjeldskaar.com\/en\/wp-json\/wp\/v2\/types\/page"}],"author":[{"embeddable":true,"href":"https:\/\/www.fjeldskaar.com\/en\/wp-json\/wp\/v2\/users\/1"}],"replies":[{"embeddable":true,"href":"https:\/\/www.fjeldskaar.com\/en\/wp-json\/wp\/v2\/comments?post=525"}],"version-history":[{"count":7,"href":"https:\/\/www.fjeldskaar.com\/en\/wp-json\/wp\/v2\/pages\/525\/revisions"}],"predecessor-version":[{"id":9251,"href":"https:\/\/www.fjeldskaar.com\/en\/wp-json\/wp\/v2\/pages\/525\/revisions\/9251"}],"up":[{"embeddable":true,"href":"https:\/\/www.fjeldskaar.com\/en\/wp-json\/wp\/v2\/pages\/7513"}],"wp:attachment":[{"href":"https:\/\/www.fjeldskaar.com\/en\/wp-json\/wp\/v2\/media?parent=525"}],"curies":[{"name":"wp","href":"https:\/\/api.w.org\/{rel}","templated":true}]}}