{"id":523,"date":"2015-05-12T16:54:09","date_gmt":"2015-05-12T16:54:09","guid":{"rendered":"https:\/\/ww2.fjeldskaar.com\/?page_id=523"},"modified":"2021-03-11T20:44:55","modified_gmt":"2021-03-11T20:44:55","slug":"svinor","status":"publish","type":"page","link":"https:\/\/www.fjeldskaar.com\/en\/peder-linjen\/svinor\/","title":{"rendered":"Svin\u00f8r"},"content":{"rendered":"<div align=\"center\"><img loading=\"lazy\" decoding=\"async\" class=\"alignnone wp-image-1009 size-full\" src=\"https:\/\/ww2.fjeldskaar.com\/wp-content\/uploads\/2015\/05\/bilde3.jpg\" alt=\"bilde3\" width=\"486\" height=\"328\" srcset=\"https:\/\/www.fjeldskaar.com\/wp-content\/uploads\/2015\/05\/bilde3.jpg 486w, https:\/\/www.fjeldskaar.com\/wp-content\/uploads\/2015\/05\/bilde3-300x202.jpg 300w\" sizes=\"auto, (max-width: 486px) 100vw, 486px\" \/><\/div>\n<p>&nbsp;<\/p>\n<div align=\"center\">\n<p><img loading=\"lazy\" decoding=\"async\" class=\"alignnone wp-image-1011 size-full\" src=\"https:\/\/ww2.fjeldskaar.com\/wp-content\/uploads\/2015\/05\/svinoer_1.jpg\" alt=\"svinoer_1\" width=\"477\" height=\"661\" srcset=\"https:\/\/www.fjeldskaar.com\/wp-content\/uploads\/2015\/05\/svinoer_1.jpg 477w, https:\/\/www.fjeldskaar.com\/wp-content\/uploads\/2015\/05\/svinoer_1-216x300.jpg 216w\" sizes=\"auto, (max-width: 477px) 100vw, 477px\" \/><\/p>\n<p><img loading=\"lazy\" decoding=\"async\" class=\"alignnone wp-image-1012 size-full\" src=\"https:\/\/ww2.fjeldskaar.com\/wp-content\/uploads\/2015\/05\/svinoer3.jpg\" alt=\"svinoer3\" width=\"468\" height=\"598\" srcset=\"https:\/\/www.fjeldskaar.com\/wp-content\/uploads\/2015\/05\/svinoer3.jpg 468w, https:\/\/www.fjeldskaar.com\/wp-content\/uploads\/2015\/05\/svinoer3-235x300.jpg 235w\" sizes=\"auto, (max-width: 468px) 100vw, 468px\" \/><\/p>\n<\/div>\n<p>&nbsp;<\/p>\n<div align=\"baseline\">\n<div align=\"center\"><img loading=\"lazy\" decoding=\"async\" class=\"alignnone wp-image-6845 size-full\" src=\"https:\/\/ww2.fjeldskaar.com\/wp-content\/uploads\/2020\/08\/output-onlinepngtools-2020-08-22T174910.205.png\" alt=\"\" width=\"650\" height=\"482\" srcset=\"https:\/\/www.fjeldskaar.com\/wp-content\/uploads\/2020\/08\/output-onlinepngtools-2020-08-22T174910.205.png 650w, https:\/\/www.fjeldskaar.com\/wp-content\/uploads\/2020\/08\/output-onlinepngtools-2020-08-22T174910.205-300x222.png 300w\" sizes=\"auto, (max-width: 650px) 100vw, 650px\" \/><\/div>\n<div align=\"center\"><img loading=\"lazy\" decoding=\"async\" class=\"alignnone wp-image-6848 size-full\" src=\"https:\/\/ww2.fjeldskaar.com\/wp-content\/uploads\/2020\/08\/output-onlinepngtools-2020-08-22T175040.604.png\" alt=\"\" width=\"650\" height=\"386\" srcset=\"https:\/\/www.fjeldskaar.com\/wp-content\/uploads\/2020\/08\/output-onlinepngtools-2020-08-22T175040.604.png 650w, https:\/\/www.fjeldskaar.com\/wp-content\/uploads\/2020\/08\/output-onlinepngtools-2020-08-22T175040.604-300x178.png 300w\" sizes=\"auto, (max-width: 650px) 100vw, 650px\" \/><\/div>\n<\/div>\n<div align=\"center\"><img loading=\"lazy\" decoding=\"async\" class=\"alignnone wp-image-6846 size-full\" src=\"https:\/\/ww2.fjeldskaar.com\/wp-content\/uploads\/2020\/08\/output-onlinepngtools-2020-08-22T175132.387.png\" alt=\"\" width=\"445\" height=\"225\" srcset=\"https:\/\/www.fjeldskaar.com\/wp-content\/uploads\/2020\/08\/output-onlinepngtools-2020-08-22T175132.387.png 445w, https:\/\/www.fjeldskaar.com\/wp-content\/uploads\/2020\/08\/output-onlinepngtools-2020-08-22T175132.387-300x152.png 300w\" sizes=\"auto, (max-width: 445px) 100vw, 445px\" \/><br \/>\nFra Ruth Marie Sylte, Ancestry.com<\/div>\n<p>&nbsp;<\/p>\n<div align=\"center\">\n<p><img loading=\"lazy\" decoding=\"async\" class=\"alignnone wp-image-1016 size-full\" src=\"https:\/\/ww2.fjeldskaar.com\/wp-content\/uploads\/2015\/05\/hus13.jpg\" alt=\"hus13\" width=\"468\" height=\"229\" srcset=\"https:\/\/www.fjeldskaar.com\/wp-content\/uploads\/2015\/05\/hus13.jpg 468w, https:\/\/www.fjeldskaar.com\/wp-content\/uploads\/2015\/05\/hus13-300x147.jpg 300w\" sizes=\"auto, (max-width: 468px) 100vw, 468px\" \/><\/p>\n<\/div>\n<p>&nbsp;<\/p>\n<p style=\"text-align: center;\"><img loading=\"lazy\" decoding=\"async\" class=\"alignnone wp-image-1018 size-full\" src=\"https:\/\/ww2.fjeldskaar.com\/wp-content\/uploads\/2015\/05\/slogh1.jpg\" alt=\"slogh1\" width=\"479\" height=\"328\" srcset=\"https:\/\/www.fjeldskaar.com\/wp-content\/uploads\/2015\/05\/slogh1.jpg 479w, https:\/\/www.fjeldskaar.com\/wp-content\/uploads\/2015\/05\/slogh1-300x205.jpg 300w\" sizes=\"auto, (max-width: 479px) 100vw, 479px\" \/><\/p>\n<div align=\"center\">\n<p><img loading=\"lazy\" decoding=\"async\" class=\"alignnone wp-image-1017 size-full\" src=\"https:\/\/ww2.fjeldskaar.com\/wp-content\/uploads\/2015\/05\/hus13b.jpg\" alt=\"hus13b\" width=\"468\" height=\"733\" srcset=\"https:\/\/www.fjeldskaar.com\/wp-content\/uploads\/2015\/05\/hus13b.jpg 468w, https:\/\/www.fjeldskaar.com\/wp-content\/uploads\/2015\/05\/hus13b-192x300.jpg 192w\" sizes=\"auto, (max-width: 468px) 100vw, 468px\" \/><br \/>\n<img loading=\"lazy\" decoding=\"async\" class=\"alignnone wp-image-1019 size-full\" src=\"https:\/\/ww2.fjeldskaar.com\/wp-content\/uploads\/2015\/05\/christence.jpg\" alt=\"christence\" width=\"478\" height=\"526\" srcset=\"https:\/\/www.fjeldskaar.com\/wp-content\/uploads\/2015\/05\/christence.jpg 478w, https:\/\/www.fjeldskaar.com\/wp-content\/uploads\/2015\/05\/christence-273x300.jpg 273w\" sizes=\"auto, (max-width: 478px) 100vw, 478px\" \/><\/p>\n<\/div>\n<p>&nbsp;<\/p>\n<div align=\"center\"><img loading=\"lazy\" decoding=\"async\" class=\"alignnone wp-image-1020 size-full\" src=\"https:\/\/ww2.fjeldskaar.com\/wp-content\/uploads\/2015\/05\/define.jpg\" alt=\"define\" width=\"486\" height=\"645\" srcset=\"https:\/\/www.fjeldskaar.com\/wp-content\/uploads\/2015\/05\/define.jpg 486w, https:\/\/www.fjeldskaar.com\/wp-content\/uploads\/2015\/05\/define-226x300.jpg 226w\" sizes=\"auto, (max-width: 486px) 100vw, 486px\" \/><\/div>\n<p>&nbsp;<\/p>\n<div align=\"center\"><img loading=\"lazy\" decoding=\"async\" class=\"alignnone wp-image-1021 size-full\" src=\"https:\/\/ww2.fjeldskaar.com\/wp-content\/uploads\/2015\/05\/catharina.jpg\" alt=\"catharina\" width=\"478\" height=\"390\" srcset=\"https:\/\/www.fjeldskaar.com\/wp-content\/uploads\/2015\/05\/catharina.jpg 478w, https:\/\/www.fjeldskaar.com\/wp-content\/uploads\/2015\/05\/catharina-300x245.jpg 300w\" sizes=\"auto, (max-width: 478px) 100vw, 478px\" \/><\/div>\n<p>&nbsp;<\/p>\n<p>Bilder og tekst er hentet fra boka \u00a0 \u00a0 \u00a0 <img loading=\"lazy\" decoding=\"async\" class=\"alignnone wp-image-1022\" src=\"https:\/\/ww2.fjeldskaar.com\/wp-content\/uploads\/2015\/05\/Svinor_forside-200x300.jpg\" alt=\"Svinor_forside\" width=\"100\" height=\"150\" \/><\/p>\n<p><b><span style=\"font-size: medium;\">&laquo;Svin\u00f8r, Ryggen til Norge &#8211; Blikket mot havet&raquo; av <\/span><span style=\"font-size: medium;\">\u00c5got Gulbrandsen og \u00c5dne F. Klev (<\/span><span style=\"font-size: medium;\">ISBN: 82-994397-0-1)<\/span><\/b><\/p>\n<div class=\"pdfprnt-buttons pdfprnt-buttons-page pdfprnt-bottom-right\"><a href=\"https:\/\/www.fjeldskaar.com\/en\/wp-json\/wp\/v2\/pages\/523?print=print\" class=\"pdfprnt-button pdfprnt-button-print\" target=\"_blank\"><img decoding=\"async\" src=\"https:\/\/www.fjeldskaar.com\/wp-content\/plugins\/pdf-print\/images\/print.png\" alt=\"image_print\" title=\"Print Content\" \/><span class=\"pdfprnt-button-title pdfprnt-button-print-title\">print<\/span><\/a><\/div>","protected":false},"excerpt":{"rendered":"<p>&nbsp; &nbsp; Fra Ruth Marie Sylte, Ancestry.com &nbsp; &nbsp; &nbsp; &nbsp; &nbsp; Bilder og tekst er hentet fra boka \u00a0 \u00a0 \u00a0 &laquo;Svin\u00f8r, Ryggen til Norge &#8211; Blikket mot havet&raquo; av \u00c5got Gulbrandsen og \u00c5dne F. Klev (ISBN: 82-994397-0-1) print<\/p>","protected":false},"author":1,"featured_media":0,"parent":152,"menu_order":25,"comment_status":"closed","ping_status":"closed","template":"no_sidebar.php","meta":{"footnotes":""},"class_list":["post-523","page","type-page","status-publish","hentry"],"_links":{"self":[{"href":"https:\/\/www.fjeldskaar.com\/en\/wp-json\/wp\/v2\/pages\/523","targetHints":{"allow":["GET"]}}],"collection":[{"href":"https:\/\/www.fjeldskaar.com\/en\/wp-json\/wp\/v2\/pages"}],"about":[{"href":"https:\/\/www.fjeldskaar.com\/en\/wp-json\/wp\/v2\/types\/page"}],"author":[{"embeddable":true,"href":"https:\/\/www.fjeldskaar.com\/en\/wp-json\/wp\/v2\/users\/1"}],"replies":[{"embeddable":true,"href":"https:\/\/www.fjeldskaar.com\/en\/wp-json\/wp\/v2\/comments?post=523"}],"version-history":[{"count":1,"href":"https:\/\/www.fjeldskaar.com\/en\/wp-json\/wp\/v2\/pages\/523\/revisions"}],"predecessor-version":[{"id":7760,"href":"https:\/\/www.fjeldskaar.com\/en\/wp-json\/wp\/v2\/pages\/523\/revisions\/7760"}],"up":[{"embeddable":true,"href":"https:\/\/www.fjeldskaar.com\/en\/wp-json\/wp\/v2\/pages\/152"}],"wp:attachment":[{"href":"https:\/\/www.fjeldskaar.com\/en\/wp-json\/wp\/v2\/media?parent=523"}],"curies":[{"name":"wp","href":"https:\/\/api.w.org\/{rel}","templated":true}]}}