{"id":233,"date":"2015-05-10T13:43:36","date_gmt":"2015-05-10T13:43:36","guid":{"rendered":"https:\/\/ww2.fjeldskaar.com\/?page_id=233"},"modified":"2021-05-17T18:07:45","modified_gmt":"2021-05-17T18:07:45","slug":"lyd-og-video","status":"publish","type":"page","link":"https:\/\/www.fjeldskaar.com\/en\/album-1\/lyd-og-video\/","title":{"rendered":"Video"},"content":{"rendered":"<p style=\"text-align: center;\"><span style=\"font-size: 30pt; font-family: 'Great Vibes'; color: #806239;\"><b>Noen amat\u00f8rmessige videosnutter<\/b><\/span><\/p>\n<p>&nbsp;<\/p>\n<p><strong>Videoer (uten lyd):<\/strong><\/p>\n<div style=\"width: 854px;\" class=\"wp-video\"><video class=\"wp-video-shortcode\" id=\"video-233-1\" width=\"854\" height=\"480\" preload=\"metadata\" controls=\"controls\"><source type=\"video\/mp4\" src=\"https:\/\/ww2.fjeldskaar.com\/wp-content\/uploads\/2015\/05\/I-selskap.mp4?_=1\" \/><a href=\"https:\/\/ww2.fjeldskaar.com\/wp-content\/uploads\/2015\/05\/I-selskap.mp4\">https:\/\/ww2.fjeldskaar.com\/wp-content\/uploads\/2015\/05\/I-selskap.mp4<\/a><\/video><\/div>\n<p>I d\u00e5ps-selskap hos Arnfinn<\/p>\n<div style=\"width: 854px;\" class=\"wp-video\"><video class=\"wp-video-shortcode\" id=\"video-233-2\" width=\"854\" height=\"480\" preload=\"metadata\" controls=\"controls\"><source type=\"video\/mp4\" src=\"https:\/\/ww2.fjeldskaar.com\/wp-content\/uploads\/2015\/05\/konfirmasjon.mp4?_=2\" \/><a href=\"https:\/\/ww2.fjeldskaar.com\/wp-content\/uploads\/2015\/05\/konfirmasjon.mp4\">https:\/\/ww2.fjeldskaar.com\/wp-content\/uploads\/2015\/05\/konfirmasjon.mp4<\/a><\/video><\/div>\n<p>Konfirmasjon i Nansetveien 66<\/p>\n<div style=\"width: 854px;\" class=\"wp-video\"><video class=\"wp-video-shortcode\" id=\"video-233-3\" width=\"854\" height=\"480\" preload=\"metadata\" controls=\"controls\"><source type=\"video\/mp4\" src=\"https:\/\/ww2.fjeldskaar.com\/wp-content\/uploads\/2015\/05\/Larviks-tur.mp4?_=3\" \/><a href=\"https:\/\/ww2.fjeldskaar.com\/wp-content\/uploads\/2015\/05\/Larviks-tur.mp4\">https:\/\/ww2.fjeldskaar.com\/wp-content\/uploads\/2015\/05\/Larviks-tur.mp4<\/a><\/video><\/div>\n<p>Larviks-tur for Kilanes (p\u00e5sken 1977). Torger og Magda (med datter og svigers\u00f8nn) p\u00e5 tur til Oslo, og gj\u00f8r et stopp i Larvik hvor de treffer Ingjerd, William, Inger Reidun og Eilif Andersen.<\/p>\n<div style=\"width: 854px;\" class=\"wp-video\"><video class=\"wp-video-shortcode\" id=\"video-233-4\" width=\"854\" height=\"480\" preload=\"metadata\" controls=\"controls\"><source type=\"video\/mp4\" src=\"https:\/\/ww2.fjeldskaar.com\/wp-content\/uploads\/2015\/05\/New-York.mp4?_=4\" \/><a href=\"https:\/\/ww2.fjeldskaar.com\/wp-content\/uploads\/2015\/05\/New-York.mp4\">https:\/\/ww2.fjeldskaar.com\/wp-content\/uploads\/2015\/05\/New-York.mp4<\/a><\/video><\/div>\n<p>Ingjerd og William hos Ruth og Arne i New York<\/p>\n<div style=\"width: 854px;\" class=\"wp-video\"><video class=\"wp-video-shortcode\" id=\"video-233-5\" width=\"854\" height=\"480\" preload=\"metadata\" controls=\"controls\"><source type=\"video\/mp4\" src=\"https:\/\/ww2.fjeldskaar.com\/wp-content\/uploads\/2015\/05\/skitur.mp4?_=5\" \/><a href=\"https:\/\/ww2.fjeldskaar.com\/wp-content\/uploads\/2015\/05\/skitur.mp4\">https:\/\/ww2.fjeldskaar.com\/wp-content\/uploads\/2015\/05\/skitur.mp4<\/a><\/video><\/div>\n<p>William og Ingjerd p\u00e5 skitur<\/p>\n<div class=\"pdfprnt-buttons pdfprnt-buttons-page pdfprnt-bottom-right\"><a href=\"https:\/\/www.fjeldskaar.com\/en\/wp-json\/wp\/v2\/pages\/233?print=print\" class=\"pdfprnt-button pdfprnt-button-print\" target=\"_blank\"><img decoding=\"async\" src=\"https:\/\/www.fjeldskaar.com\/wp-content\/plugins\/pdf-print\/images\/print.png\" alt=\"image_print\" title=\"Print Content\" \/><span class=\"pdfprnt-button-title pdfprnt-button-print-title\">print<\/span><\/a><\/div>","protected":false},"excerpt":{"rendered":"<p>Noen amat\u00f8rmessige videosnutter &nbsp; Videoer (uten lyd): I d\u00e5ps-selskap hos Arnfinn Konfirmasjon i Nansetveien 66 Larviks-tur for Kilanes (p\u00e5sken 1977). Torger og Magda (med datter og svigers\u00f8nn) p\u00e5 tur til Oslo, og gj\u00f8r et stopp i Larvik hvor de treffer Ingjerd, William, Inger Reidun og Eilif Andersen. Ingjerd og William hos Ruth og Arne i [&hellip;]<\/p>","protected":false},"author":1,"featured_media":0,"parent":1206,"menu_order":20,"comment_status":"closed","ping_status":"closed","template":"no_sidebar.php","meta":{"footnotes":""},"class_list":["post-233","page","type-page","status-publish","hentry"],"_links":{"self":[{"href":"https:\/\/www.fjeldskaar.com\/en\/wp-json\/wp\/v2\/pages\/233","targetHints":{"allow":["GET"]}}],"collection":[{"href":"https:\/\/www.fjeldskaar.com\/en\/wp-json\/wp\/v2\/pages"}],"about":[{"href":"https:\/\/www.fjeldskaar.com\/en\/wp-json\/wp\/v2\/types\/page"}],"author":[{"embeddable":true,"href":"https:\/\/www.fjeldskaar.com\/en\/wp-json\/wp\/v2\/users\/1"}],"replies":[{"embeddable":true,"href":"https:\/\/www.fjeldskaar.com\/en\/wp-json\/wp\/v2\/comments?post=233"}],"version-history":[{"count":5,"href":"https:\/\/www.fjeldskaar.com\/en\/wp-json\/wp\/v2\/pages\/233\/revisions"}],"predecessor-version":[{"id":8220,"href":"https:\/\/www.fjeldskaar.com\/en\/wp-json\/wp\/v2\/pages\/233\/revisions\/8220"}],"up":[{"embeddable":true,"href":"https:\/\/www.fjeldskaar.com\/en\/wp-json\/wp\/v2\/pages\/1206"}],"wp:attachment":[{"href":"https:\/\/www.fjeldskaar.com\/en\/wp-json\/wp\/v2\/media?parent=233"}],"curies":[{"name":"wp","href":"https:\/\/api.w.org\/{rel}","templated":true}]}}