{"id":406,"date":"2015-05-11T19:27:47","date_gmt":"2015-05-11T19:27:47","guid":{"rendered":"https:\/\/ww2.fjeldskaar.com\/?page_id=406"},"modified":"2021-05-16T09:05:54","modified_gmt":"2021-05-16T09:05:54","slug":"arnfinn","status":"publish","type":"page","link":"http:\/\/www.fjeldskaar.com\/nb_no\/besteforeldre\/arnfinn\/","title":{"rendered":"Arnfinn"},"content":{"rendered":"<h1 style=\"text-align: center;\"><span style=\"color: #806239; font-size: 30pt; font-family: 'Great Vibes';\">Arnfinn Karl Fjeldsk\u00e5r<\/span><\/h1>\n<p style=\"text-align: center;\"><span style=\"font-size: 14pt;\"><strong>13.06.1917-09.05.1977<\/strong><\/span><\/p>\n<p><a href=\"https:\/\/www.fjeldskaar.com\/wp-content\/uploads\/2021\/05\/arnfinn8.png\"><img loading=\"lazy\" decoding=\"async\" class=\"aligncenter wp-image-8506\" src=\"https:\/\/www.fjeldskaar.com\/wp-content\/uploads\/2021\/05\/arnfinn8-193x300.png\" alt=\"\" width=\"350\" height=\"544\" srcset=\"https:\/\/www.fjeldskaar.com\/wp-content\/uploads\/2021\/05\/arnfinn8-193x300.png 193w, https:\/\/www.fjeldskaar.com\/wp-content\/uploads\/2021\/05\/arnfinn8.png 486w\" sizes=\"auto, (max-width: 350px) 100vw, 350px\" \/><\/a><\/p>\n<p style=\"text-align: center;\"><img loading=\"lazy\" decoding=\"async\" src=\"https:\/\/ww2.fjeldskaar.com\/wp-content\/uploads\/2015\/05\/File0021b.jpg\" alt=\"File0021b\" width=\"500\" height=\"343\" \/><\/p>\n<p><span style=\"color: #f7efd0;\">.<\/span><\/p>\n<p><span style=\"color: #f7efd0;\">.<\/span><\/p>\n<p><a href=\" https:\/\/www.fjeldskaar.com\/villumsen\/besteforeldre\/arnfinn\/arnfinn-album\/\"><img loading=\"lazy\" decoding=\"async\" class=\"aligncenter wp-image-8030 size-medium\" src=\"https:\/\/www.fjeldskaar.com\/wp-content\/uploads\/2021\/03\/album-300x150.png\" alt=\"\" width=\"300\" height=\"150\" srcset=\"https:\/\/www.fjeldskaar.com\/wp-content\/uploads\/2021\/03\/album-300x150.png 300w, https:\/\/www.fjeldskaar.com\/wp-content\/uploads\/2021\/03\/album.png 600w\" sizes=\"auto, (max-width: 300px) 100vw, 300px\" \/><\/a><\/p>\n<p><span style=\"color: #f7efd0;\">.<\/span><\/p>\n<p style=\"text-align: center;\"><img loading=\"lazy\" decoding=\"async\" src=\"https:\/\/ww2.fjeldskaar.com\/wp-content\/uploads\/2015\/05\/Bilde4b_11.jpg\" alt=\"Bilde4b_1\" width=\"500\" height=\"321\" \/><br \/>\nArnfinn begynte p\u00e5 Mandal folkeskole i 1924; deretter p\u00e5 Oddernes skole fra h\u00f8sten 1928.<\/p>\n<p style=\"text-align: center;\"><a href=\"https:\/\/www.fjeldskaar.com\/wp-content\/uploads\/2021\/05\/arnfinnR.jpg\"><img loading=\"lazy\" decoding=\"async\" class=\"alignnone wp-image-8560 size-medium\" src=\"https:\/\/www.fjeldskaar.com\/wp-content\/uploads\/2021\/05\/arnfinnR-251x300.jpg\" alt=\"\" width=\"251\" height=\"300\" srcset=\"https:\/\/www.fjeldskaar.com\/wp-content\/uploads\/2021\/05\/arnfinnR-251x300.jpg 251w, https:\/\/www.fjeldskaar.com\/wp-content\/uploads\/2021\/05\/arnfinnR.jpg 609w\" sizes=\"auto, (max-width: 251px) 100vw, 251px\" \/><\/a><\/p>\n<p style=\"text-align: center;\">Arnfinn 4 \u00e5r; foto tatt i 1921 (trykk for \u00e5 se st\u00f8rre bilde)<\/p>\n<p><!--more--><\/p>\n<p style=\"text-align: center;\"><img loading=\"lazy\" decoding=\"async\" src=\"https:\/\/ww2.fjeldskaar.com\/wp-content\/uploads\/2015\/05\/Einar_Arnfinnb.jpg\" alt=\"Einar_Arnfinnb\" width=\"250\" height=\"504\" \/>\u00a0\u00a0<a href=\"https:\/\/ww2.fjeldskaar.com\/wp-content\/uploads\/2015\/05\/1afjeld3.jpg\"><img loading=\"lazy\" decoding=\"async\" src=\"https:\/\/ww2.fjeldskaar.com\/wp-content\/uploads\/2015\/05\/1afjeld3.jpg\" alt=\"\" width=\"493\" height=\"304\" \/><\/a><\/p>\n<p style=\"text-align: center;\"><em>Arnfinn og bror Einar med moren Amalie; trykk p\u00e5 bildet for \u00e5 se stor st\u00f8rrelse.<\/em><\/p>\n<p style=\"text-align: center;\"><a href=\"https:\/\/ww2.fjeldskaar.com\/wp-content\/uploads\/2015\/05\/arnfinn.png\"><img loading=\"lazy\" decoding=\"async\" src=\"https:\/\/ww2.fjeldskaar.com\/wp-content\/uploads\/2015\/05\/arnfinn.png\" alt=\"arnfinn\" width=\"473\" height=\"434\" \/><\/a>\u00a0\u00a0<a href=\"https:\/\/ww2.fjeldskaar.com\/wp-content\/uploads\/2015\/05\/jonasLie3.png\"><img loading=\"lazy\" decoding=\"async\" src=\"https:\/\/ww2.fjeldskaar.com\/wp-content\/uploads\/2015\/05\/jonasLie3.png\" alt=\"jonaslie3\" width=\"352\" height=\"255\" \/><\/a><br \/>\nSkj\u00f8te p\u00e5 &laquo;Birkelund&raquo; (Jonas Lies vei 3) fra Amalie til s\u00f8nnen Arnfinn i 1948.<\/p>\n<p style=\"text-align: center;\"><img loading=\"lazy\" decoding=\"async\" src=\"https:\/\/ww2.fjeldskaar.com\/wp-content\/uploads\/2015\/05\/File0026bb.jpg\" alt=\"File0026bb\" width=\"500\" height=\"506\" \/><\/p>\n<p style=\"text-align: center;\"><img loading=\"lazy\" decoding=\"async\" src=\"https:\/\/ww2.fjeldskaar.com\/wp-content\/uploads\/2015\/05\/File0027b.jpg\" alt=\"File0027b\" width=\"450\" height=\"307\" \/><br \/>\nAmalie, Arnfinn, Clarence, Einar og William<\/p>\n<p style=\"text-align: center;\"><a href=\"https:\/\/ww2.fjeldskaar.com\/wp-content\/uploads\/2015\/05\/File0105B.jpg\"><img loading=\"lazy\" decoding=\"async\" src=\"https:\/\/ww2.fjeldskaar.com\/wp-content\/uploads\/2015\/05\/File0105B.jpg\" alt=\"\" width=\"403\" height=\"260\" \/><\/a><\/p>\n<p style=\"text-align: center;\"><em>Gladys og Arne p\u00e5 bes\u00f8k hos Arnfinn p\u00e5 60-tallet.\u00a0<\/em><\/p>\n<p style=\"text-align: center;\"><img loading=\"lazy\" decoding=\"async\" src=\"https:\/\/ww2.fjeldskaar.com\/wp-content\/uploads\/2015\/05\/Gladys_Arnfinn2.jpg\" alt=\"Gladys_Arnfinn2\" width=\"675\" height=\"394\" \/><br \/>\nGladys og Arnfinn<\/p>\n<p style=\"text-align: center;\"><a href=\"https:\/\/ww2.fjeldskaar.com\/wp-content\/uploads\/2018\/07\/ArnfinnF_Z-314.jpg\"><img loading=\"lazy\" decoding=\"async\" src=\"https:\/\/ww2.fjeldskaar.com\/wp-content\/uploads\/2018\/07\/ArnfinnF_Z-314.jpg\" alt=\"\" width=\"600\" height=\"337\" \/><\/a><\/p>\n<p style=\"text-align: center;\">17.mai-feiring i Nansetveien 66<\/p>\n<p style=\"text-align: center;\"><img loading=\"lazy\" decoding=\"async\" src=\"https:\/\/ww2.fjeldskaar.com\/wp-content\/uploads\/2015\/05\/amalie_Arnfinn.jpg\" alt=\"\" width=\"666\" height=\"428\" \/><br \/>\nAmalie, Arnfinn og Willy<\/p>\n<p style=\"text-align: center;\"><a href=\"https:\/\/ww2.fjeldskaar.com\/wp-content\/uploads\/2015\/05\/IMG_0043.jpg\"><img loading=\"lazy\" decoding=\"async\" src=\"https:\/\/ww2.fjeldskaar.com\/wp-content\/uploads\/2015\/05\/IMG_0043.jpg\" alt=\"\" width=\"537\" height=\"533\" \/><\/a><br \/>\nArnfinn og Eva Marie Johnson gifter seg<\/p>\n<p style=\"text-align: center;\"><img loading=\"lazy\" decoding=\"async\" src=\"https:\/\/ww2.fjeldskaar.com\/wp-content\/uploads\/2015\/05\/arnfinn.jpg\" alt=\"arnfinn\" width=\"200\" height=\"287\" \/><br \/>\nArnfinn gravlegges 18.mai 1977.<\/p>\n<p><!--more--><\/p>\n<p><span style=\"color: #f7efd0;\">.<\/span><\/p>\n<p style=\"text-align: center;\">&#8211; # &#8211;<\/p>\n<p><!--more--><\/p>\n<p><span style=\"color: #f7efd0;\">.<\/span><\/p>\n<p>&nbsp;<\/p>\n<h1 style=\"text-align: center;\"><span style=\"color: #806239; font-family: 'Great Vibes'; font-size: 30pt;\">Eva Marie Johnson<\/span><\/h1>\n<p>&nbsp;<\/p>\n<p>Arnfinn giftet seg med Eva Marie Johnson i 1967. Eva Maries foreldre var Eva f. Andersen og Nils William Johnson.<\/p>\n<p><span style=\"color: #f7efd0;\">.<\/span><\/p>\n<p><a href=\"https:\/\/www.fjeldskaar.com\/wp-content\/uploads\/2021\/05\/arnf_evaM.png\"><img loading=\"lazy\" decoding=\"async\" class=\"aligncenter wp-image-8589\" src=\"https:\/\/www.fjeldskaar.com\/wp-content\/uploads\/2021\/05\/arnf_evaM-300x230.png\" alt=\"\" width=\"600\" height=\"460\" srcset=\"https:\/\/www.fjeldskaar.com\/wp-content\/uploads\/2021\/05\/arnf_evaM-300x230.png 300w, https:\/\/www.fjeldskaar.com\/wp-content\/uploads\/2021\/05\/arnf_evaM-1024x785.png 1024w, https:\/\/www.fjeldskaar.com\/wp-content\/uploads\/2021\/05\/arnf_evaM-768x589.png 768w, https:\/\/www.fjeldskaar.com\/wp-content\/uploads\/2021\/05\/arnf_evaM-1536x1177.png 1536w, https:\/\/www.fjeldskaar.com\/wp-content\/uploads\/2021\/05\/arnf_evaM-2048x1569.png 2048w\" sizes=\"auto, (max-width: 600px) 100vw, 600px\" \/><\/a><\/p>\n<p>&nbsp;<\/p>\n<p><!--more--><\/p>\n<p><span style=\"color: #f7efd0;\">.<\/span><\/p>\n<p><span style=\"color: #f7efd0;\">.<\/span><\/p>\n<p><span style=\"font-size: 24pt; color: #806239; font-family: 'Great Vibes';\"><strong>Eva Johnson, f. Andersen<\/strong><\/span><\/p>\n<p>f\u00f8dt 01.05.1919 i Larvik; d\u00f8de 08.01.1990 i Larvik.<\/p>\n<p><a href=\"https:\/\/www.fjeldskaar.com\/wp-content\/uploads\/2021\/05\/eva.png\"><img loading=\"lazy\" decoding=\"async\" class=\"aligncenter wp-image-8576\" src=\"https:\/\/www.fjeldskaar.com\/wp-content\/uploads\/2021\/05\/eva-239x300.png\" alt=\"\" width=\"400\" height=\"502\" srcset=\"https:\/\/www.fjeldskaar.com\/wp-content\/uploads\/2021\/05\/eva-239x300.png 239w, https:\/\/www.fjeldskaar.com\/wp-content\/uploads\/2021\/05\/eva-816x1024.png 816w, https:\/\/www.fjeldskaar.com\/wp-content\/uploads\/2021\/05\/eva-768x963.png 768w, https:\/\/www.fjeldskaar.com\/wp-content\/uploads\/2021\/05\/eva-1224x1536.png 1224w, https:\/\/www.fjeldskaar.com\/wp-content\/uploads\/2021\/05\/eva-1633x2048.png 1633w\" sizes=\"auto, (max-width: 400px) 100vw, 400px\" \/><\/a><\/p>\n<p style=\"text-align: center;\">Eva Johnson (f. Andersen)<\/p>\n<p><img loading=\"lazy\" decoding=\"async\" class=\"size-medium wp-image-8577 aligncenter\" src=\"https:\/\/www.fjeldskaar.com\/wp-content\/uploads\/2021\/05\/Remini20210516090609304-282x300.jpg\" alt=\"\" width=\"282\" height=\"300\" srcset=\"https:\/\/www.fjeldskaar.com\/wp-content\/uploads\/2021\/05\/Remini20210516090609304-282x300.jpg 282w, https:\/\/www.fjeldskaar.com\/wp-content\/uploads\/2021\/05\/Remini20210516090609304-964x1024.jpg 964w, https:\/\/www.fjeldskaar.com\/wp-content\/uploads\/2021\/05\/Remini20210516090609304-768x816.jpg 768w, https:\/\/www.fjeldskaar.com\/wp-content\/uploads\/2021\/05\/Remini20210516090609304.jpg 1154w\" sizes=\"auto, (max-width: 282px) 100vw, 282px\" \/><\/p>\n<p style=\"text-align: center;\">Konfirmasjonsbilde av Eva Andersen<\/p>\n<p><!--more--><\/p>\n<p><span style=\"color: #f7efd0;\">.<\/span><\/p>\n<p><span style=\"font-size: 24pt; color: #806239; font-family: 'Great Vibes';\"><strong>Nils William Johnson<\/strong><\/span><\/p>\n<p>f\u00f8dt 19.07.1915 i Hakadal, Akershus; d\u00f8de 28.12.1998 i Brunlanes.<\/p>\n<p style=\"text-align: center;\"><a href=\"https:\/\/www.fjeldskaar.com\/wp-content\/uploads\/2021\/05\/NilsWilliam.jpg\"><img loading=\"lazy\" decoding=\"async\" class=\"alignnone wp-image-8581\" src=\"https:\/\/www.fjeldskaar.com\/wp-content\/uploads\/2021\/05\/NilsWilliam-271x300.jpg\" alt=\"\" width=\"371\" height=\"411\" srcset=\"https:\/\/www.fjeldskaar.com\/wp-content\/uploads\/2021\/05\/NilsWilliam-271x300.jpg 271w, https:\/\/www.fjeldskaar.com\/wp-content\/uploads\/2021\/05\/NilsWilliam.jpg 466w\" sizes=\"auto, (max-width: 371px) 100vw, 371px\" \/><\/a><\/p>\n<p><!--more--><\/p>\n<p><span style=\"color: #f7efd0;\">.<\/span><\/p>\n<p><span style=\"color: #f7efd0;\">.<\/span><\/p>\n<h2><span style=\"color: #806239; font-size: 24pt; font-family: 'Great Vibes';\"><strong>Eva Andersens foreldre<\/strong><\/span><\/h2>\n<p><span style=\"font-size: 14pt; color: #806239;\"><strong>Anders Bernhard Andersen<\/strong><\/span>, f\u00f8dt 20.09.1871 i Brunlanes; d\u00f8de 03.021936 i Larvik.<\/p>\n<p><a href=\"https:\/\/www.fjeldskaar.com\/wp-content\/uploads\/2021\/05\/Remini20210516091743960.jpg\"><img loading=\"lazy\" decoding=\"async\" class=\"aligncenter wp-image-8570\" src=\"https:\/\/www.fjeldskaar.com\/wp-content\/uploads\/2021\/05\/Remini20210516091743960-240x300.jpg\" alt=\"\" width=\"300\" height=\"374\" srcset=\"https:\/\/www.fjeldskaar.com\/wp-content\/uploads\/2021\/05\/Remini20210516091743960-240x300.jpg 240w, https:\/\/www.fjeldskaar.com\/wp-content\/uploads\/2021\/05\/Remini20210516091743960-821x1024.jpg 821w, https:\/\/www.fjeldskaar.com\/wp-content\/uploads\/2021\/05\/Remini20210516091743960-768x958.jpg 768w, https:\/\/www.fjeldskaar.com\/wp-content\/uploads\/2021\/05\/Remini20210516091743960-1231x1536.jpg 1231w, https:\/\/www.fjeldskaar.com\/wp-content\/uploads\/2021\/05\/Remini20210516091743960-1641x2048.jpg 1641w, https:\/\/www.fjeldskaar.com\/wp-content\/uploads\/2021\/05\/Remini20210516091743960.jpg 1816w\" sizes=\"auto, (max-width: 300px) 100vw, 300px\" \/><\/a><\/p>\n<p style=\"text-align: center;\">Anders B. Andersen. Bilde fra Nils Wilhelm Johnson (Johnson web-site MyHeritage). Trykk for \u00e5 se st\u00f8rre bilde<\/p>\n<p><span style=\"color: #f7efd0;\">.<\/span><\/p>\n<p><span style=\"font-size: 14pt; color: #806239;\"><strong>Josefine Andersen<\/strong><\/span>, f\u00f8dt 12.10.1890 i Aske, Brunlanes; d\u00f8de 02.07.1938 i Larvik.<\/p>\n<p><a href=\"https:\/\/www.fjeldskaar.com\/wp-content\/uploads\/2021\/05\/Remini20210516091549996-scaled.jpg\"><img loading=\"lazy\" decoding=\"async\" class=\"aligncenter wp-image-8571\" src=\"https:\/\/www.fjeldskaar.com\/wp-content\/uploads\/2021\/05\/Remini20210516091549996-209x300.jpg\" alt=\"\" width=\"260\" height=\"372\" srcset=\"https:\/\/www.fjeldskaar.com\/wp-content\/uploads\/2021\/05\/Remini20210516091549996-209x300.jpg 209w, https:\/\/www.fjeldskaar.com\/wp-content\/uploads\/2021\/05\/Remini20210516091549996-715x1024.jpg 715w, https:\/\/www.fjeldskaar.com\/wp-content\/uploads\/2021\/05\/Remini20210516091549996-768x1100.jpg 768w, https:\/\/www.fjeldskaar.com\/wp-content\/uploads\/2021\/05\/Remini20210516091549996-1073x1536.jpg 1073w, https:\/\/www.fjeldskaar.com\/wp-content\/uploads\/2021\/05\/Remini20210516091549996-1430x2048.jpg 1430w, https:\/\/www.fjeldskaar.com\/wp-content\/uploads\/2021\/05\/Remini20210516091549996-scaled.jpg 1788w\" sizes=\"auto, (max-width: 260px) 100vw, 260px\" \/><\/a><\/p>\n<p style=\"text-align: center;\">Josefine Andersen. Bilde fra Nils Wilhelm Johnson (Johnson web-site MyHeritage). Trykk for \u00e5 se st\u00f8rre bilde<\/p>\n<p><span style=\"color: #f7efd0;\">.<\/span><\/p>\n<p><span style=\"color: #f7efd0;\">.<\/span><\/p>\n<p><span style=\"font-size: 24pt; font-family: 'Great Vibes'; color: #806239;\"><strong>Nils William Johnsons foreldre<\/strong><\/span><\/p>\n<p><span style=\"font-size: 14pt; color: #806239;\"><strong>Karl G\u00f6sta Johnson<\/strong><\/span>, f\u00f8dt 18.06.1883 i Gryt, Kristianstad (Sverige); d\u00f8de 04.07.1964 i T\u00f8nsberg.<\/p>\n<p><a href=\"https:\/\/www.fjeldskaar.com\/wp-content\/uploads\/2021\/05\/Remini20210516095718067.jpg\"><img loading=\"lazy\" decoding=\"async\" class=\"aligncenter wp-image-8572\" src=\"https:\/\/www.fjeldskaar.com\/wp-content\/uploads\/2021\/05\/Remini20210516095718067-289x300.jpg\" alt=\"\" width=\"320\" height=\"332\" srcset=\"https:\/\/www.fjeldskaar.com\/wp-content\/uploads\/2021\/05\/Remini20210516095718067-289x300.jpg 289w, https:\/\/www.fjeldskaar.com\/wp-content\/uploads\/2021\/05\/Remini20210516095718067-987x1024.jpg 987w, https:\/\/www.fjeldskaar.com\/wp-content\/uploads\/2021\/05\/Remini20210516095718067-768x797.jpg 768w, https:\/\/www.fjeldskaar.com\/wp-content\/uploads\/2021\/05\/Remini20210516095718067-1480x1536.jpg 1480w, https:\/\/www.fjeldskaar.com\/wp-content\/uploads\/2021\/05\/Remini20210516095718067-1974x2048.jpg 1974w\" sizes=\"auto, (max-width: 320px) 100vw, 320px\" \/><\/a><\/p>\n<p style=\"text-align: center;\">Karl G. Johnson. Bilde fra Nils Wilhelm Johnson (Johnson web-site MyHeritage).Trykk for \u00e5 se st\u00f8rre bilde<\/p>\n<p><span style=\"color: #f7efd0;\">.<\/span><\/p>\n<p>&nbsp;<\/p>\n<p><span style=\"font-size: 14pt; color: #806239;\"><strong>Todne Mortensdatter<\/strong><\/span> f\u00f8dt 23.06. 1882 i F\u00f8rekleiv, Bjelland, Vest- Agder d\u00f8de 07.05.1974 i Brunlanes.<\/p>\n<p style=\"text-align: center;\"><a href=\"https:\/\/www.fjeldskaar.com\/wp-content\/uploads\/2021\/05\/Remini20210516090502683.jpg\"><img loading=\"lazy\" decoding=\"async\" class=\"alignnone wp-image-8573\" src=\"https:\/\/www.fjeldskaar.com\/wp-content\/uploads\/2021\/05\/Remini20210516090502683-250x300.jpg\" alt=\"\" width=\"280\" height=\"336\" srcset=\"https:\/\/www.fjeldskaar.com\/wp-content\/uploads\/2021\/05\/Remini20210516090502683-250x300.jpg 250w, https:\/\/www.fjeldskaar.com\/wp-content\/uploads\/2021\/05\/Remini20210516090502683-854x1024.jpg 854w, https:\/\/www.fjeldskaar.com\/wp-content\/uploads\/2021\/05\/Remini20210516090502683-768x920.jpg 768w, https:\/\/www.fjeldskaar.com\/wp-content\/uploads\/2021\/05\/Remini20210516090502683-1282x1536.jpg 1282w, https:\/\/www.fjeldskaar.com\/wp-content\/uploads\/2021\/05\/Remini20210516090502683-1709x2048.jpg 1709w, https:\/\/www.fjeldskaar.com\/wp-content\/uploads\/2021\/05\/Remini20210516090502683.jpg 1934w\" sizes=\"auto, (max-width: 280px) 100vw, 280px\" \/><\/a><\/p>\n<p style=\"text-align: center;\">Todne Mortensdatter. Bilde fra Nils Wilhelm Johnson (Johnson web-site MyHeritage). Trykk for \u00e5 se st\u00f8rre bilde<\/p>\n<div class=\"pdfprnt-buttons pdfprnt-buttons-page pdfprnt-bottom-right\"><a href=\"http:\/\/www.fjeldskaar.com\/nb_no\/wp-json\/wp\/v2\/pages\/406?print=print\" class=\"pdfprnt-button pdfprnt-button-print\" target=\"_blank\"><img decoding=\"async\" src=\"https:\/\/www.fjeldskaar.com\/wp-content\/plugins\/pdf-print\/images\/print.png\" alt=\"image_print\" title=\"Print Content\" \/><span class=\"pdfprnt-button-title pdfprnt-button-print-title\">print<\/span><\/a><\/div>","protected":false},"excerpt":{"rendered":"<p>Arnfinn Karl Fjeldsk\u00e5r 13.06.1917-09.05.1977 . . . Arnfinn begynte p\u00e5 Mandal folkeskole i 1924; deretter p\u00e5 Oddernes skole fra h\u00f8sten 1928. Arnfinn 4 \u00e5r; foto tatt i 1921 (trykk for \u00e5 se st\u00f8rre bilde) print<\/p>\n","protected":false},"author":1,"featured_media":0,"parent":166,"menu_order":14,"comment_status":"closed","ping_status":"closed","template":"no_sidebar.php","meta":{"footnotes":""},"class_list":["post-406","page","type-page","status-publish","hentry"],"_links":{"self":[{"href":"http:\/\/www.fjeldskaar.com\/nb_no\/wp-json\/wp\/v2\/pages\/406","targetHints":{"allow":["GET"]}}],"collection":[{"href":"http:\/\/www.fjeldskaar.com\/nb_no\/wp-json\/wp\/v2\/pages"}],"about":[{"href":"http:\/\/www.fjeldskaar.com\/nb_no\/wp-json\/wp\/v2\/types\/page"}],"author":[{"embeddable":true,"href":"http:\/\/www.fjeldskaar.com\/nb_no\/wp-json\/wp\/v2\/users\/1"}],"replies":[{"embeddable":true,"href":"http:\/\/www.fjeldskaar.com\/nb_no\/wp-json\/wp\/v2\/comments?post=406"}],"version-history":[{"count":20,"href":"http:\/\/www.fjeldskaar.com\/nb_no\/wp-json\/wp\/v2\/pages\/406\/revisions"}],"predecessor-version":[{"id":8592,"href":"http:\/\/www.fjeldskaar.com\/nb_no\/wp-json\/wp\/v2\/pages\/406\/revisions\/8592"}],"up":[{"embeddable":true,"href":"http:\/\/www.fjeldskaar.com\/nb_no\/wp-json\/wp\/v2\/pages\/166"}],"wp:attachment":[{"href":"http:\/\/www.fjeldskaar.com\/nb_no\/wp-json\/wp\/v2\/media?parent=406"}],"curies":[{"name":"wp","href":"https:\/\/api.w.org\/{rel}","templated":true}]}}